{"id":1056,"date":"2015-09-25T10:26:41","date_gmt":"2015-09-25T08:26:41","guid":{"rendered":"http:\/\/wp.informationskompetenz.de\/?page_id=1056"},"modified":"2015-09-25T10:26:41","modified_gmt":"2015-09-25T08:26:41","slug":"checkliste-fuer-ihren-bibliotheksbesuch","status":"publish","type":"page","link":"https:\/\/www.informationskompetenz.de\/index.php\/regionen\/baden-wuerttemberg\/angebote-fuer-die-gymnasiale-oberstufe-in-baden-wuerttemberg\/checkliste-fuer-ihren-bibliotheksbesuch\/","title":{"rendered":"Checkliste f\u00fcr Ihren Bibliotheksbesuch"},"content":{"rendered":"<p class=\"bodytext\"><em>Rechtzeitig planen: <\/em><\/p>\n<ul>\n<li>Nehmen Sie rechtzeitig Kontakt mit Ihrer Bibliothek auf. Beachten Sie dabei, dass Universit\u00e4tsbibliotheken h\u00e4ufig in den ersten Semesterwochen keine Veranstaltungen f\u00fcr Sch\u00fcler durchf\u00fchren k\u00f6nnen.<\/li>\n<li>Informieren Sie Ihre lokalen Ansprechpartner \u00fcber Besonderheiten oder spezielle W\u00fcnsche, z. B. eine besonders gro\u00dfe Gruppe, ein spezieller thematischer Schwerpunkt etc.<\/li>\n<\/ul>\n<p class=\"bodytext\"><em>Inhaltlich vorbereiten: <\/em><\/p>\n<ul>\n<li>Bei Ihrem Besuch vor Ort sollten die Sch\u00fcler bereits grundlegende Kenntnisse \u00fcber die Funktion und Organisation einer wissenschaftlichen Bibliothek mitbringen. Nutzen Sie zur Vorbereitung die Homepage der Bibliothek und fragen Sie Ihre lokalen Ansprechpartner nach weiteren geeigneten Materialien.<\/li>\n<\/ul>\n<p class=\"bodytext\"><em>Organisatorisch vorbereiten: <\/em><\/p>\n<ul>\n<li>Soll beim Bibliotheksbesuch ein Benutzerausweis f\u00fcr die Sch\u00fcler erstellt werden? Erkundigen Sie sich bei Ihrem lokalen Ansprechpartner \u00fcber formale Voraussetzungen (z. B. Einwilligungserkl\u00e4rung der Eltern) und evtl. Benutzungsgeb\u00fchren.<\/li>\n<\/ul>\n","protected":false},"excerpt":{"rendered":"<p>Rechtzeitig planen: Nehmen Sie rechtzeitig Kontakt mit Ihrer Bibliothek auf. Beachten Sie dabei, dass Universit\u00e4tsbibliotheken h\u00e4ufig in den ersten Semesterwochen keine Veranstaltungen f\u00fcr Sch\u00fcler durchf\u00fchren k\u00f6nnen. Informieren Sie Ihre lokalen [&hellip;]<\/p>\n","protected":false},"author":9,"featured_media":0,"parent":447,"menu_order":2,"comment_status":"closed","ping_status":"closed","template":"","meta":{"footnotes":""},"class_list":["post-1056","page","type-page","status-publish","hentry"],"_links":{"self":[{"href":"https:\/\/www.informationskompetenz.de\/index.php\/wp-json\/wp\/v2\/pages\/1056","targetHints":{"allow":["GET"]}}],"collection":[{"href":"https:\/\/www.informationskompetenz.de\/index.php\/wp-json\/wp\/v2\/pages"}],"about":[{"href":"https:\/\/www.informationskompetenz.de\/index.php\/wp-json\/wp\/v2\/types\/page"}],"author":[{"embeddable":true,"href":"https:\/\/www.informationskompetenz.de\/index.php\/wp-json\/wp\/v2\/users\/9"}],"replies":[{"embeddable":true,"href":"https:\/\/www.informationskompetenz.de\/index.php\/wp-json\/wp\/v2\/comments?post=1056"}],"version-history":[{"count":1,"href":"https:\/\/www.informationskompetenz.de\/index.php\/wp-json\/wp\/v2\/pages\/1056\/revisions"}],"predecessor-version":[{"id":1057,"href":"https:\/\/www.informationskompetenz.de\/index.php\/wp-json\/wp\/v2\/pages\/1056\/revisions\/1057"}],"up":[{"embeddable":true,"href":"https:\/\/www.informationskompetenz.de\/index.php\/wp-json\/wp\/v2\/pages\/447"}],"wp:attachment":[{"href":"https:\/\/www.informationskompetenz.de\/index.php\/wp-json\/wp\/v2\/media?parent=1056"}],"curies":[{"name":"wp","href":"https:\/\/api.w.org\/{rel}","templated":true}]}}