{"id":1176,"date":"2015-09-29T18:20:12","date_gmt":"2015-09-29T16:20:12","guid":{"rendered":"http:\/\/wp.informationskompetenz.de\/?page_id=1176"},"modified":"2019-12-06T11:55:03","modified_gmt":"2019-12-06T10:55:03","slug":"arbeitsschwerpunkte","status":"publish","type":"page","link":"https:\/\/www.informationskompetenz.de\/index.php\/regionen\/bayern\/arbeitsschwerpunkte\/","title":{"rendered":"Arbeitsschwerpunkte"},"content":{"rendered":"<p>In der Amtsperiode 2017-2019 setzt die AGIK BAY folgende Arbeitsschwerpunkte:<\/p>\n<ul>\n<li>E-Learning: F\u00fcr den Bereich &#8222;IK f\u00fcr Schulen&#8220; soll ein E-Learning-Angebot als bayernweiter Service umgesetzt werden -&gt; Fertigstellung des im Rahmen eines praxisorientierten Teamprojekts entstandenen Tutorials ist f\u00fcr zweites Quartal 2020 geplant: <a href=\"https:\/\/fhoed.iliasnet.de\/goto.php?target=cat_1030374&amp;client_id=FHOED\" rel=\"noopener noreferrer\">S.P.U.T.N.I.K<\/a><\/li>\n<li>Didaktische Methoden f\u00fcr gro\u00dfe Gruppen: Geeignete didaktische Konzepte und Tools sollen in eine Handreichung f\u00fcr die IK-Vermittlung bei Gro\u00dfgruppen einflie\u00dfen -&gt; umgesetzt im Rahmen eines praxisorientierten Teamprojekts als <a href=\"https:\/\/ikgrossegruppen.miraheze.org\/wiki\/Hauptseite\">Wiki<\/a><\/li>\n<li>Framework Information Literacy: Eine Best-Practice-Sammlung mit f\u00fcr deutsche Rahmenbedingungen geeigneten Beispielen soll angelegt werden. Gleichzeitig soll ein intensiver Austausch mit US-amerikanischen KollegInnen stattfinden -&gt; die gemeinsame Kommission Informationskompetenz von dbv und VBD plant 2020 ein o-bib-Sonderheft zum Thema<\/li>\n<li>Pr\u00e4vention: F\u00fcr BibliothekarInnen, deren Hauptaufgabengebiet im Bereich IK liegt, soll eine Fortbildungsveranstaltung mit folgendem Titel geplant werden: &#8222;IK-Veranstaltung &amp; t\u00e4glich gr\u00fc\u00dft das Murmeltier &#8211; langfristig motiviert &amp; gesund IK-Veranstaltungen halten&#8220; -&gt; realisiert einerseits in Kooperation mit der Bibliotheksakademie Bayern als Fortbildung zur Stimmbildung sowie als IK-Quiz f\u00fcr Studierende &#8222;<a href=\"https:\/\/www.proprofs.com\/quiz-school\/story.php?title=wie-hoch-ist-dein-ik\">Wie hoch ist Dein IK<\/a>&#8222;, um die Studierenden gezielt auf Schulungsveranstaltungen aufmerksam zu machen<\/li>\n<li>Bibliothek und Schule: Ausbau des Austausches mit dem ISB und den Lehrkr\u00e4ften.<\/li>\n<li>\u00d6ffentlichkeitsarbeit\/Marketing: u.a. soll eine Sammlung von Best-Practice-Beispielen angelegt werden.<\/li>\n<li>Evaluation von IK-Veranstaltungen: Eine Handreichung\u00a0 u.a. mit einem Musterevaluierungsbogen soll erstellt werden.<\/li>\n<li>Urheberrechtskompetenz: u.a. soll die europ\u00e4ische Studie &#8222;Urheberrechtskompetenz f\u00fcr Bibliothekare&#8220; um die deutsche Perspektive erg\u00e4nzt werden.<\/li>\n<\/ul>\n","protected":false},"excerpt":{"rendered":"<p>In der Amtsperiode 2017-2019 setzt die AGIK BAY folgende Arbeitsschwerpunkte: E-Learning: F\u00fcr den Bereich &#8222;IK f\u00fcr Schulen&#8220; soll ein E-Learning-Angebot als bayernweiter Service umgesetzt werden -&gt; Fertigstellung des im Rahmen [&hellip;]<\/p>\n","protected":false},"author":15,"featured_media":0,"parent":239,"menu_order":30,"comment_status":"closed","ping_status":"closed","template":"","meta":{"footnotes":""},"class_list":["post-1176","page","type-page","status-publish","hentry"],"_links":{"self":[{"href":"https:\/\/www.informationskompetenz.de\/index.php\/wp-json\/wp\/v2\/pages\/1176","targetHints":{"allow":["GET"]}}],"collection":[{"href":"https:\/\/www.informationskompetenz.de\/index.php\/wp-json\/wp\/v2\/pages"}],"about":[{"href":"https:\/\/www.informationskompetenz.de\/index.php\/wp-json\/wp\/v2\/types\/page"}],"author":[{"embeddable":true,"href":"https:\/\/www.informationskompetenz.de\/index.php\/wp-json\/wp\/v2\/users\/15"}],"replies":[{"embeddable":true,"href":"https:\/\/www.informationskompetenz.de\/index.php\/wp-json\/wp\/v2\/comments?post=1176"}],"version-history":[{"count":17,"href":"https:\/\/www.informationskompetenz.de\/index.php\/wp-json\/wp\/v2\/pages\/1176\/revisions"}],"predecessor-version":[{"id":4490,"href":"https:\/\/www.informationskompetenz.de\/index.php\/wp-json\/wp\/v2\/pages\/1176\/revisions\/4490"}],"up":[{"embeddable":true,"href":"https:\/\/www.informationskompetenz.de\/index.php\/wp-json\/wp\/v2\/pages\/239"}],"wp:attachment":[{"href":"https:\/\/www.informationskompetenz.de\/index.php\/wp-json\/wp\/v2\/media?parent=1176"}],"curies":[{"name":"wp","href":"https:\/\/api.w.org\/{rel}","templated":true}]}}