{"id":1204,"date":"2015-09-29T18:53:04","date_gmt":"2015-09-29T16:53:04","guid":{"rendered":"http:\/\/wp.informationskompetenz.de\/?page_id=1204"},"modified":"2016-02-18T11:33:11","modified_gmt":"2016-02-18T10:33:11","slug":"information-literacy-assessment-in-der-praxis-ii-2011","status":"publish","type":"page","link":"https:\/\/www.informationskompetenz.de\/index.php\/regionen\/bayern\/veranstaltungen\/information-literacy-assessment-in-der-praxis-ii-2011\/","title":{"rendered":"Forum Information Literacy Assessment in der Praxis II \/ 2011"},"content":{"rendered":"<p>Am 24. M\u00e4rz 2011 lud die AGIK des BVB und der VDB-Landesverband Bayern zur Nachfolge-Veranstaltung zum Thema Literacy Assessment in die Universit\u00e4tsbibliothek W\u00fcrzburg ein. Die Veranstaltung <strong>&#8222;K\u00f6nnen wir Informationskompetenz? Information Literacy Assessment in der Praxis II&#8220;<\/strong> wurde nach den interessanten Vortr\u00e4gen durch kurze Workshops f\u00fcr den Erfahrungsaustausch erg\u00e4nzt.<\/p>\n<p>[<a href=\"http:\/\/www.informationskompetenz.de\/wp-content\/uploads\/2015\/09\/ILA_Workshop_24_3_11.pdf\">Information und Programm<\/a>]<\/p>\n<p>Dankenswerterweise haben die Referenten ihre Pr\u00e4sentationen zur Verf\u00fcgung gestellt:<\/p>\n<p><strong><a href=\"http:\/\/www.informationskompetenz.de\/wp-content\/uploads\/2015\/09\/Hoernlein_ILA_Wuerzburg_24032011.pdf\">Elektronisch unterst\u00fctzte Pr\u00fcfungen an der Universit\u00e4t W\u00fcrzburg<\/a><\/strong><\/p>\n<p>Alexander H\u00f6rnlein \/ Marian Ifland (UB W\u00fcrzburg)<\/p>\n<p><strong><a href=\"http:\/\/www.informationskompetenz.de\/wp-content\/uploads\/2015\/09\/Ilg_ILA_Wuerzburg__24032011.pdf\">Zwischen Lernziel und Pr\u00fcfungszwang: Pr\u00fcfungs- und Evaluationsverfahren in den Informationskompetenz-Kursen der UB W\u00fcrzburg<\/a><\/strong><\/p>\n<p>Jens Ilg (UB W\u00fcrzburg)<\/p>\n<p><strong><a href=\"http:\/\/www.informationskompetenz.de\/wp-content\/uploads\/2015\/09\/Sauerwein_ILA_Wuerzburg_24032011.pdf\">Evaluation und Wirkungsmessung von Informationskompetenz am Beispiel von Studierenden der Universit\u00e4t Regensburg<\/a><\/strong><\/p>\n<p>Manuela Sauerwein (UB Regensburg)<\/p>\n<p><strong><a href=\"http:\/\/www.informationskompetenz.de\/wp-content\/uploads\/2015\/09\/Trevisiol_ILA_WUerzburg_24032011.pdf\">Einsatz von elektronischen Rechercheportfolios in Informationskompetenz-Kursen der UB Konstanz<\/a><\/strong><\/p>\n<p>Dr. Oliver Trevisiol (UB Konstanz)<\/p>\n<p><strong><a href=\"http:\/\/www.informationskompetenz.de\/wp-content\/uploads\/2015\/09\/Bartholom\u00e9_ILA_Wuerzburg_24032011.pdf\">Der Kunde ist K\u00f6nig &#8211; auch in der Pr\u00fcfung<\/a><\/strong><\/p>\n<p>Thomas Bartholom\u00e9 (HB Ingolstadt)<\/p>\n","protected":false},"excerpt":{"rendered":"<p>Am 24. M\u00e4rz 2011 lud die AGIK des BVB und der VDB-Landesverband Bayern zur Nachfolge-Veranstaltung zum Thema Literacy Assessment in die Universit\u00e4tsbibliothek W\u00fcrzburg ein. Die Veranstaltung &#8222;K\u00f6nnen wir Informationskompetenz? Information [&hellip;]<\/p>\n","protected":false},"author":15,"featured_media":0,"parent":1174,"menu_order":0,"comment_status":"closed","ping_status":"closed","template":"","meta":{"footnotes":""},"class_list":["post-1204","page","type-page","status-publish","hentry"],"_links":{"self":[{"href":"https:\/\/www.informationskompetenz.de\/index.php\/wp-json\/wp\/v2\/pages\/1204","targetHints":{"allow":["GET"]}}],"collection":[{"href":"https:\/\/www.informationskompetenz.de\/index.php\/wp-json\/wp\/v2\/pages"}],"about":[{"href":"https:\/\/www.informationskompetenz.de\/index.php\/wp-json\/wp\/v2\/types\/page"}],"author":[{"embeddable":true,"href":"https:\/\/www.informationskompetenz.de\/index.php\/wp-json\/wp\/v2\/users\/15"}],"replies":[{"embeddable":true,"href":"https:\/\/www.informationskompetenz.de\/index.php\/wp-json\/wp\/v2\/comments?post=1204"}],"version-history":[{"count":8,"href":"https:\/\/www.informationskompetenz.de\/index.php\/wp-json\/wp\/v2\/pages\/1204\/revisions"}],"predecessor-version":[{"id":2490,"href":"https:\/\/www.informationskompetenz.de\/index.php\/wp-json\/wp\/v2\/pages\/1204\/revisions\/2490"}],"up":[{"embeddable":true,"href":"https:\/\/www.informationskompetenz.de\/index.php\/wp-json\/wp\/v2\/pages\/1174"}],"wp:attachment":[{"href":"https:\/\/www.informationskompetenz.de\/index.php\/wp-json\/wp\/v2\/media?parent=1204"}],"curies":[{"name":"wp","href":"https:\/\/api.w.org\/{rel}","templated":true}]}}