{"id":1235,"date":"2015-09-29T19:28:16","date_gmt":"2015-09-29T17:28:16","guid":{"rendered":"http:\/\/wp.informationskompetenz.de\/?page_id=1235"},"modified":"2015-09-29T20:21:23","modified_gmt":"2015-09-29T18:21:23","slug":"workshop-standards-der-vermittlung-von-ik-fuer-schuelerinnen-und-schueler-in-wissenschaftlichen-bibliotheken-2011","status":"publish","type":"page","link":"https:\/\/www.informationskompetenz.de\/index.php\/regionen\/bayern\/veranstaltungen\/workshop-standards-der-vermittlung-von-ik-fuer-schuelerinnen-und-schueler-in-wissenschaftlichen-bibliotheken-2011\/","title":{"rendered":"Workshop Standards der Vermittlung von IK f\u00fcr Sch\u00fclerinnen und Sch\u00fcler in wissenschaftlichen Bibliotheken \/ 2011"},"content":{"rendered":"<p><strong>Workshop Standards der Vermittlung von Informationskompetenz f\u00fcr Sch\u00fclerinnen und Sch\u00fcler in wissenschaftlichen Bibliotheken<\/strong><\/p>\n<p>Im Zuge der Reform der gymnasialen Oberstufe in Bayern wurden Universit\u00e4ts- und Hochschulbibliotheken zu gefragten Ansprechpartnern von Schulen. Bibliotheken gelten als Lernorte zum Erwerb von Informationskompetenz, einer Schl\u00fcsselqualifikation f\u00fcr Studium und Beruf. Daher unterst\u00fctzen bayerische Hochschulbibliotheken und staatliche Bibliotheken Gymnasien, Fach- und Berufsoberschulen bei der Vermittlung von Informationskompetenz durch ein vielf\u00e4ltiges Angebot an Kursen und Schulungen.<\/p>\n<p>Die Arbeitsgruppe Informationskompetenz im Bibliotheksverbund Bayern hat nun Standards der Informationskompetenz f\u00fcr Sch\u00fclerinnen und Sch\u00fcler vorgelegt, die als Leitlinien f\u00fcr die Zusammenarbeit von Schulen und Bibliotheken dienen sollen. In einem Workshop mit Vertreterinnen und Vertretern aus dem Bibliotheks- und Schulbereich wurden diese Standards am 3. M\u00e4rz 2011 in der Universit\u00e4tsbibliothek Augsburg diskutiert und durch Praxisbeispiele aus der Sch\u00fcler- und Lehrerbildung einzelner Bibliotheken erg\u00e4nzt.<\/p>\n<p><a href=\"http:\/\/www.informationskompetenz.de\/wp-content\/uploads\/2015\/09\/TO-Workshop-Schulen.pdf\">Tagesordnung<\/a><\/p>\n<p><a href=\"http:\/\/www.informationskompetenz.de\/wp-content\/uploads\/2015\/09\/Standards_Sch\u00fcler_AGIK-neu.pdf\">Pr\u00e4sentation der Standards<\/a><\/p>\n<p>Standards der Informationskompetenz f\u00fcr Sch\u00fclerinnen und Sch\u00fcler. Vermittlung von Informationskompetenz in wissenschaftlichen Bibliotheken<\/p>\n<p>Pr\u00e4sentationen der Referentinnen und Referenten aus den einzelnen Bibliotheken:<\/p>\n<p><strong><a href=\"http:\/\/www.informationskompetenz.de\/wp-content\/uploads\/2015\/09\/Workshop_UBR.pdf\">Modularisierte Schulungsangebote f\u00fcr die gymnasiale Oberstufe an der UB Regensburg im Kontext des Regensburger Bibliotheksverbundes<\/a><\/strong><br \/>\nNicole Halles (UB Regensburg)<\/p>\n<p><strong><a href=\"http:\/\/www.informationskompetenz.de\/wp-content\/uploads\/2015\/09\/Workshop_HAW-Ansbach.pdf\">Individuelle Standardisierung: IK-Konzepte f\u00fcr Schulklassen an der Hochschulbibliothek Ansbach<\/a><\/strong><br \/>\nTeresa Ledermann (HB Ansbach)<\/p>\n<p><strong><a href=\"http:\/\/www.informationskompetenz.de\/wp-content\/uploads\/2015\/09\/Workshop_UBP.pdf\">Interaktive Einf\u00fchrungen f\u00fcr Sch\u00fcler. Das Konzept der UB Passau<\/a><\/strong><br \/>\nAngela G\u00fcntner (UB Passau)<\/p>\n<p><strong><a href=\"http:\/\/www.informationskompetenz.de\/wp-content\/uploads\/2015\/09\/Workshop_Hirschmann.pdf\">Konzept f\u00fcr P-Seminare und Literaturverwaltung f\u00fcr Sch\u00fcler. Erste Erfahrungen der UB Bamberg<\/a><\/strong><br \/>\nBarbara Hirschmann (UB Bamberg)<\/p>\n<p><strong><a href=\"http:\/\/www.informationskompetenz.de\/wp-content\/uploads\/2015\/09\/Workshop_UBA.pdf\">Halloween zwischen Brauchtum und Kommerz: \u00dcbung zur thematischen Recherche und zum Erstellen eines Refererats bzw. einer Hausarbeit &#8211; ein Praxisbeispiel aus der UB Augsburg<\/a><\/strong><br \/>\nBarbara Wolf-Dahm (UB Augsburg)<\/p>\n<p><strong><a href=\"http:\/\/www.informationskompetenz.de\/wp-content\/uploads\/2015\/09\/Workshop_TUM.pdf\">Informationskompetenz f\u00fcr Lehrerinnen und Lehrer. Lehrerworkshops an der Universit\u00e4tsbibliothek der Technischen Universit\u00e4t M\u00fcnchen<\/a><\/strong><br \/>\nGertrud Geisberg und Reinhard Niederer (UB der TUM)<\/p>\n<p>Aus dem Workshop ergab sich eine modifizierte Textfassung der Standards, die nun in Bayern Anwendung finden soll:<\/p>\n<p><strong><a href=\"http:\/\/www.informationskompetenz.de\/wp-content\/uploads\/2015\/09\/Standards_IK_Schulen_2.pdf\">Standards der Informationskompetenz f\u00fcr Sch\u00fclerinnen und Sch\u00fcler. Das Angebot der wissenschaftlichen Bibliotheken<\/a><\/strong><\/p>\n","protected":false},"excerpt":{"rendered":"<p>Workshop Standards der Vermittlung von Informationskompetenz f\u00fcr Sch\u00fclerinnen und Sch\u00fcler in wissenschaftlichen Bibliotheken Im Zuge der Reform der gymnasialen Oberstufe in Bayern wurden Universit\u00e4ts- und Hochschulbibliotheken zu gefragten Ansprechpartnern von [&hellip;]<\/p>\n","protected":false},"author":15,"featured_media":0,"parent":1174,"menu_order":0,"comment_status":"closed","ping_status":"closed","template":"","meta":{"footnotes":""},"class_list":["post-1235","page","type-page","status-publish","hentry"],"_links":{"self":[{"href":"https:\/\/www.informationskompetenz.de\/index.php\/wp-json\/wp\/v2\/pages\/1235","targetHints":{"allow":["GET"]}}],"collection":[{"href":"https:\/\/www.informationskompetenz.de\/index.php\/wp-json\/wp\/v2\/pages"}],"about":[{"href":"https:\/\/www.informationskompetenz.de\/index.php\/wp-json\/wp\/v2\/types\/page"}],"author":[{"embeddable":true,"href":"https:\/\/www.informationskompetenz.de\/index.php\/wp-json\/wp\/v2\/users\/15"}],"replies":[{"embeddable":true,"href":"https:\/\/www.informationskompetenz.de\/index.php\/wp-json\/wp\/v2\/comments?post=1235"}],"version-history":[{"count":3,"href":"https:\/\/www.informationskompetenz.de\/index.php\/wp-json\/wp\/v2\/pages\/1235\/revisions"}],"predecessor-version":[{"id":1300,"href":"https:\/\/www.informationskompetenz.de\/index.php\/wp-json\/wp\/v2\/pages\/1235\/revisions\/1300"}],"up":[{"embeddable":true,"href":"https:\/\/www.informationskompetenz.de\/index.php\/wp-json\/wp\/v2\/pages\/1174"}],"wp:attachment":[{"href":"https:\/\/www.informationskompetenz.de\/index.php\/wp-json\/wp\/v2\/media?parent=1235"}],"curies":[{"name":"wp","href":"https:\/\/api.w.org\/{rel}","templated":true}]}}