{"id":1346,"date":"2015-10-07T18:22:37","date_gmt":"2015-10-07T16:22:37","guid":{"rendered":"http:\/\/wp.informationskompetenz.de\/?page_id=1346"},"modified":"2015-10-07T18:36:20","modified_gmt":"2015-10-07T16:36:20","slug":"schulungsstatistik-2013-bw","status":"publish","type":"page","link":"https:\/\/www.informationskompetenz.de\/index.php\/regionen\/baden-wuerttemberg\/schulungsstatistik-bw\/schulungsstatistik-2013-bw\/","title":{"rendered":"Schulungsstatistik 2013 (BW)"},"content":{"rendered":"<p class=\"bodytext\">Im Jahr 2013 beteiligten sich in Baden-W\u00fcrttemberg 14 Bibliotheken an der gemeinsamen Schulungsstatistik:<\/p>\n<ul>\n<li>Badische\u00a0Landesbibliothek\u00a0Karlsruhe<\/li>\n<li>Bibliothek\u00a0der\u00a0Hochschule\u00a0Biberach<\/li>\n<li>Bibliothek\u00a0der\u00a0Hochschule\u00a0Konstanz\u00a0Technik,\u00a0Wirtschaft\u00a0und\u00a0Gestaltung<\/li>\n<li>KIT-Bibliothek\u00a0Karlsruhe<\/li>\n<li>kiz\u00a0Universit\u00e4t\u00a0Ulm<\/li>\n<li>Universit\u00e4tsbibliothek\u00a0Freiburg<\/li>\n<li>Universit\u00e4tsbibliothek\u00a0Heidelberg<\/li>\n<li>Universit\u00e4tsbibliothek\u00a0Hohenheim<\/li>\n<li>Universit\u00e4tsbibliothek\u00a0Konstanz<\/li>\n<li>Universit\u00e4tsbibliothek\u00a0Mannheim<\/li>\n<li>Universit\u00e4tsbibliothek\u00a0Stuttgart<\/li>\n<li>Universit\u00e4tsbibliothek\u00a0Tuebingen<\/li>\n<li>Brechtbau-Bibliothek der\u00a0Universit\u00e4t\u00a0T\u00fcbingen<\/li>\n<li>W\u00fcrttembergische\u00a0Landesbibliothek\u00a0Stuttgart<\/li>\n<\/ul>\n<p class=\"bodytext\">51999 Teilnehmer wurden in 3392 verschiedenen Veranstaltungen geschult.\u00a0 47% der Schulungen wandten sich an die Zielgruppe Studierende im Grundstudium oder in B.A.-Studieng\u00e4ngen, 22% der Kurse wandte sich an Studierende im Hauptstudium und in M.A.-Studieng\u00e4ngen. Der Anteil der Schulungen f\u00fcr Sch\u00fcler lag bei 23%.<\/p>\n<p class=\"bodytext\">Bez\u00fcglich der fachlichen Ausrichtung gibt es im Vergleich zum Vorjahr wenig \u00c4nderungen: \u00dcber die H\u00e4lfte der Veranstaltungen (55%) war f\u00e4cher\u00fcbergreifend konzipiert, die meisten fachspezifischen Schulungen wurden in den F\u00e4chern Medizin (5%) und Geschichte (4%) sowie in den Bereichen Philologien (zus. 10%) und Wirtschaftswissenschaften ( zus. 5%) angeboten.<\/p>\n<p class=\"bodytext\">Wie schon in den Vorjahren bestand ein Gro\u00dfteil der Schulungen aus 1 Sitzung (97%) bei einer Veranstaltungsdauer von\u00a090 Minuten oder k\u00fcrzer (77%). Die Mehrheit der Schulungen (78%) waren eigenst\u00e4ndige Bibliotheksveranstaltungen ohne Einbindung in Lehrpl\u00e4ne. Der Anteil der Pflicht- oder Wahlpflichtveranstaltungen liegt bei 21%.<\/p>\n<p class=\"bodytext\"><b>Detaillierte Auswertung: <\/b><\/p>\n<p class=\"bodytext\"><a href=\"http:\/\/www.informationskompetenz.de\/wp-content\/uploads\/2015\/10\/2013_statistik_bw_tab.pdf\">Tabellarisch (PDF)<\/a><\/p>\n<p class=\"bodytext\"><a href=\"http:\/\/www.informationskompetenz.de\/wp-content\/uploads\/2015\/10\/2013_ik_bw.pdf\">Grafisch (PDF)<\/a><\/p>\n","protected":false},"excerpt":{"rendered":"<p>Im Jahr 2013 beteiligten sich in Baden-W\u00fcrttemberg 14 Bibliotheken an der gemeinsamen Schulungsstatistik: Badische\u00a0Landesbibliothek\u00a0Karlsruhe Bibliothek\u00a0der\u00a0Hochschule\u00a0Biberach Bibliothek\u00a0der\u00a0Hochschule\u00a0Konstanz\u00a0Technik,\u00a0Wirtschaft\u00a0und\u00a0Gestaltung KIT-Bibliothek\u00a0Karlsruhe kiz\u00a0Universit\u00e4t\u00a0Ulm Universit\u00e4tsbibliothek\u00a0Freiburg Universit\u00e4tsbibliothek\u00a0Heidelberg Universit\u00e4tsbibliothek\u00a0Hohenheim Universit\u00e4tsbibliothek\u00a0Konstanz Universit\u00e4tsbibliothek\u00a0Mannheim Universit\u00e4tsbibliothek\u00a0Stuttgart Universit\u00e4tsbibliothek\u00a0Tuebingen Brechtbau-Bibliothek der\u00a0Universit\u00e4t\u00a0T\u00fcbingen W\u00fcrttembergische\u00a0Landesbibliothek\u00a0Stuttgart 51999 Teilnehmer [&hellip;]<\/p>\n","protected":false},"author":9,"featured_media":0,"parent":438,"menu_order":2,"comment_status":"closed","ping_status":"closed","template":"","meta":{"footnotes":""},"class_list":["post-1346","page","type-page","status-publish","hentry"],"_links":{"self":[{"href":"https:\/\/www.informationskompetenz.de\/index.php\/wp-json\/wp\/v2\/pages\/1346","targetHints":{"allow":["GET"]}}],"collection":[{"href":"https:\/\/www.informationskompetenz.de\/index.php\/wp-json\/wp\/v2\/pages"}],"about":[{"href":"https:\/\/www.informationskompetenz.de\/index.php\/wp-json\/wp\/v2\/types\/page"}],"author":[{"embeddable":true,"href":"https:\/\/www.informationskompetenz.de\/index.php\/wp-json\/wp\/v2\/users\/9"}],"replies":[{"embeddable":true,"href":"https:\/\/www.informationskompetenz.de\/index.php\/wp-json\/wp\/v2\/comments?post=1346"}],"version-history":[{"count":2,"href":"https:\/\/www.informationskompetenz.de\/index.php\/wp-json\/wp\/v2\/pages\/1346\/revisions"}],"predecessor-version":[{"id":1352,"href":"https:\/\/www.informationskompetenz.de\/index.php\/wp-json\/wp\/v2\/pages\/1346\/revisions\/1352"}],"up":[{"embeddable":true,"href":"https:\/\/www.informationskompetenz.de\/index.php\/wp-json\/wp\/v2\/pages\/438"}],"wp:attachment":[{"href":"https:\/\/www.informationskompetenz.de\/index.php\/wp-json\/wp\/v2\/media?parent=1346"}],"curies":[{"name":"wp","href":"https:\/\/api.w.org\/{rel}","templated":true}]}}