{"id":1356,"date":"2015-10-07T18:40:08","date_gmt":"2015-10-07T16:40:08","guid":{"rendered":"http:\/\/wp.informationskompetenz.de\/?page_id=1356"},"modified":"2015-10-19T18:12:35","modified_gmt":"2015-10-19T16:12:35","slug":"schulungsstatistik-2011-bw","status":"publish","type":"page","link":"https:\/\/www.informationskompetenz.de\/index.php\/regionen\/baden-wuerttemberg\/schulungsstatistik-bw\/schulungsstatistik-2011-bw\/","title":{"rendered":"Schulungsstatistik 2011 (BW)"},"content":{"rendered":"<p class=\"bodytext\">Im Jahr 2011 beteiligten sich in Baden-W\u00fcrttemberg 15 Bibliotheken an der gemeinsamen Schulungsstatistik:<\/p>\n<ul>\n<li>HSB Albstadt-Sigmaringen<\/li>\n<li>HSB Biberach<\/li>\n<li>UB Freiburg<\/li>\n<li>UB Heidelberg<\/li>\n<li>UB Hohenheim<\/li>\n<li>KIT-Bibliothek Karlsruhe<\/li>\n<li>BLB Karlsruhe<\/li>\n<li>UB Konstanz<\/li>\n<li>Bibliothek der HTWG Konstanz<\/li>\n<li>UB Mannheim<\/li>\n<li>UB Stuttgart<\/li>\n<li>WLB Stuttgart<\/li>\n<li>UB T\u00fcbingen<\/li>\n<li>Fakult\u00e4tsbibliothek Neuphilologie der Universit\u00e4t T\u00fcbingen<\/li>\n<li>kiz Ulm<\/li>\n<\/ul>\n<p class=\"bodytext\">45323 Teilnehmer wurden in 2946 verschiedenen Veranstaltungen geschult. Zielgruppe der Schulungen waren bei 44% der Veranstaltungen Studierende im Grundstudium oder in B.A.-Studieng\u00e4ngen, 11% der Kurse wandte sich an Studierende im Hauptstudium und in M.A.-Studieng\u00e4ngen. Der Anteil der Schulungen f\u00fcr Sch\u00fcler lag wie schon im Jahr 2010 bei 17%. Der Anteil von Schulungsveranstaltungen f\u00fcr unspezifischen Gruppen lag bei 14%.<\/p>\n<p class=\"bodytext\">Bez\u00fcglich der fachlichen Ausrichtung der Schulungen hat sich im Vergleich zum Vorjahr wenig ge\u00e4ndert. Ein gro\u00dfer Anteil der Veranstaltungen (56%) war f\u00e4cher\u00fcbergreifend konzipiert. Die meisten fachspezifischen Schulungen gabe es in den Einzelf\u00e4chern Medizin (6%) und Geschichte (5%). Ebenfalls hoch ist der Anteil im Bereich der Philologien (zus. 9%) und Wirtschaftswissenschaften (zus. 5%).<\/p>\n<p class=\"bodytext\">Ein Gro\u00dfteil der Schulungen umfassten 1 Sitzung (97%) bei einer Veranstaltungsdauer von\u00a090 Minuten oder k\u00fcrzer (81%). Die Mehrheit der Schulungen (77%) sind eigenst\u00e4ndige Bibliotheksveranstaltungen ohne Einbindung in Lehrpl\u00e4ne, aber 17% sind Pflicht- oder Wahlpflichtveranstaltungen.<\/p>\n<p class=\"bodytext\"><b>Detaillierte Auswertung: <\/b><\/p>\n<p class=\"bodytext\"><a href=\"http:\/\/www.informationskompetenz.de\/wp-content\/uploads\/2015\/10\/2011_statistik_bw_tab.pdf\">Tabellarisch (PDF)<\/a><\/p>\n<p class=\"bodytext\"><a href=\"http:\/\/www.informationskompetenz.de\/wp-content\/uploads\/2015\/10\/2011_ik_bw.pdf\">Grafisch (PDF)<\/a><\/p>\n","protected":false},"excerpt":{"rendered":"<p>Im Jahr 2011 beteiligten sich in Baden-W\u00fcrttemberg 15 Bibliotheken an der gemeinsamen Schulungsstatistik: HSB Albstadt-Sigmaringen HSB Biberach UB Freiburg UB Heidelberg UB Hohenheim KIT-Bibliothek Karlsruhe BLB Karlsruhe UB Konstanz Bibliothek [&hellip;]<\/p>\n","protected":false},"author":9,"featured_media":0,"parent":438,"menu_order":4,"comment_status":"closed","ping_status":"closed","template":"","meta":{"footnotes":""},"class_list":["post-1356","page","type-page","status-publish","hentry"],"_links":{"self":[{"href":"https:\/\/www.informationskompetenz.de\/index.php\/wp-json\/wp\/v2\/pages\/1356","targetHints":{"allow":["GET"]}}],"collection":[{"href":"https:\/\/www.informationskompetenz.de\/index.php\/wp-json\/wp\/v2\/pages"}],"about":[{"href":"https:\/\/www.informationskompetenz.de\/index.php\/wp-json\/wp\/v2\/types\/page"}],"author":[{"embeddable":true,"href":"https:\/\/www.informationskompetenz.de\/index.php\/wp-json\/wp\/v2\/users\/9"}],"replies":[{"embeddable":true,"href":"https:\/\/www.informationskompetenz.de\/index.php\/wp-json\/wp\/v2\/comments?post=1356"}],"version-history":[{"count":3,"href":"https:\/\/www.informationskompetenz.de\/index.php\/wp-json\/wp\/v2\/pages\/1356\/revisions"}],"predecessor-version":[{"id":1398,"href":"https:\/\/www.informationskompetenz.de\/index.php\/wp-json\/wp\/v2\/pages\/1356\/revisions\/1398"}],"up":[{"embeddable":true,"href":"https:\/\/www.informationskompetenz.de\/index.php\/wp-json\/wp\/v2\/pages\/438"}],"wp:attachment":[{"href":"https:\/\/www.informationskompetenz.de\/index.php\/wp-json\/wp\/v2\/media?parent=1356"}],"curies":[{"name":"wp","href":"https:\/\/api.w.org\/{rel}","templated":true}]}}