{"id":1453,"date":"2015-11-02T18:13:13","date_gmt":"2015-11-02T17:13:13","guid":{"rendered":"http:\/\/wp.informationskompetenz.de\/?page_id=1453"},"modified":"2016-02-15T08:38:33","modified_gmt":"2016-02-15T07:38:33","slug":"checklisten","status":"publish","type":"page","link":"https:\/\/www.informationskompetenz.de\/index.php\/checklisten\/","title":{"rendered":"Checklisten"},"content":{"rendered":"<p><strong>2014<\/strong><\/p>\n<ul>\n<li><strong><a href=\"http:\/\/www.informationskompetenz.de\/wp-content\/uploads\/2015\/02\/AGIK_Bayern_Checkliste_Lehrerfortbildungen_final.pdf\">Checkliste Lehrerfortbildungen der AG Informationskompetenz des BVB<\/a><\/strong><\/li>\n<li><strong><a href=\"http:\/\/www.informationskompetenz.de\/wp-content\/uploads\/2015\/02\/AGIK_Bayern_Leitfaden_zur_Durchf%C3%BChrung_von_Informationskompetenzkursen_f%C3%BCr_Promovierende_final.pdf\">Leitfaden Promovierende der AG Informationskompetenz des BVB<\/a><\/strong><\/li>\n<\/ul>\n<p>&nbsp;<\/p>\n<p><strong>2009<\/strong><\/p>\n<ul>\n<li><strong><a href=\"http:\/\/www.informationskompetenz.de\/wp-content\/uploads\/2015\/02\/AGIK_Bayern_Checkliste_f%C3%BCr_die__2800.pdf\">Checkliste f\u00fcr die Durchf\u00fchrung von IK-Veranstaltungen der AG IK des BVB<\/a><\/strong><\/li>\n<\/ul>\n<p>F\u00fcr die Planung von Veranstaltungen zur Vermittlung von Informationskompetenz, die mit ECTS-Punkten bewerten werden sollen.<\/p>\n<ul>\n<li><strong><a href=\"http:\/\/www.informationskompetenz.de\/wp-content\/uploads\/2015\/02\/AGIK_Bayern_Leitlinien_f%C3%BCr_die__2799.pdf\">Leitlinien f\u00fcr die Durchf\u00fchrung von Veranstaltungen zum Erwerb von Informationskompetenz an den bayerischen Universit\u00e4ts- und Hochschulbibliotheken<\/a><\/strong><\/li>\n<\/ul>\n<p>&nbsp;<\/p>\n<p><strong>2008<\/strong><\/p>\n<ul>\n<li><strong><a href=\"http:\/\/www.informationskompetenz.de\/wp-content\/uploads\/2015\/02\/NIK_BW_Konzept_zur_Vermittl_1555.pdf\">Konzept zur Vermittlung von Informationskompetenz an Sch\u00fcler der gymnasialen Oberstufe<\/a><\/strong><\/li>\n<\/ul>\n<p>Empfehlung der baden-w\u00fcrttembergischen Hochschul- und Landesbibliotheken zur Vermittlung von Informationskompetenz an Sch\u00fcler der gymnasialen Oberstufe.<\/p>\n","protected":false},"excerpt":{"rendered":"<p>2014 Checkliste Lehrerfortbildungen der AG Informationskompetenz des BVB Leitfaden Promovierende der AG Informationskompetenz des BVB &nbsp; 2009 Checkliste f\u00fcr die Durchf\u00fchrung von IK-Veranstaltungen der AG IK des BVB F\u00fcr die [&hellip;]<\/p>\n","protected":false},"author":23,"featured_media":0,"parent":0,"menu_order":0,"comment_status":"closed","ping_status":"closed","template":"","meta":{"footnotes":""},"class_list":["post-1453","page","type-page","status-publish","hentry"],"_links":{"self":[{"href":"https:\/\/www.informationskompetenz.de\/index.php\/wp-json\/wp\/v2\/pages\/1453","targetHints":{"allow":["GET"]}}],"collection":[{"href":"https:\/\/www.informationskompetenz.de\/index.php\/wp-json\/wp\/v2\/pages"}],"about":[{"href":"https:\/\/www.informationskompetenz.de\/index.php\/wp-json\/wp\/v2\/types\/page"}],"author":[{"embeddable":true,"href":"https:\/\/www.informationskompetenz.de\/index.php\/wp-json\/wp\/v2\/users\/23"}],"replies":[{"embeddable":true,"href":"https:\/\/www.informationskompetenz.de\/index.php\/wp-json\/wp\/v2\/comments?post=1453"}],"version-history":[{"count":10,"href":"https:\/\/www.informationskompetenz.de\/index.php\/wp-json\/wp\/v2\/pages\/1453\/revisions"}],"predecessor-version":[{"id":1560,"href":"https:\/\/www.informationskompetenz.de\/index.php\/wp-json\/wp\/v2\/pages\/1453\/revisions\/1560"}],"wp:attachment":[{"href":"https:\/\/www.informationskompetenz.de\/index.php\/wp-json\/wp\/v2\/media?parent=1453"}],"curies":[{"name":"wp","href":"https:\/\/api.w.org\/{rel}","templated":true}]}}