{"id":1465,"date":"2015-11-02T18:15:21","date_gmt":"2015-11-02T17:15:21","guid":{"rendered":"http:\/\/wp.informationskompetenz.de\/?page_id=1465"},"modified":"2016-03-12T14:53:45","modified_gmt":"2016-03-12T13:53:45","slug":"standards","status":"publish","type":"page","link":"https:\/\/www.informationskompetenz.de\/index.php\/standards\/","title":{"rendered":"Standards"},"content":{"rendered":"<ul>\n<li><strong><a href=\"http:\/\/www.informationskompetenz.de\/wp-content\/uploads\/2015\/02\/DBV_Standards_Infokompetenz_03.07.2009_endg.pdf\">Standards der Informationskompetenz f\u00fcr Studierende<\/a><\/strong><\/li>\n<\/ul>\n<p>Nationale Standards der Informationskompetenz f\u00fcr Studierende, herausgegeben von der Dienstleistungskommission des Dt. Bibliotheksverbandes\/dbv (2009)<\/p>\n<p>&nbsp;<\/p>\n<ul style=\"list-style-type: disc;\">\n<li><span style=\"line-height: 1.5;\"><strong><a href=\"http:\/\/www.informationskompetenz.de\/wp-content\/uploads\/2016\/02\/Standards_IK_Schulen_2.pdf\" rel=\"\">Standards der Informationskompetenz f\u00fcr Sch\u00fclerinnen und Sch\u00fclern.<\/a><\/strong>\u00a0Das Angebot der wissenschaftlichen Bibliotheken. \u00a0<\/span><\/li>\n<\/ul>\n<p><span style=\"line-height: 1.5;\">Erarbeitet von der Arbeitsgruppe Informationskompetenz im Bibliotheksverbund Bayern (2011)<\/span><\/p>\n<p>&nbsp;<\/p>\n<ul>\n<li>Internationale Standards: <strong><a href=\"http:\/\/www.informationskompetenz.de\/index.php\/ik-international\/\">IK international<\/a><\/strong><\/li>\n<\/ul>\n","protected":false},"excerpt":{"rendered":"<p>Standards der Informationskompetenz f\u00fcr Studierende Nationale Standards der Informationskompetenz f\u00fcr Studierende, herausgegeben von der Dienstleistungskommission des Dt. Bibliotheksverbandes\/dbv (2009) &nbsp; Standards der Informationskompetenz f\u00fcr Sch\u00fclerinnen und Sch\u00fclern.\u00a0Das Angebot der wissenschaftlichen [&hellip;]<\/p>\n","protected":false},"author":23,"featured_media":0,"parent":0,"menu_order":0,"comment_status":"closed","ping_status":"closed","template":"","meta":{"footnotes":""},"class_list":["post-1465","page","type-page","status-publish","hentry"],"_links":{"self":[{"href":"https:\/\/www.informationskompetenz.de\/index.php\/wp-json\/wp\/v2\/pages\/1465","targetHints":{"allow":["GET"]}}],"collection":[{"href":"https:\/\/www.informationskompetenz.de\/index.php\/wp-json\/wp\/v2\/pages"}],"about":[{"href":"https:\/\/www.informationskompetenz.de\/index.php\/wp-json\/wp\/v2\/types\/page"}],"author":[{"embeddable":true,"href":"https:\/\/www.informationskompetenz.de\/index.php\/wp-json\/wp\/v2\/users\/23"}],"replies":[{"embeddable":true,"href":"https:\/\/www.informationskompetenz.de\/index.php\/wp-json\/wp\/v2\/comments?post=1465"}],"version-history":[{"count":17,"href":"https:\/\/www.informationskompetenz.de\/index.php\/wp-json\/wp\/v2\/pages\/1465\/revisions"}],"predecessor-version":[{"id":2650,"href":"https:\/\/www.informationskompetenz.de\/index.php\/wp-json\/wp\/v2\/pages\/1465\/revisions\/2650"}],"wp:attachment":[{"href":"https:\/\/www.informationskompetenz.de\/index.php\/wp-json\/wp\/v2\/media?parent=1465"}],"curies":[{"name":"wp","href":"https:\/\/api.w.org\/{rel}","templated":true}]}}