{"id":1472,"date":"2015-11-02T18:13:02","date_gmt":"2015-11-02T17:13:02","guid":{"rendered":"http:\/\/wp.informationskompetenz.de\/?page_id=1472"},"modified":"2016-03-09T00:48:36","modified_gmt":"2016-03-08T23:48:36","slug":"standards-und-positionen","status":"publish","type":"page","link":"https:\/\/www.informationskompetenz.de\/index.php\/standards-und-positionen\/","title":{"rendered":"Standards und Positionen"},"content":{"rendered":"<p>Informationskompetenz ist eine Schl\u00fcsselqualifikation der modernen Informationsgesellschaft und\u00a0ein\u00a0entscheidender Faktor\u00a0f\u00fcr den Erfolg in Studium, Forschung\u00a0und Beruf. Die Vermittlung von Informationskompetenz ist eine Kernaufgabe wissenschaftlicher und \u00f6ffentlicher Bibliotheken.<\/p>\n<p>Um die strukturelle Verankerung der F\u00f6rderung von Informationskompetenz in allen Bildungsebenen zu unterst\u00fctzen, haben bibliothekarische Gremien Standards entwickelt, Erkl\u00e4rungen verabschiedet, Leitlinien erstellt und Checklisten erarbeitet, die hier ver\u00f6ffentlicht sind.<\/p>\n<p>Dokumentiert wird hier auch der Referenzrahmen Informationskompetenz der Komission Informationskompetenz des Deutschen Bibliotheksverbands und des Vereins Deutscher Bibliothekarinnen und Bibliothekare. Er definiert &#8211; nach dem Vorbild des Gemeinsamen Europ\u00e4ischen Referenzrahmens f\u00fcr Sprachen &#8211;\u00a0 verschiedenen Niveaustufen der Informationskompetenz von elementar (A1) bis nachhaltig (C2) und stellt damit eine Weiterententwicklung der Standards der Informationskompetenz dar.<\/p>\n","protected":false},"excerpt":{"rendered":"<p>Informationskompetenz ist eine Schl\u00fcsselqualifikation der modernen Informationsgesellschaft und\u00a0ein\u00a0entscheidender Faktor\u00a0f\u00fcr den Erfolg in Studium, Forschung\u00a0und Beruf. Die Vermittlung von Informationskompetenz ist eine Kernaufgabe wissenschaftlicher und \u00f6ffentlicher Bibliotheken. Um die strukturelle Verankerung [&hellip;]<\/p>\n","protected":false},"author":23,"featured_media":0,"parent":0,"menu_order":0,"comment_status":"closed","ping_status":"closed","template":"","meta":{"footnotes":""},"class_list":["post-1472","page","type-page","status-publish","hentry"],"_links":{"self":[{"href":"https:\/\/www.informationskompetenz.de\/index.php\/wp-json\/wp\/v2\/pages\/1472","targetHints":{"allow":["GET"]}}],"collection":[{"href":"https:\/\/www.informationskompetenz.de\/index.php\/wp-json\/wp\/v2\/pages"}],"about":[{"href":"https:\/\/www.informationskompetenz.de\/index.php\/wp-json\/wp\/v2\/types\/page"}],"author":[{"embeddable":true,"href":"https:\/\/www.informationskompetenz.de\/index.php\/wp-json\/wp\/v2\/users\/23"}],"replies":[{"embeddable":true,"href":"https:\/\/www.informationskompetenz.de\/index.php\/wp-json\/wp\/v2\/comments?post=1472"}],"version-history":[{"count":4,"href":"https:\/\/www.informationskompetenz.de\/index.php\/wp-json\/wp\/v2\/pages\/1472\/revisions"}],"predecessor-version":[{"id":2619,"href":"https:\/\/www.informationskompetenz.de\/index.php\/wp-json\/wp\/v2\/pages\/1472\/revisions\/2619"}],"wp:attachment":[{"href":"https:\/\/www.informationskompetenz.de\/index.php\/wp-json\/wp\/v2\/media?parent=1472"}],"curies":[{"name":"wp","href":"https:\/\/api.w.org\/{rel}","templated":true}]}}