{"id":1477,"date":"2015-11-02T18:12:50","date_gmt":"2015-11-02T17:12:50","guid":{"rendered":"http:\/\/wp.informationskompetenz.de\/?page_id=1477"},"modified":"2021-07-12T16:25:25","modified_gmt":"2021-07-12T14:25:25","slug":"ik-und-schule","status":"publish","type":"page","link":"https:\/\/www.informationskompetenz.de\/index.php\/ik-und-schule\/","title":{"rendered":"IK und Schule"},"content":{"rendered":"<p>Einf\u00fchrende Literatur zur Bedeutung von Informationskompetenz in der Schule finden Sie hier:<\/p>\n<ul>\n<li>Deutscher Bildungsserver: Informationskompetenz in Schulen<br \/>\n<a href=\"http:\/\/www.bildungsserver.de\/Informationskompetenz-in-Schulen-6055.html\">www.bildungsserver.de\/Informationskompetenz-in-Schulen-6055.html<\/a><\/li>\n<li>Schulmediothek.de: Lernort Bibliothek<br \/>\n<a href=\"http:\/\/www.schulmediothek.de\/index.php?id=1042\">www.schulmediothek.de\/index.php?id=1042<\/a><\/li>\n<li>Gapski, Harald und Tekster, Thomas: Informationskompetenz in Deutschland, daraus: Kapitel 3.1 Sch\u00fcler(innen), S. 29-34<br \/>\n<a href=\"http:\/\/www.lfm-nrw.de\/fileadmin\/lfm-nrw\/Aktuelle_Forschungsprojekte\/Informationskompetenz_in_Deutschland_August_09.pdf#page=26\">www.lfm-nrw.de\/fileadmin\/lfm-nrw\/Aktuelle_Forschungsprojekte\/Informationskompetenz_in_Deutschland_August_09.pdf#page=26<\/a><\/li>\n<li><a href=\"http:\/\/www.bibliotheksportal.de\/themen\/bibliothek-und-bildung\/bibliothek-und-schule.html\">Bibliotheksportal : knb &#8211; Kompetenznetzwerk f\u00fcr Bibliotheken<\/a><\/li>\n<\/ul>\n<p>Beispiele f\u00fcr die Aktivit\u00e4ten der Bibliotheken sind auf den Regionalseiten dokumentiert:<\/p>\n<ul>\n<li>Baden-W\u00fcrttemberg: <a href=\"..\/regionen\/baden-wuerttemberg\/angebote-fuer-die-gymnasiale-oberstufe-in-baden-wuerttemberg\/\">Angebote f\u00fcr die gymnasiale Oberstufe<\/a><\/li>\n<li>Bayern: <a href=\"..\/regionen\/bayern\/kontakte-fuer-schulen-bibliothekslandkarte-bayern\/\">Kontakte f\u00fcr Schulen<\/a><\/li>\n<li>Bayern:<a href=\"https:\/\/fhoed.iliasnet.de\/goto.php?target=cat_1030374&amp;client_id=FHOED\"> S.P.U.T.N.I.K. \u2013 Das Tutorial zur Informationskompetenz f\u00fcr Sch\u00fcler*innen<\/a><\/li>\n<li>Bayern: <a href=\"http:\/\/www.informationskompetenz.de\/wp-content\/uploads\/2016\/02\/Standards_IK_Schulen_2.pdf\">Standards der Informationskompetenz f\u00fcr Sch\u00fclerinnen und Sch\u00fcler. Das Angebot der wissenschaftlichen Bibliotheken<\/a><\/li>\n<li>Bayern: <a href=\"http:\/\/www.informationskompetenz.de\/wp-content\/uploads\/2016\/02\/Standards_IK_Schulen_2.pdf\">Didaktische und organisatorische Standards f\u00fcr die Zusammenarbeit von wissenschaftlichen Bibliotheken und Schulen<\/a><\/li>\n<li>Berlin \/ Brandenburg: <a href=\"..\/regionen\/berlin-brandenburg\/\">AG Sch\u00fclerkurse<\/a><\/li>\n<li>Hessen: <a href=\"..\/regionen\/hessen\/ik-hessen-angebote-fuer-schulen\/\">Angebote f\u00fcr Schulen<\/a><\/li>\n<\/ul>\n","protected":false},"excerpt":{"rendered":"<p>Einf\u00fchrende Literatur zur Bedeutung von Informationskompetenz in der Schule finden Sie hier: Deutscher Bildungsserver: Informationskompetenz in Schulen www.bildungsserver.de\/Informationskompetenz-in-Schulen-6055.html Schulmediothek.de: Lernort Bibliothek www.schulmediothek.de\/index.php?id=1042 Gapski, Harald und Tekster, Thomas: Informationskompetenz in Deutschland, [&hellip;]<\/p>\n","protected":false},"author":23,"featured_media":0,"parent":0,"menu_order":0,"comment_status":"closed","ping_status":"closed","template":"","meta":{"footnotes":""},"class_list":["post-1477","page","type-page","status-publish","hentry"],"_links":{"self":[{"href":"https:\/\/www.informationskompetenz.de\/index.php\/wp-json\/wp\/v2\/pages\/1477","targetHints":{"allow":["GET"]}}],"collection":[{"href":"https:\/\/www.informationskompetenz.de\/index.php\/wp-json\/wp\/v2\/pages"}],"about":[{"href":"https:\/\/www.informationskompetenz.de\/index.php\/wp-json\/wp\/v2\/types\/page"}],"author":[{"embeddable":true,"href":"https:\/\/www.informationskompetenz.de\/index.php\/wp-json\/wp\/v2\/users\/23"}],"replies":[{"embeddable":true,"href":"https:\/\/www.informationskompetenz.de\/index.php\/wp-json\/wp\/v2\/comments?post=1477"}],"version-history":[{"count":17,"href":"https:\/\/www.informationskompetenz.de\/index.php\/wp-json\/wp\/v2\/pages\/1477\/revisions"}],"predecessor-version":[{"id":4801,"href":"https:\/\/www.informationskompetenz.de\/index.php\/wp-json\/wp\/v2\/pages\/1477\/revisions\/4801"}],"wp:attachment":[{"href":"https:\/\/www.informationskompetenz.de\/index.php\/wp-json\/wp\/v2\/media?parent=1477"}],"curies":[{"name":"wp","href":"https:\/\/api.w.org\/{rel}","templated":true}]}}