{"id":1672,"date":"2016-01-11T11:08:17","date_gmt":"2016-01-11T10:08:17","guid":{"rendered":"http:\/\/wp.informationskompetenz.de\/?page_id=1672"},"modified":"2019-02-14T13:24:34","modified_gmt":"2019-02-14T12:24:34","slug":"pruefen","status":"publish","type":"page","link":"https:\/\/www.informationskompetenz.de\/index.php\/standards-und-positionen\/referenzrahmen\/pruefen\/","title":{"rendered":"Pr\u00fcfen"},"content":{"rendered":"<p><a name=\"thematischerelevanz\"><\/a><\/p>\n<h3>Thematische Relevanz<\/h3>\n<table cellspacing=\"10\" cellpadding=\"10\">\n<tbody>\n<tr>\n<td style=\"text-align: left;\" colspan=\"3\">Pr\u00fcfen der thematischen Relevanz<\/td>\n<td style=\"text-align: left;\"><strong>Material<\/strong><\/td>\n<\/tr>\n<tr>\n<td style=\"text-align: left;\" rowspan=\"2\"><span style=\"color: #999999;\">Nachhaltige<\/span><br \/>\n<span style=\"color: #999999;\"> Informations-<\/span><br \/>\n<span style=\"color: #999999;\"> kompetenz<\/span><\/td>\n<td style=\"text-align: left;\">C2<\/td>\n<td style=\"text-align: left;\">Das Suchthema innerhalb eines l\u00e4ngeren und komplexen Textes mit mehreren thematischen Schwerpunkten erkennen<\/td>\n<td style=\"text-align: left; vertical-align: top;\" rowspan=\"6\"><\/td>\n<\/tr>\n<tr>\n<td style=\"text-align: left;\">C1<\/td>\n<td style=\"text-align: left;\">Das Suchthema innerhalb eines \u00fcberschaubaren Textes mit mehreren thematischen Schwerpunkten erkennen<\/td>\n<\/tr>\n<tr>\n<td style=\"text-align: left;\" rowspan=\"2\"><span style=\"color: #999999;\">Selbst\u00e4ndige<\/span><br \/>\n<span style=\"color: #999999;\"> Informations-<\/span><br \/>\n<span style=\"color: #999999;\"> kompetenz<\/span><\/td>\n<td style=\"text-align: left;\">B2<\/td>\n<td style=\"text-align: left;\">Das Suchthema innerhalb eines kontinuierlichen Textes mittlerer L\u00e4nge und Komplexit\u00e4t mit diesem Themenschwerpunkt erkennen<\/td>\n<\/tr>\n<tr>\n<td style=\"text-align: left;\">B1<\/td>\n<td style=\"text-align: left;\">Das Suchthema innerhalb eines einfachen kontinuierlichen Textes mit diesem Themenschwerpunkt erkennen<\/td>\n<\/tr>\n<tr>\n<td style=\"text-align: left;\" rowspan=\"2\"><span style=\"color: #999999;\">Elementare <\/span><br \/>\n<span style=\"color: #999999;\">Informations-<\/span><br \/>\n<span style=\"color: #999999;\">kompetenz<\/span><\/td>\n<td style=\"text-align: left;\">A2<\/td>\n<td style=\"text-align: left;\">Das Suchthema im Texttitel erkennen, wenn dort ein Unter- oder Oberbegriff verwendet wird<\/td>\n<\/tr>\n<tr>\n<td style=\"text-align: left;\">A1<\/td>\n<td style=\"text-align: left;\">Das Suchthema im Texttitel erkennen, wenn dort derselbe Begriff oder ein bekanntes Synonym verwendet wird<\/td>\n<\/tr>\n<\/tbody>\n<\/table>\n<p><a name=\"sachlicherichtigkeit\"><\/a><\/p>\n<h3>Sachliche Richtigkeit<\/h3>\n<table cellspacing=\"10\" cellpadding=\"10\">\n<tbody>\n<tr>\n<td style=\"text-align: left;\" colspan=\"3\">Pr\u00fcfen der sachlichen Richtigkeit<\/td>\n<td style=\"text-align: left;\"><strong>Material<\/strong><\/td>\n<\/tr>\n<tr>\n<td style=\"text-align: left;\" rowspan=\"2\"><span style=\"color: #999999;\">Nachhaltige<\/span><br \/>\n<span style=\"color: #999999;\"> Informations-<\/span><br \/>\n<span style=\"color: #999999;\"> kompetenz<\/span><\/td>\n<td style=\"text-align: left;\">C2<\/td>\n<td style=\"text-align: left;\">M\u00f6gliche Widerspr\u00fcche und falsche Informationen selbst\u00e4ndig hinterfragen und mit anderen Quellen abgleichen<\/td>\n<td style=\"text-align: left; vertical-align: top;\" rowspan=\"6\"><\/td>\n<\/tr>\n<tr>\n<td style=\"text-align: left;\">C1<\/td>\n<td style=\"text-align: left;\">Widerspr\u00fcche im Text und falsche Informationen mit anderen Quellen vergleichen<\/td>\n<\/tr>\n<tr>\n<td style=\"text-align: left;\" rowspan=\"2\"><span style=\"color: #999999;\">Selbst\u00e4ndige<\/span><br \/>\n<span style=\"color: #999999;\"> Informations-<\/span><br \/>\n<span style=\"color: #999999;\"> kompetenz<\/span><\/td>\n<td style=\"text-align: left;\">B2<\/td>\n<td style=\"text-align: left;\">Verborgene Widerspr\u00fcche im Text und Fehler aufsp\u00fcren, ggf. unter Zuhilfenahme einer anderen Quelle<\/td>\n<\/tr>\n<tr>\n<td style=\"text-align: left;\">B1<\/td>\n<td style=\"text-align: left;\">Widerspr\u00fcche im Text und Fehler unter Abgleich mit dem eigenen Wissens- und Erfahrungsschatz entdecken<\/td>\n<\/tr>\n<tr>\n<td style=\"text-align: left;\" rowspan=\"2\"><span style=\"color: #999999;\">Elementare <\/span><br \/>\n<span style=\"color: #999999;\">Informations-<\/span><br \/>\n<span style=\"color: #999999;\">kompetenz<\/span><\/td>\n<td style=\"text-align: left;\">A2<\/td>\n<td style=\"text-align: left;\">Innerhalb eines Textes vorhandene, offensichtliche Widerspr\u00fcche erkennen<\/td>\n<\/tr>\n<tr>\n<td style=\"text-align: left;\">A1<\/td>\n<td style=\"text-align: left;\">Offensichtlich falsche Informationen aus dem Textzusammenhang erkennen<\/td>\n<\/tr>\n<\/tbody>\n<\/table>\n<p><a name=\"formalerichtigkeit\"><\/a><\/p>\n<h3>Formale Richtigkeit<\/h3>\n<table cellspacing=\"10\" cellpadding=\"10\">\n<tbody>\n<tr>\n<td style=\"text-align: left;\" colspan=\"3\">Pr\u00fcfen der formalen Richtigkeit<\/td>\n<td style=\"text-align: left;\"><strong>Material<\/strong><\/td>\n<\/tr>\n<tr>\n<td style=\"text-align: left;\" rowspan=\"2\"><span style=\"color: #999999;\">Nachhaltige<\/span><br \/>\n<span style=\"color: #999999;\"> Informations-<\/span><br \/>\n<span style=\"color: #999999;\"> kompetenz<\/span><\/td>\n<td style=\"text-align: left;\">C2<\/td>\n<td style=\"text-align: left;\">Strukturelle Fehler und M\u00e4ngel erkennen und beheben<\/td>\n<td style=\"text-align: left; vertical-align: top;\" rowspan=\"6\"><\/td>\n<\/tr>\n<tr>\n<td style=\"text-align: left;\">C1<\/td>\n<td style=\"text-align: left;\">Strukturelle Fehler und M\u00e4ngel erkennen<\/td>\n<\/tr>\n<tr>\n<td style=\"text-align: left;\" rowspan=\"2\"><span style=\"color: #999999;\">Selbst\u00e4ndige<\/span><br \/>\n<span style=\"color: #999999;\"> Informations-<\/span><br \/>\n<span style=\"color: #999999;\"> kompetenz<\/span><\/td>\n<td style=\"text-align: left;\">B2<\/td>\n<td style=\"text-align: left;\">Formale M\u00e4ngel erkennen und beheben<\/td>\n<\/tr>\n<tr>\n<td style=\"text-align: left;\">B1<\/td>\n<td style=\"text-align: left;\">Formale M\u00e4ngel erkennen<\/td>\n<\/tr>\n<tr>\n<td style=\"text-align: left;\" rowspan=\"2\"><span style=\"color: #999999;\">Elementare <\/span><br \/>\n<span style=\"color: #999999;\">Informations-<\/span><br \/>\n<span style=\"color: #999999;\">kompetenz<\/span><\/td>\n<td style=\"text-align: left;\">A2<\/td>\n<td style=\"text-align: left;\">Formale Fehler erkennen und korrigieren<\/td>\n<\/tr>\n<tr>\n<td style=\"text-align: left;\">A1<\/td>\n<td style=\"text-align: left;\">Formale Fehler erkennen<\/td>\n<\/tr>\n<\/tbody>\n<\/table>\n<p><a name=\"vollstaendigkeit\"><\/a><\/p>\n<h3>Vollst\u00e4ndigkeit<\/h3>\n<table cellspacing=\"10\" cellpadding=\"10\">\n<tbody>\n<tr>\n<td style=\"text-align: left;\" colspan=\"3\">Pr\u00fcfen der Vollst\u00e4ndigkeit<\/td>\n<td style=\"text-align: left;\"><strong>Material<\/strong><\/td>\n<\/tr>\n<tr>\n<td style=\"text-align: left;\" rowspan=\"2\"><span style=\"color: #999999;\">Nachhaltige<\/span><br \/>\n<span style=\"color: #999999;\"> Informations-<\/span><br \/>\n<span style=\"color: #999999;\"> kompetenz<\/span><\/td>\n<td style=\"text-align: left;\">C2<\/td>\n<td style=\"text-align: left;\">Systematisch anhand sinnvoller Kriterien umfassend unterschiedliche Medien zur Erf\u00fcllung des Informationsbedarfes ausw\u00e4hlen<\/td>\n<td style=\"text-align: left; vertical-align: top;\" rowspan=\"6\"><\/td>\n<\/tr>\n<tr>\n<td style=\"text-align: left;\">C1<\/td>\n<td style=\"text-align: left;\">Entscheiden, anhand welcher Kriterien eine Erf\u00fcllung des Informationsbedarfes festgestellt werden kann<\/td>\n<\/tr>\n<tr>\n<td style=\"text-align: left;\" rowspan=\"2\"><span style=\"color: #999999;\">Selbst\u00e4ndige<\/span><br \/>\n<span style=\"color: #999999;\"> Informations-<\/span><br \/>\n<span style=\"color: #999999;\"> kompetenz<\/span><\/td>\n<td style=\"text-align: left;\">B2<\/td>\n<td style=\"text-align: left;\">Absch\u00e4tzen, ob vorgegebene Fragen anhand der gefundenen Medien potenziell zu beantworten sind<\/td>\n<\/tr>\n<tr>\n<td style=\"text-align: left;\">B1<\/td>\n<td style=\"text-align: left;\">Nach Durchsicht der gefundenen Medien entscheiden, ob vorgegebene Fragen beantwortet sind<\/td>\n<\/tr>\n<tr>\n<td style=\"text-align: left;\" rowspan=\"2\"><span style=\"color: #999999;\">Elementare <\/span><br \/>\n<span style=\"color: #999999;\">Informations-<\/span><br \/>\n<span style=\"color: #999999;\">kompetenz<\/span><\/td>\n<td style=\"text-align: left;\">A2<\/td>\n<td style=\"text-align: left;\">Aus einer umfangreichen Menge potenziell thematisch passende Medien ausw\u00e4hlen<\/td>\n<\/tr>\n<tr>\n<td style=\"text-align: left;\">A1<\/td>\n<td style=\"text-align: left;\">Aus einer \u00fcberschaubaren Menge thematisch passenden Medien anhand des Titels ausw\u00e4hlen<\/td>\n<\/tr>\n<\/tbody>\n<\/table>\n<p><a href=\"..\">zur \u00dcbersicht<\/a><\/p>\n<p><a rel=\"license\" href=\"http:\/\/creativecommons.org\/licenses\/by-sa\/4.0\/\"><img decoding=\"async\" alt=\"Creative Commons Lizenzvertrag\" style=\"border-width:0\" src=\"https:\/\/i.creativecommons.org\/l\/by-sa\/4.0\/80x15.png\" \/><\/a><br \/>Dieses Werk ist lizenziert unter einer <a rel=\"license\" href=\"http:\/\/creativecommons.org\/licenses\/by-sa\/4.0\/\">Creative Commons Namensnennung &#8211; Weitergabe unter gleichen Bedingungen 4.0 International Lizenz<\/a>.<\/p>\n","protected":false},"excerpt":{"rendered":"<p>Thematische Relevanz Pr\u00fcfen der thematischen Relevanz Material Nachhaltige Informations- kompetenz C2 Das Suchthema innerhalb eines l\u00e4ngeren und komplexen Textes mit mehreren thematischen Schwerpunkten erkennen C1 Das Suchthema innerhalb eines \u00fcberschaubaren [&hellip;]<\/p>\n","protected":false},"author":16,"featured_media":0,"parent":1467,"menu_order":0,"comment_status":"closed","ping_status":"closed","template":"","meta":{"footnotes":""},"class_list":["post-1672","page","type-page","status-publish","hentry"],"_links":{"self":[{"href":"https:\/\/www.informationskompetenz.de\/index.php\/wp-json\/wp\/v2\/pages\/1672","targetHints":{"allow":["GET"]}}],"collection":[{"href":"https:\/\/www.informationskompetenz.de\/index.php\/wp-json\/wp\/v2\/pages"}],"about":[{"href":"https:\/\/www.informationskompetenz.de\/index.php\/wp-json\/wp\/v2\/types\/page"}],"author":[{"embeddable":true,"href":"https:\/\/www.informationskompetenz.de\/index.php\/wp-json\/wp\/v2\/users\/16"}],"replies":[{"embeddable":true,"href":"https:\/\/www.informationskompetenz.de\/index.php\/wp-json\/wp\/v2\/comments?post=1672"}],"version-history":[{"count":10,"href":"https:\/\/www.informationskompetenz.de\/index.php\/wp-json\/wp\/v2\/pages\/1672\/revisions"}],"predecessor-version":[{"id":4258,"href":"https:\/\/www.informationskompetenz.de\/index.php\/wp-json\/wp\/v2\/pages\/1672\/revisions\/4258"}],"up":[{"embeddable":true,"href":"https:\/\/www.informationskompetenz.de\/index.php\/wp-json\/wp\/v2\/pages\/1467"}],"wp:attachment":[{"href":"https:\/\/www.informationskompetenz.de\/index.php\/wp-json\/wp\/v2\/media?parent=1672"}],"curies":[{"name":"wp","href":"https:\/\/api.w.org\/{rel}","templated":true}]}}