{"id":1678,"date":"2016-01-11T11:08:50","date_gmt":"2016-01-11T10:08:50","guid":{"rendered":"http:\/\/wp.informationskompetenz.de\/?page_id=1678"},"modified":"2019-02-14T13:25:24","modified_gmt":"2019-02-14T12:25:24","slug":"weitergeben","status":"publish","type":"page","link":"https:\/\/www.informationskompetenz.de\/index.php\/standards-und-positionen\/referenzrahmen\/weitergeben\/","title":{"rendered":"Weitergeben"},"content":{"rendered":"<p><a name=\"nutzungsbedingungenklaeren\"><\/a><\/p>\n<h3>Nutzungsbedingungen kl\u00e4ren<\/h3>\n<table cellspacing=\"10\" cellpadding=\"10\">\n<tbody>\n<tr>\n<td style=\"text-align: left;\" colspan=\"3\"><\/td>\n<td style=\"text-align: left;\"><strong>Material<\/strong><\/td>\n<\/tr>\n<tr>\n<td style=\"text-align: left;\" rowspan=\"2\"><span style=\"color: #999999;\">Nachhaltige<\/span><br \/>\n<span style=\"color: #999999;\"> Informations-<\/span><br \/>\n<span style=\"color: #999999;\"> kompetenz<\/span><\/td>\n<td style=\"text-align: left;\">C2<\/td>\n<td style=\"text-align: left;\">Die Diskussion um urheberrechtliche Fragen verfolgen und Nutzungsbedingungen f\u00fcr eigene Publikationen festlegen<\/td>\n<td style=\"text-align: left; vertical-align: top;\" rowspan=\"6\"><\/td>\n<\/tr>\n<tr>\n<td style=\"text-align: left;\">C1<\/td>\n<td style=\"text-align: left;\">Das Urheberrechtsgesetz verstehen und anwenden sowie grundlegende Nutzungsbedingungen fremder Publikationen ermitteln<\/td>\n<\/tr>\n<tr>\n<td style=\"text-align: left;\" rowspan=\"2\"><span style=\"color: #999999;\">Selbst\u00e4ndige<\/span><br \/>\n<span style=\"color: #999999;\"> Informations-<\/span><br \/>\n<span style=\"color: #999999;\"> kompetenz<\/span><\/td>\n<td style=\"text-align: left;\">B2<\/td>\n<td style=\"text-align: left;\">Die Grundregeln des Urheberrechtsgesetzes nennen<\/td>\n<\/tr>\n<tr>\n<td style=\"text-align: left;\">B1<\/td>\n<td style=\"text-align: left;\">Den Grundgedanken des Urheberschutzes mit eigenen Worten erl\u00e4utern<\/td>\n<\/tr>\n<tr>\n<td style=\"text-align: left;\" rowspan=\"2\"><span style=\"color: #999999;\">Elementare <\/span><br \/>\n<span style=\"color: #999999;\">Informations-<\/span><br \/>\n<span style=\"color: #999999;\">kompetenz<\/span><\/td>\n<td style=\"text-align: left;\">A2<\/td>\n<td style=\"text-align: left;\">Die grundlegenden formalen Angaben zur Beschreibung eines Textes festhalten<\/td>\n<\/tr>\n<tr>\n<td style=\"text-align: left;\">A1<\/td>\n<td style=\"text-align: left;\">Autor und Titel eines Textes benennen<\/td>\n<\/tr>\n<\/tbody>\n<\/table>\n<p><a name=\"zitatekennzeichnen\"><\/a><\/p>\n<h3>Zitate kennzeichnen<\/h3>\n<table cellspacing=\"10\" cellpadding=\"10\">\n<tbody>\n<tr>\n<td style=\"text-align: left;\" colspan=\"3\"><\/td>\n<td style=\"text-align: left;\"><strong>Material<\/strong><\/td>\n<\/tr>\n<tr>\n<td style=\"text-align: left;\" rowspan=\"2\"><span style=\"color: #999999;\">Nachhaltige<\/span><br \/>\n<span style=\"color: #999999;\"> Informations-<\/span><br \/>\n<span style=\"color: #999999;\"> kompetenz<\/span><\/td>\n<td style=\"text-align: left;\">C2<\/td>\n<td style=\"text-align: left;\">Sich f\u00fcr die Vermeidung von Plagiarismus einsetzen<\/td>\n<td style=\"text-align: left; vertical-align: top;\" rowspan=\"6\"><\/td>\n<\/tr>\n<tr>\n<td style=\"text-align: left;\">C1<\/td>\n<td style=\"text-align: left;\">Plagiarismus bei sich und anderen vermeiden<\/td>\n<\/tr>\n<tr>\n<td style=\"text-align: left;\" rowspan=\"2\"><span style=\"color: #999999;\">Selbst\u00e4ndige<\/span><br \/>\n<span style=\"color: #999999;\"> Informations-<\/span><br \/>\n<span style=\"color: #999999;\"> kompetenz<\/span><\/td>\n<td style=\"text-align: left;\">B2<\/td>\n<td style=\"text-align: left;\">Erkennen, welche Form und welcher Umfang eines Zitates f\u00fcr den eigenen Text angemessen ist<\/td>\n<\/tr>\n<tr>\n<td style=\"text-align: left;\">B1<\/td>\n<td style=\"text-align: left;\">Entscheiden, ob ein Zitat f\u00fcr den eigenen Text notwendig ist<\/td>\n<\/tr>\n<tr>\n<td style=\"text-align: left;\" rowspan=\"2\"><span style=\"color: #999999;\">Elementare <\/span><br \/>\n<span style=\"color: #999999;\">Informations-<\/span><br \/>\n<span style=\"color: #999999;\">kompetenz<\/span><\/td>\n<td style=\"text-align: left;\">A2<\/td>\n<td style=\"text-align: left;\">Eine thematisch relevante Information paraphrasieren<\/td>\n<\/tr>\n<tr>\n<td style=\"text-align: left;\">A1<\/td>\n<td style=\"text-align: left;\">Eine thematisch relevante Information w\u00f6rtlich zitieren<\/td>\n<\/tr>\n<\/tbody>\n<\/table>\n<p><a name=\"quellennennen\"><\/a><\/p>\n<h3>Quellen nennen<\/h3>\n<table cellspacing=\"10\" cellpadding=\"10\">\n<tbody>\n<tr>\n<td style=\"text-align: left;\" colspan=\"3\"><\/td>\n<td style=\"text-align: left;\"><strong>Material<\/strong><\/td>\n<\/tr>\n<tr>\n<td style=\"text-align: left;\" rowspan=\"2\"><span style=\"color: #999999;\">Nachhaltige<\/span><br \/>\n<span style=\"color: #999999;\"> Informations-<\/span><br \/>\n<span style=\"color: #999999;\"> kompetenz<\/span><\/td>\n<td style=\"text-align: left;\">C2<\/td>\n<td style=\"text-align: left;\">Fachfremde Zitierregeln anwenden<\/td>\n<td style=\"text-align: left; vertical-align: top;\" rowspan=\"6\"><\/td>\n<\/tr>\n<tr>\n<td style=\"text-align: left;\">C1<\/td>\n<td style=\"text-align: left;\">Fachspezifische Zitierregeln anwenden<\/td>\n<\/tr>\n<tr>\n<td style=\"text-align: left;\" rowspan=\"2\"><span style=\"color: #999999;\">Selbst\u00e4ndige<\/span><br \/>\n<span style=\"color: #999999;\"> Informations-<\/span><br \/>\n<span style=\"color: #999999;\"> kompetenz<\/span><\/td>\n<td style=\"text-align: left;\">B2<\/td>\n<td style=\"text-align: left;\">F\u00fcr jedes Zitat vollst\u00e4ndige bibliografische Informationen s\u00e4mtlicher Medienarten nennen<\/td>\n<\/tr>\n<tr>\n<td style=\"text-align: left;\">B1<\/td>\n<td style=\"text-align: left;\">F\u00fcr jedes Zitat grundlegende bibliografische Informationen der wichtigsten Medienarten nennen<\/td>\n<\/tr>\n<tr>\n<td style=\"text-align: left;\" rowspan=\"2\"><span style=\"color: #999999;\">Elementare <\/span><br \/>\n<span style=\"color: #999999;\">Informations-<\/span><br \/>\n<span style=\"color: #999999;\">kompetenz<\/span><\/td>\n<td style=\"text-align: left;\">A2<\/td>\n<td style=\"text-align: left;\">Die grundlegenden formalen Angaben zur Beschreibung eines Textes festhalten<\/td>\n<\/tr>\n<tr>\n<td style=\"text-align: left;\">A1<\/td>\n<td style=\"text-align: left;\">Autor und Titel eines Textes benennen<\/td>\n<\/tr>\n<\/tbody>\n<\/table>\n<p><a name=\"netzwerkenutzen\"><\/a><\/p>\n<h3>Netzwerke nutzen<\/h3>\n<table cellspacing=\"10\" cellpadding=\"10\">\n<tbody>\n<tr>\n<td style=\"text-align: left;\" colspan=\"3\"><\/td>\n<td style=\"text-align: left;\"><strong>Material<\/strong><\/td>\n<\/tr>\n<tr>\n<td style=\"text-align: left;\" rowspan=\"2\"><span style=\"color: #999999;\">Nachhaltige<\/span><br \/>\n<span style=\"color: #999999;\"> Informations-<\/span><br \/>\n<span style=\"color: #999999;\"> kompetenz<\/span><\/td>\n<td style=\"text-align: left;\">C2<\/td>\n<td style=\"text-align: left;\">Neue Erkenntnisse interdisziplin\u00e4r mit anderen austauschen<\/td>\n<td style=\"text-align: left; vertical-align: top;\" rowspan=\"6\"><\/td>\n<\/tr>\n<tr>\n<td style=\"text-align: left;\">C1<\/td>\n<td style=\"text-align: left;\">Neue Erkenntnisse innerhalb des eigenen Wissenschaftsbereichs mit anderen austauschen<\/td>\n<\/tr>\n<tr>\n<td style=\"text-align: left;\" rowspan=\"2\"><span style=\"color: #999999;\">Selbst\u00e4ndige<\/span><br \/>\n<span style=\"color: #999999;\"> Informations-<\/span><br \/>\n<span style=\"color: #999999;\"> kompetenz<\/span><\/td>\n<td style=\"text-align: left;\">B2<\/td>\n<td style=\"text-align: left;\">Sich mit anderen Interessierten \u00fcber das eigene Thema austauschen<\/td>\n<\/tr>\n<tr>\n<td style=\"text-align: left;\">B1<\/td>\n<td style=\"text-align: left;\">Eigene Texte an andere Interessierte weitergeben<\/td>\n<\/tr>\n<tr>\n<td style=\"text-align: left;\" rowspan=\"2\"><span style=\"color: #999999;\">Elementare <\/span><br \/>\n<span style=\"color: #999999;\">Informations-<\/span><br \/>\n<span style=\"color: #999999;\">kompetenz<\/span><\/td>\n<td style=\"text-align: left;\">A2<\/td>\n<td style=\"text-align: left;\">Einer Gruppe eine neue Information vortragen<\/td>\n<\/tr>\n<tr>\n<td style=\"text-align: left;\">A1<\/td>\n<td style=\"text-align: left;\">Einem anderen \u00fcber eine neue Information berichten<\/td>\n<\/tr>\n<\/tbody>\n<\/table>\n<p><a href=\"..\">zur \u00dcbersicht<\/a><\/p>\n<p><a rel=\"license\" href=\"http:\/\/creativecommons.org\/licenses\/by-sa\/4.0\/\"><img decoding=\"async\" alt=\"Creative Commons Lizenzvertrag\" style=\"border-width:0\" src=\"https:\/\/i.creativecommons.org\/l\/by-sa\/4.0\/80x15.png\" \/><\/a><br \/>Dieses Werk ist lizenziert unter einer <a rel=\"license\" href=\"http:\/\/creativecommons.org\/licenses\/by-sa\/4.0\/\">Creative Commons Namensnennung &#8211; Weitergabe unter gleichen Bedingungen 4.0 International Lizenz<\/a>.<\/p>\n","protected":false},"excerpt":{"rendered":"<p>Nutzungsbedingungen kl\u00e4ren Material Nachhaltige Informations- kompetenz C2 Die Diskussion um urheberrechtliche Fragen verfolgen und Nutzungsbedingungen f\u00fcr eigene Publikationen festlegen C1 Das Urheberrechtsgesetz verstehen und anwenden sowie grundlegende Nutzungsbedingungen fremder Publikationen [&hellip;]<\/p>\n","protected":false},"author":16,"featured_media":0,"parent":1467,"menu_order":0,"comment_status":"closed","ping_status":"closed","template":"","meta":{"footnotes":""},"class_list":["post-1678","page","type-page","status-publish","hentry"],"_links":{"self":[{"href":"https:\/\/www.informationskompetenz.de\/index.php\/wp-json\/wp\/v2\/pages\/1678","targetHints":{"allow":["GET"]}}],"collection":[{"href":"https:\/\/www.informationskompetenz.de\/index.php\/wp-json\/wp\/v2\/pages"}],"about":[{"href":"https:\/\/www.informationskompetenz.de\/index.php\/wp-json\/wp\/v2\/types\/page"}],"author":[{"embeddable":true,"href":"https:\/\/www.informationskompetenz.de\/index.php\/wp-json\/wp\/v2\/users\/16"}],"replies":[{"embeddable":true,"href":"https:\/\/www.informationskompetenz.de\/index.php\/wp-json\/wp\/v2\/comments?post=1678"}],"version-history":[{"count":9,"href":"https:\/\/www.informationskompetenz.de\/index.php\/wp-json\/wp\/v2\/pages\/1678\/revisions"}],"predecessor-version":[{"id":4260,"href":"https:\/\/www.informationskompetenz.de\/index.php\/wp-json\/wp\/v2\/pages\/1678\/revisions\/4260"}],"up":[{"embeddable":true,"href":"https:\/\/www.informationskompetenz.de\/index.php\/wp-json\/wp\/v2\/pages\/1467"}],"wp:attachment":[{"href":"https:\/\/www.informationskompetenz.de\/index.php\/wp-json\/wp\/v2\/media?parent=1678"}],"curies":[{"name":"wp","href":"https:\/\/api.w.org\/{rel}","templated":true}]}}