{"id":1957,"date":"2016-01-19T17:24:15","date_gmt":"2016-01-19T16:24:15","guid":{"rendered":"http:\/\/wp.informationskompetenz.de\/?page_id=1957"},"modified":"2026-02-08T23:46:48","modified_gmt":"2026-02-08T22:46:48","slug":"best-practice-wettbewerb","status":"publish","type":"page","link":"https:\/\/www.informationskompetenz.de\/index.php\/kommission-informationskompetenz\/termine-veranstaltungen\/best-practice-wettbewerb\/","title":{"rendered":"Best-Practice-Wettbewerb"},"content":{"rendered":"<div id=\"attachment_2136\" style=\"width: 310px\" class=\"wp-caption alignright\"><a href=\"http:\/\/www.informationskompetenz.de\/wp-content\/uploads\/2016\/01\/IMG_0560.jpg\" rel=\"attachment wp-att-2136\"><img loading=\"lazy\" decoding=\"async\" aria-describedby=\"caption-attachment-2136\" class=\"wp-image-2136\" src=\"http:\/\/www.informationskompetenz.de\/wp-content\/uploads\/2016\/01\/IMG_0560.jpg\" alt=\"IMG_0560\" width=\"300\" height=\"225\" \/><\/a><p id=\"caption-attachment-2136\" class=\"wp-caption-text\">Copyright: UB Duisburg-Essen<\/p><\/div>\n<p>Wissenschaftsrat und Hochschulrektorenkonferenz fordern die Bibliotheken auf, verst\u00e4rkt mit anderen Einrichtungen zusammenzuarbeiten und neue Infrastrukturen zur F\u00f6rderung von Informationskompetenz aufzubauen. Ziel dieses Wettbewerbs ist es, vorbildliche Konzepte und Umsetzungen zu f\u00f6rdern. Best-Practice-Beispiele sollen bekannt gemacht werden und zum Erfahrungsaustausch und zur Nachahmung anregen. Teilnahmeberechtigt sind Bibliotheken, Bibliothekare und Bibliothekarinnen aller Sparten. Projekte in Zusammenarbeit mit weiteren Partnern sind ausdr\u00fccklich willkommen.<\/p>\n<p>Eine Fachjury bestehend aus Vertreterinnen und Vertretern des Deutschen Bibliotheksverbands, des Vereins Deutscher Bibliothekare, der Kommission Informationskompetenz, der Hochschulrektorenkonferenz und der Hochschullehrenden ermittelt die drei besten Wettbewerbsbeitr\u00e4ge. Bewertungskriterien sind die Innovationskraft und der Vorbildcharakter der Konzepte sowie ihre Umsetzung und Nutzung in der Praxis.<\/p>\n<p>Die Konzepte werden auf dieser Webseite ver\u00f6ffentlicht. Die Sieger des Wettbewerbs pr\u00e4sentieren ihre Konzepte beim folgenden Bibliothekartag mit einem Vortrag. Alle Teilnehmenden werden gebeten, die Wettbewerbsposter beim Bibliothekartag zu pr\u00e4sentieren und ihre Teilnahme am Kongress einzuplanen.<\/p>\n<ul>\n<li><a href=\"https:\/\/www.bibliotheksverband.de\/best-practice-wettbewerb-informationskompetenz#Preistraeger2023\" target=\"_blank\" rel=\"noopener\">2023<\/a><\/li>\n<li><a href=\"https:\/\/www.bibliotheksverband.de\/best-practice-wettbewerb-informationskompetenz#Preistraeger2022\" target=\"_blank\" rel=\"noopener\">2022<\/a><\/li>\n<li><a href=\"https:\/\/www.bibliotheksverband.de\/best-practice-wettbewerb-informationskompetenz#Preistraeger2021\" target=\"_blank\" rel=\"noopener\">2021<\/a><\/li>\n<li><a href=\"https:\/\/www.bibliotheksverband.de\/best-practice-wettbewerb-informationskompetenz#Preistraeger2020\" target=\"_blank\" rel=\"noopener\">2020<\/a><\/li>\n<li><a href=\"https:\/\/www.bibliotheksverband.de\/best-practice-wettbewerb-informationskompetenz#Preistraeger2019\" target=\"_blank\" rel=\"noopener\">2019<\/a><\/li>\n<li><a href=\"https:\/\/www.informationskompetenz.de\/index.php\/kommission-informationskompetenz\/termine-veranstaltungen\/best-practice-wettbewerb\/kommission-informationskompetenz-termine-veranstaltungen-best-practice-wettbewerb-2018-2\/\" target=\"_blank\" rel=\"noopener\">2018<\/a><\/li>\n<li><a href=\"https:\/\/www.informationskompetenz.de\/index.php\/kommission-informationskompetenz\/termine-veranstaltungen\/best-practice-wettbewerb\/2017-2\/\" target=\"_blank\" rel=\"noopener\">2017<\/a><\/li>\n<li><a href=\"https:\/\/www.informationskompetenz.de\/index.php\/kommission-informationskompetenz\/termine-veranstaltungen\/best-practice-wettbewerb\/bp-2016\/\" target=\"_blank\" rel=\"noopener\">2016<\/a><\/li>\n<li><a href=\"https:\/\/www.informationskompetenz.de\/index.php\/kommission-informationskompetenz\/termine-veranstaltungen\/best-practice-wettbewerb\/bp-2015\/\" target=\"_blank\" rel=\"noopener\">2015<\/a><\/li>\n<li><a href=\"https:\/\/www.informationskompetenz.de\/index.php\/kommission-informationskompetenz\/termine-veranstaltungen\/best-practice-wettbewerb\/2014-2\/\" target=\"_blank\" rel=\"noopener\">2014<\/a><\/li>\n<\/ul>\n","protected":false},"excerpt":{"rendered":"<p>Wissenschaftsrat und Hochschulrektorenkonferenz fordern die Bibliotheken auf, verst\u00e4rkt mit anderen Einrichtungen zusammenzuarbeiten und neue Infrastrukturen zur F\u00f6rderung von Informationskompetenz aufzubauen. Ziel dieses Wettbewerbs ist es, vorbildliche Konzepte und Umsetzungen zu [&hellip;]<\/p>\n","protected":false},"author":17,"featured_media":0,"parent":2045,"menu_order":0,"comment_status":"open","ping_status":"closed","template":"","meta":{"footnotes":""},"class_list":["post-1957","page","type-page","status-publish","hentry"],"_links":{"self":[{"href":"https:\/\/www.informationskompetenz.de\/index.php\/wp-json\/wp\/v2\/pages\/1957","targetHints":{"allow":["GET"]}}],"collection":[{"href":"https:\/\/www.informationskompetenz.de\/index.php\/wp-json\/wp\/v2\/pages"}],"about":[{"href":"https:\/\/www.informationskompetenz.de\/index.php\/wp-json\/wp\/v2\/types\/page"}],"author":[{"embeddable":true,"href":"https:\/\/www.informationskompetenz.de\/index.php\/wp-json\/wp\/v2\/users\/17"}],"replies":[{"embeddable":true,"href":"https:\/\/www.informationskompetenz.de\/index.php\/wp-json\/wp\/v2\/comments?post=1957"}],"version-history":[{"count":10,"href":"https:\/\/www.informationskompetenz.de\/index.php\/wp-json\/wp\/v2\/pages\/1957\/revisions"}],"predecessor-version":[{"id":5505,"href":"https:\/\/www.informationskompetenz.de\/index.php\/wp-json\/wp\/v2\/pages\/1957\/revisions\/5505"}],"up":[{"embeddable":true,"href":"https:\/\/www.informationskompetenz.de\/index.php\/wp-json\/wp\/v2\/pages\/2045"}],"wp:attachment":[{"href":"https:\/\/www.informationskompetenz.de\/index.php\/wp-json\/wp\/v2\/media?parent=1957"}],"curies":[{"name":"wp","href":"https:\/\/api.w.org\/{rel}","templated":true}]}}