{"id":1963,"date":"2016-01-19T17:37:41","date_gmt":"2016-01-19T16:37:41","guid":{"rendered":"http:\/\/wp.informationskompetenz.de\/?page_id=1963"},"modified":"2026-01-27T17:00:26","modified_gmt":"2026-01-27T16:00:26","slug":"mitglieder","status":"publish","type":"page","link":"https:\/\/www.informationskompetenz.de\/index.php\/kommission-informationskompetenz\/mitglieder\/","title":{"rendered":"Mitglieder"},"content":{"rendered":"<h3>Vorsitz<\/h3>\n<table style=\"width: 80%; height: 20%;\" cellspacing=\"10\" cellpadding=\"10\">\n<tbody>\n<tr>\n<td style=\"width: 62.9326%;\">\n<h4>Timo Steyer<\/h4>\n<p><span class=\"location\">Technische Universit\u00e4t Braunschweig<br \/>\n<\/span><span class=\"location\">Universit\u00e4tsbibliothek Braunschweig<br \/>\n<\/span><\/p>\n<p><span class=\"stra\u00dfe\">Universit\u00e4tsplatz 1<br \/>\n<\/span><span class=\"plz\">38106 <\/span><span class=\"ort\">Braunschweig<br \/>\n<\/span>Tel. <span class=\"info\">0531 3915027<br \/>\n<\/span>t.steyer@tu-braunschweig.de<\/td>\n<td style=\"text-align: right; width: 34.2441%;\"><\/td>\n<\/tr>\n<\/tbody>\n<\/table>\n<p>&nbsp;<\/p>\n<p><strong>Mitglieder<\/strong><\/p>\n<table style=\"width: 80%; height: 20%;\" cellspacing=\"10\" cellpadding=\"10\">\n<tbody>\n<tr>\n<td style=\"width: 63.6446%;\"><strong>Dr. Sabine Rauchmann<br \/>\n<\/strong>Universit\u00e4t Hamburg, Fakult\u00e4t f\u00fcr Wirtschafts- und Sozialwissenschaften,<br \/>\nFachbibliothek Wirtschaftswissenschaften<br \/>\nFachreferentinVon-Melle-Park 5<br \/>\n20146 Hamburg<br \/>\nTel. 040 <span class=\"info\">42838-5605<\/span><br \/>\nsabine.rauchmann@uni-hamburg.de<\/td>\n<td style=\"padding-left: 30px; width: 33.4542%;\"><\/td>\n<\/tr>\n<tr>\n<td style=\"width: 63.6446%;\">\n<div class=\"data\">\n<h4>Dr. Christina Schmitz<\/h4>\n<div class=\"description\">\n<div class=\"spacing-wrapper\"><span class=\"location\">Staatsbibliothek zu Berlin &#8211; Preu\u00dfischer Kulturbesitz<\/span><\/div>\n<div class=\"spacing-wrapper\"><span class=\"location-type\">Fachreferentin f\u00fcr Buch-, Bibliotheks- und Informationswissenschaft<\/span><\/div>\n<div><\/div>\n<div class=\"inline-wrapper\"><span class=\"stra\u00dfe\">Potsdamer Str. 33<\/span><\/div>\n<div class=\"inline-wrapper\"><span class=\"plz\">10785 <\/span><span class=\"ort\">Berlin<br \/>\n<\/span>Tel. <span class=\"info\">030 266433173<\/span><\/div>\n<\/div>\n<div class=\"description\">Christina.Schmitz@sbb.spk-berlin.de<\/div>\n<\/div>\n<\/td>\n<td style=\"width: 33.4542%;\"><\/td>\n<\/tr>\n<tr>\n<td style=\"width: 63.6446%;\">\n<h4>Nicolas Kusser<\/h4>\n<div class=\"description\">Universit\u00e4tsbibliothek Augsburg<br \/>\nStellv. Leitung Teilbibliothek Medizin \/<br \/>\nReferat Wissenschaftliche Dienste<\/div>\n<div class=\"adr\">\n<div><\/div>\n<div class=\"street-address\">Universit\u00e4tsstra\u00dfe 22<br \/>\n86159 Augsburg<br \/>\nTel. 0821 598 5421<br \/>\nnicolas.kusser@bibliothek.uni-augsburg.de<\/div>\n<\/div>\n<\/td>\n<td style=\"text-align: center; width: 33.4542%;\"><\/td>\n<\/tr>\n<tr>\n<td style=\"width: 63.6446%;\">\n<h4>Erik Senst<\/h4>\n<div>Universit\u00e4tsbibliothek L\u00fcneburg<\/div>\n<div>\n<div>Leitung Abteilung Informationsdienste<\/div>\n<div><\/div>\n<div>Universit\u00e4tsallee 1, CB.010<\/div>\n<div>21335 L\u00fcneburg<\/div>\n<div>Tel. 0131 6771136<\/div>\n<div><a>erik.senst@leuphana.de<\/a><\/div>\n<\/div>\n<\/td>\n<td style=\"width: 33.4542%;\"><a href=\"http:\/\/www.informationskompetenz.de\/wp-content\/uploads\/2018\/08\/Senst.jpg\"><img loading=\"lazy\" decoding=\"async\" class=\"wp-image-4108 size-full alignright\" src=\"http:\/\/www.informationskompetenz.de\/wp-content\/uploads\/2018\/08\/Senst.jpg\" alt=\"\" width=\"100\" height=\"138\" \/><\/a><\/td>\n<\/tr>\n<tr>\n<td style=\"width: 63.6446%;\">\n<div class=\"data\">\n<h4>Angelika Brauns<\/h4>\n<div>Gesch\u00e4ftsf\u00fchrerin des B\u00fcchereiverbandes L\u00fcneburg-Stade e. V.<br \/>\nLeiterin der B\u00fcchereizentrale Niedersachsen<\/div>\n<div>\n<div><\/div>\n<div>L\u00fcner Weg 20<br \/>\n21337 L\u00fcneburg<\/div>\n<div>Tel. 04131 9501-50<\/div>\n<div>angelika.brauns@bz-niedersachsen.de<\/div>\n<\/div>\n<\/div>\n<\/td>\n<td style=\"width: 33.4542%;\"><\/td>\n<\/tr>\n<\/tbody>\n<\/table>\n<p>&nbsp;<\/p>\n","protected":false},"excerpt":{"rendered":"<p>Vorsitz Timo Steyer Technische Universit\u00e4t Braunschweig Universit\u00e4tsbibliothek Braunschweig Universit\u00e4tsplatz 1 38106 Braunschweig Tel. 0531 3915027 t.steyer@tu-braunschweig.de &nbsp; Mitglieder Dr. Sabine Rauchmann Universit\u00e4t Hamburg, Fakult\u00e4t f\u00fcr Wirtschafts- und Sozialwissenschaften, Fachbibliothek Wirtschaftswissenschaften [&hellip;]<\/p>\n","protected":false},"author":17,"featured_media":0,"parent":457,"menu_order":0,"comment_status":"closed","ping_status":"closed","template":"","meta":{"footnotes":""},"class_list":["post-1963","page","type-page","status-publish","hentry"],"_links":{"self":[{"href":"https:\/\/www.informationskompetenz.de\/index.php\/wp-json\/wp\/v2\/pages\/1963","targetHints":{"allow":["GET"]}}],"collection":[{"href":"https:\/\/www.informationskompetenz.de\/index.php\/wp-json\/wp\/v2\/pages"}],"about":[{"href":"https:\/\/www.informationskompetenz.de\/index.php\/wp-json\/wp\/v2\/types\/page"}],"author":[{"embeddable":true,"href":"https:\/\/www.informationskompetenz.de\/index.php\/wp-json\/wp\/v2\/users\/17"}],"replies":[{"embeddable":true,"href":"https:\/\/www.informationskompetenz.de\/index.php\/wp-json\/wp\/v2\/comments?post=1963"}],"version-history":[{"count":52,"href":"https:\/\/www.informationskompetenz.de\/index.php\/wp-json\/wp\/v2\/pages\/1963\/revisions"}],"predecessor-version":[{"id":5457,"href":"https:\/\/www.informationskompetenz.de\/index.php\/wp-json\/wp\/v2\/pages\/1963\/revisions\/5457"}],"up":[{"embeddable":true,"href":"https:\/\/www.informationskompetenz.de\/index.php\/wp-json\/wp\/v2\/pages\/457"}],"wp:attachment":[{"href":"https:\/\/www.informationskompetenz.de\/index.php\/wp-json\/wp\/v2\/media?parent=1963"}],"curies":[{"name":"wp","href":"https:\/\/api.w.org\/{rel}","templated":true}]}}