{"id":208,"date":"2015-02-22T17:21:56","date_gmt":"2015-02-22T16:21:56","guid":{"rendered":"http:\/\/informationskompetenz.de\/\/?page_id=208"},"modified":"2018-08-28T09:34:35","modified_gmt":"2018-08-28T07:34:35","slug":"chronik-der-plattform","status":"publish","type":"page","link":"https:\/\/www.informationskompetenz.de\/index.php\/chronik-der-plattform\/","title":{"rendered":"Chronik der Plattform"},"content":{"rendered":"<h3>2002<\/h3>\n<p class=\"bodytext\">F\u00fcr die neu gegr\u00fcndete AG IK NRW wird in der ULB Bonn eine strukturierte Linksammlung zum Themenkomplex Informationskompetenz zusammengestellt. Die Sammlung wird erweitert durch Materialien zur Vorbereitung und Durchf\u00fchrung von Schulungen, die auf dem Server der ULB Bonn abgelegt werden und zur Nachnutzung zu Verf\u00fcgung stehen.<\/p>\n<h3>2004<\/h3>\n<p class=\"bodytext\">Wegen der un\u00fcberschaubar gewordenen Menge an Materialien wird der Aufbau einer Datenbank beschlossen.<\/p>\n<h3>2005<\/h3>\n<p class=\"bodytext\">Die Sammlung wird zum Zweck der \u00fcberregionalen Zusammenarbeit f\u00fcr andere Bundesl\u00e4nder ge\u00f6ffnet. Das Portal erh\u00e4lt die Internetadresse <a href=\"http:\/\/www.informationskompetenz.de\/\" target=\"_blank\" rel=\"noopener\">www.informationskompetenz.de<\/a>, verbleibt aber zun\u00e4chst auf dem Server der ULB Bonn.<\/p>\n<p class=\"bodytext\">Es wird ein Redaktionsteam mit Mitgliedern aus NRW und Baden-W\u00fcrttemberg gebildet. Die Regionen Th\u00fcringen und Baden-W\u00fcrttemberg werden ins Portal eingebunden.<\/p>\n<h3>2006<\/h3>\n<p class=\"bodytext\">Nach einigen Vorarbeiten in der ULB Bonn zeichnet sich ab, dass aufgrund personeller Engp\u00e4sse die Datenbank nicht so z\u00fcgig wie gew\u00fcnscht fertiggestellt werden kann. Es wird nach alternativen L\u00f6sungen gesucht. In diesem Zusammenhang wird auch ein Kontakt zur Anfang 2006 gegr\u00fcndeten AG IK Bayern hergestellt. Diese entsendet ebenfalls einen Vertreter ins Redaktionsteam.<\/p>\n<h3>2007<\/h3>\n<p class=\"bodytext\">Das Portal wird technisch von der UB M\u00fcnchen \u00fcbernommen und auf das Content Management System Typo3 portiert. Die Datenbank wird erstellt und der gesamte Internetauftritt durch das Redaktionsteam \u00fcberarbeitet und neu strukturiert.<\/p>\n<p class=\"bodytext\">Das an der UB Kaiserslautern gehostete Glossar zu Begriffen der Informationskompetenz wird eingebunden.<\/p>\n<p class=\"bodytext\">Die AG IK des GBV und das Netzwerk Informationskompetenz Hessen beteiligen sich am Portal. Das Redaktionsteam wird jeweils um ein Mitglied aus diesen Regionen erweitert.<\/p>\n<h3>2008<\/h3>\n<p class=\"bodytext\">Die Anfang 2008 gegr\u00fcndete AG IK Rheinland-Pfalz\/Saarland beteiligt sich am Redaktionsteam und pr\u00e4sentiert sich unter &#8222;Regionen&#8220;.<\/p>\n<p class=\"bodytext\">F\u00fcr die Veranstaltungsstatistik wird erstmals ein Online-Formular mit automatisierter Auswertung auf der Plattform zur Verf\u00fcgung gestellt. Die Ergebnisse der Offline-Erhebung in Baden-W\u00fcrttemberg, Bayern und NRW aus dem Jahr 2007 werden publiziert.<\/p>\n<p class=\"bodytext\">Die Regionalpr\u00e4senz Sachsen wird eingerichtet. Das\u00a02007 gegr\u00fcndete Netzwerk Informationskompetenz Sachsen entsendet ein Mitglied ins Redaktionsteam.<\/p>\n<h3>2009<\/h3>\n<p class=\"bodytext\">Das Netzwerk Informationskompetenz Berlin beteiligt sich mit einer Regionalpr\u00e4senz am Portal und entsendet ein Mitglied ins Redaktionsteam.<\/p>\n<h3>2010<\/h3>\n<p>Der Deutsche Bibliotheksverband (dbv) \u00fcbernimmt im Rahmen des Kompetenznetzwerkes f\u00fcr Bibliotheken (KNB) das Hosting des Portals. Die Migration erfolgt am 02.02.2010.<\/p>\n<h3><strong>2016<\/strong><\/h3>\n<div class=\"content\">\n<p>Anl\u00e4sslich des Leipziger Bibliothekskongresses ist es endlich soweit: Das Portal www.informationskompetenz.de geht mit neuem Look, mit neuer Struktur und neuen Features online.<\/p>\n<p>Durch die Kooperation mit dem ZPID wird der Men\u00fcpunkt \u201eForschung\u201c vom ZPID betreut.\u00a0 Ebenso erhalten die Aspekte \u201eIK und Schule\u201c und \u201eIK International\u201c\u00a0 nun als eigene Men\u00fcpunkte einen h\u00f6heren Stellenwert als bisher. Die Webpr\u00e4senz der Gemeinsamen Kommission Informationskompetenz von VDB und dbv zieht ebenfalls in das Portal um und ist als Ansprechpartner an gleicher Stelle verortet wie die regionalen Netzwerke und AGs. Aktuelle Meldungen aus den Regionen und zu allen IK-Themenbereichen als Blog dienen einem kontinuierlichem Austausch, ebenso wie Ank\u00fcndigungen von Veranstaltungen der IK-Community (Fortbildungen, Workshops, Arbeitstreffen). Alle regionalen AGs und Netzwerke in den Regionen bleiben mit ihren Aktivit\u00e4ten und als Ansprechpartner ein Herzst\u00fcck des Portals. Und mit ihnen das Engagement zur Unterst\u00fctzung von Informationskomnpetenz in Schule und Hochschule, Aus- und Weiterbildung in Bibliotheken. Dieses Engagement wird nicht zuletzt dokumentiert im Statistikportal der Bibliotheken zu ihren IK-Veranstaltungen. Ein herzlicher Dank gilt allen, die sich f\u00fcr den Fortbestand und die technische wie inhaltliche Weiterentwicklung des Portals eingesetzt haben, insbes. dem Redaktionsteam aus Vertreter\/innen der regionalen AGs und Netzwerke sowie Benno Homann (UB Heidelberg).<\/p>\n<p>mehr: <a href=\"http:\/\/www.bibliotheksverband.de\/dbv\/presse\/presse-details\/archive\/2016\/march\/article\/launch-der-neuen-website-wwwinformationskompetenzde-best-practice-bei-der-vermittlung-von-informat.html?tx_ttnews[day]=15&amp;cHash=21846ae1711f811ab71e97117013a70f\" target=\"_blank\" rel=\"noopener\">Pressemitteilung des dbv<\/a><\/p>\n<p>&nbsp;<\/p>\n<\/div>\n","protected":false},"excerpt":{"rendered":"<p>2002 F\u00fcr die neu gegr\u00fcndete AG IK NRW wird in der ULB Bonn eine strukturierte Linksammlung zum Themenkomplex Informationskompetenz zusammengestellt. Die Sammlung wird erweitert durch Materialien zur Vorbereitung und Durchf\u00fchrung [&hellip;]<\/p>\n","protected":false},"author":1,"featured_media":0,"parent":0,"menu_order":0,"comment_status":"closed","ping_status":"open","template":"","meta":{"footnotes":""},"class_list":["post-208","page","type-page","status-publish","hentry"],"_links":{"self":[{"href":"https:\/\/www.informationskompetenz.de\/index.php\/wp-json\/wp\/v2\/pages\/208","targetHints":{"allow":["GET"]}}],"collection":[{"href":"https:\/\/www.informationskompetenz.de\/index.php\/wp-json\/wp\/v2\/pages"}],"about":[{"href":"https:\/\/www.informationskompetenz.de\/index.php\/wp-json\/wp\/v2\/types\/page"}],"author":[{"embeddable":true,"href":"https:\/\/www.informationskompetenz.de\/index.php\/wp-json\/wp\/v2\/users\/1"}],"replies":[{"embeddable":true,"href":"https:\/\/www.informationskompetenz.de\/index.php\/wp-json\/wp\/v2\/comments?post=208"}],"version-history":[{"count":2,"href":"https:\/\/www.informationskompetenz.de\/index.php\/wp-json\/wp\/v2\/pages\/208\/revisions"}],"predecessor-version":[{"id":4104,"href":"https:\/\/www.informationskompetenz.de\/index.php\/wp-json\/wp\/v2\/pages\/208\/revisions\/4104"}],"wp:attachment":[{"href":"https:\/\/www.informationskompetenz.de\/index.php\/wp-json\/wp\/v2\/media?parent=208"}],"curies":[{"name":"wp","href":"https:\/\/api.w.org\/{rel}","templated":true}]}}