{"id":2334,"date":"2016-02-15T08:32:01","date_gmt":"2016-02-15T07:32:01","guid":{"rendered":"http:\/\/wp.informationskompetenz.de\/?page_id=2334"},"modified":"2025-10-07T10:53:22","modified_gmt":"2025-10-07T08:53:22","slug":"publikationen","status":"publish","type":"page","link":"https:\/\/www.informationskompetenz.de\/index.php\/regionen\/bayern\/publikationen\/","title":{"rendered":"Publikationen"},"content":{"rendered":"<p><strong>2025<\/strong><\/p>\n<ul>\n<li><strong><a href=\"https:\/\/www.informationskompetenz.de\/wp-content\/uploads\/2025\/10\/Leitfaden_KI_Faktencheck_Tools_AGIKBAY.pdf\" target=\"_blank\" rel=\"noopener noreferrer\">Der Einsatz von KI-Faktencheck-Tools in bibliothekarischen Schulungsveranstaltungen.<br \/>\nEin Leitfaden f\u00fcr Bibliotheken<\/a><\/strong><\/li>\n<\/ul>\n<p><strong>2024<\/strong><\/p>\n<ul>\n<li><strong><a href=\"https:\/\/www.informationskompetenz.de\/wp-content\/uploads\/2024\/05\/AGIK-Empfehlungen_Organisationsstruktur_202405.pdf\" target=\"_blank\" rel=\"noopener noreferrer\">Empfehlungen zur Organisationsstruktur f\u00fcr die F\u00f6rderung von Informationskompetenz an den Universit\u00e4ts- und Hochschulbibliotheken in Bayern<\/a><\/strong><\/li>\n<\/ul>\n<p><strong>2020<\/strong><\/p>\n<ul>\n<li><strong><a href=\"http:\/\/www.informationskompetenz.de\/wp-content\/uploads\/2020\/12\/AGIK_Bayern_Empfehlungen_IK_im_digitalen_Semester.pdf\" target=\"_blank\" rel=\"noopener noreferrer\">F\u00f6rderung von Informationskompetenz in der digitalen Lehre. Herausforderungen und Empfehlungen<\/a><\/strong><\/li>\n<\/ul>\n<p><strong>2014<\/strong><\/p>\n<ul>\n<li><strong><a href=\"http:\/\/www.informationskompetenz.de\/wp-content\/uploads\/2015\/02\/AGIK_Bayern_Checkliste_Lehrerfortbildungen_final.pdf\" target=\"_blank\" rel=\"noopener noreferrer\">Checkliste Lehrerfortbildungen der AG Informationskompetenz des BVB<\/a><\/strong><\/li>\n<li><strong><a href=\"http:\/\/www.informationskompetenz.de\/wp-content\/uploads\/2015\/02\/AGIK_Bayern_Leitfaden_zur_Durchf%C3%BChrung_von_Informationskompetenzkursen_f%C3%BCr_Promovierende_final.pdf\" target=\"_blank\" rel=\"noopener noreferrer\">Leitfaden Promovierende der AG Informationskompetenz des BVB<\/a><\/strong><\/li>\n<\/ul>\n<p><strong>2011<\/strong><\/p>\n<ul>\n<li><strong><a href=\"http:\/\/www.informationskompetenz.de\/wp-content\/uploads\/2016\/02\/Standards_IK_Schulen_2.pdf\" target=\"_blank\" rel=\"noopener noreferrer\">Standards der Informationskompetenz f\u00fcr Sch\u00fclerinnen und Sch\u00fcler. Das Angebot der wissenschaftlichen Bibliotheken<\/a><\/strong><\/li>\n<li><strong><a href=\"http:\/\/www.informationskompetenz.de\/wp-content\/uploads\/2016\/02\/Didakt-organisat-Standards-IK_Endfassung.pdf\" target=\"_blank\" rel=\"noopener noreferrer\">Didaktische und organisatorische Standards f\u00fcr die Zusammenarbeit von wissenschaftlichen Bibliotheken und Schulen<\/a><\/strong><\/li>\n<\/ul>\n<p><strong>2009<\/strong><\/p>\n<ul>\n<li><strong><a href=\"http:\/\/www.informationskompetenz.de\/wp-content\/uploads\/2015\/02\/AGIK_Bayern_Checkliste_f%C3%BCr_die__2800.pdf\" target=\"_blank\" rel=\"noopener noreferrer\">Checkliste f\u00fcr die Durchf\u00fchrung von IK-Veranstaltungen der AG IK des BVB<\/a><\/strong><\/li>\n<\/ul>\n<ul>F\u00fcr die Planung von Veranstaltungen zur Vermittlung von Informationskompetenz, die mit ECTS-Punkten bewerten werden sollen.<\/ul>\n<ul>\n<li><strong><a href=\"http:\/\/www.informationskompetenz.de\/wp-content\/uploads\/2015\/02\/AGIK_Bayern_Leitlinien_f%C3%BCr_die__2799.pdf\" target=\"_blank\" rel=\"noopener noreferrer\">Leitlinien f\u00fcr die Durchf\u00fchrung von Veranstaltungen zum Erwerb von Informationskompetenz an den bayerischen Universit\u00e4ts- und Hochschulbibliotheken<\/a><\/strong><\/li>\n<\/ul>\n","protected":false},"excerpt":{"rendered":"<p>2025 Der Einsatz von KI-Faktencheck-Tools in bibliothekarischen Schulungsveranstaltungen. Ein Leitfaden f\u00fcr Bibliotheken 2024 Empfehlungen zur Organisationsstruktur f\u00fcr die F\u00f6rderung von Informationskompetenz an den Universit\u00e4ts- und Hochschulbibliotheken in Bayern 2020 F\u00f6rderung [&hellip;]<\/p>\n","protected":false},"author":24,"featured_media":0,"parent":239,"menu_order":0,"comment_status":"closed","ping_status":"closed","template":"","meta":{"footnotes":""},"class_list":["post-2334","page","type-page","status-publish","hentry"],"_links":{"self":[{"href":"https:\/\/www.informationskompetenz.de\/index.php\/wp-json\/wp\/v2\/pages\/2334","targetHints":{"allow":["GET"]}}],"collection":[{"href":"https:\/\/www.informationskompetenz.de\/index.php\/wp-json\/wp\/v2\/pages"}],"about":[{"href":"https:\/\/www.informationskompetenz.de\/index.php\/wp-json\/wp\/v2\/types\/page"}],"author":[{"embeddable":true,"href":"https:\/\/www.informationskompetenz.de\/index.php\/wp-json\/wp\/v2\/users\/24"}],"replies":[{"embeddable":true,"href":"https:\/\/www.informationskompetenz.de\/index.php\/wp-json\/wp\/v2\/comments?post=2334"}],"version-history":[{"count":18,"href":"https:\/\/www.informationskompetenz.de\/index.php\/wp-json\/wp\/v2\/pages\/2334\/revisions"}],"predecessor-version":[{"id":5352,"href":"https:\/\/www.informationskompetenz.de\/index.php\/wp-json\/wp\/v2\/pages\/2334\/revisions\/5352"}],"up":[{"embeddable":true,"href":"https:\/\/www.informationskompetenz.de\/index.php\/wp-json\/wp\/v2\/pages\/239"}],"wp:attachment":[{"href":"https:\/\/www.informationskompetenz.de\/index.php\/wp-json\/wp\/v2\/media?parent=2334"}],"curies":[{"name":"wp","href":"https:\/\/api.w.org\/{rel}","templated":true}]}}