{"id":236,"date":"2015-03-07T07:46:43","date_gmt":"2015-03-07T06:46:43","guid":{"rendered":"http:\/\/informationskompetenz.de\/\/?page_id=236"},"modified":"2026-02-09T00:27:30","modified_gmt":"2026-02-08T23:27:30","slug":"baden-wuerttemberg","status":"publish","type":"page","link":"https:\/\/www.informationskompetenz.de\/index.php\/regionen\/baden-wuerttemberg\/","title":{"rendered":"Baden-W\u00fcrttemberg"},"content":{"rendered":"<h3 class=\"csc-firstHeader\">Netzwerk Informationskompetenz Baden-W\u00fcrttemberg (NIK-BW)<\/h3>\n<p class=\"bodytext\">Im Rahmen einer akademischen Ausbildung, aber auch in den vielf\u00e4ltigen Situationen lebenslangen Lernens besteht ein Bedarf an Qualifizierungsangeboten, die den Einzelnen in die Lage versetzen, effizient und kritisch mit fachlichen und allgemeinen Informationsressourcen umzugehen. Die baden-w\u00fcrttembergischen Hochschul- und Landesbibliotheken sehen daher die Vermittlung von Informationskompetenz als eine ihrer Kernaufgaben an und entwickeln verschiedenartige, an den Bedarf der jeweiligen Hochschule angepasste und nach F\u00e4chern und Zielgruppen differenzierte Angebote.<\/p>\n<p class=\"bodytext\">Das Netzwerk Informationskompetenz Baden-W\u00fcrttemberg (NIK-BW) unterst\u00fctzt die Hochschul- und Landesbibliotheken bei der Weiterentwicklung ihrer Schulungs- und Kursangebote und f\u00f6rdert den Austausch und die Koordinierung sowohl zwischen den beteiligten Partnern als auch mit anderen Initiativen in Deutschland. Schwerpunkte liegen in folgenden Arbeitsgebieten:<\/p>\n<ul>\n<li>Formulierung von Standards und Zielen zur Vermittlung von Informationskompetenz,<\/li>\n<li>gemeinsames Marketing,<\/li>\n<li>gemeinsame Entwicklung und Austausch von Lehr-\/Lernmaterialien (auch im Bereich E-Learning),<\/li>\n<li>didaktische und fachliche Weiterbildung der beteiligten Mitarbeiter,<\/li>\n<li>Evaluation und Qualit\u00e4tskontrolle.<\/li>\n<\/ul>\n<p>&#8212;<\/p>\n<p>Weitere Informationen:<\/p>\n<ul>\n<li><a href=\"https:\/\/www.informationskompetenz.de\/index.php\/regionen\/baden-wuerttemberg\/mitglieder-des-netzwerks-nik-bw\/\" target=\"_blank\" rel=\"noopener\">Mitglieder des NIK-BW<\/a><\/li>\n<li><a href=\"https:\/\/www.informationskompetenz.de\/index.php\/regionen\/baden-wuerttemberg\/nik-bw-teilnehmerbibliotheken\/\" target=\"_blank\" rel=\"noopener\">Teilnehmerbibliotheken des NIK-BW<\/a><\/li>\n<li><a href=\"https:\/\/www.informationskompetenz.de\/index.php\/regionen\/baden-wuerttemberg\/baden-wuerttemberg-schulungs-und-kursangebote\/\" target=\"_blank\" rel=\"noopener\">Schulungs- und Kursangebote (BW)\u00a0<\/a><\/li>\n<li><a href=\"https:\/\/www.informationskompetenz.de\/index.php\/regionen\/baden-wuerttemberg\/schulungsstatistik-bw\/\" target=\"_blank\" rel=\"noopener\">Schulungsstatistik (BW)<\/a><\/li>\n<li><a href=\"https:\/\/www.informationskompetenz.de\/index.php\/regionen\/baden-wuerttemberg\/e-learning-in-bw\/\" target=\"_blank\" rel=\"noopener\">E-Learning (BW)\u00a0<\/a><\/li>\n<li><a href=\"https:\/\/www.informationskompetenz.de\/index.php\/regionen\/baden-wuerttemberg\/arbeitsergebnisse-des-nik-bw\/\" target=\"_blank\" rel=\"noopener\">Arbeitsergebnisse des NIK-BW<\/a><\/li>\n<li><a href=\"https:\/\/www.informationskompetenz.de\/index.php\/regionen\/baden-wuerttemberg\/angebote-fuer-die-gymnasiale-oberstufe-in-baden-wuerttemberg\/\" target=\"_blank\" rel=\"noopener\">Angebote gymnasiale Oberstufe (BW)<\/a><\/li>\n<li><a href=\"https:\/\/www.informationskompetenz.de\/index.php\/regionen\/baden-wuerttemberg\/literaturverwaltungsprogramme\/\" target=\"_blank\" rel=\"noopener\">Literaturverwaltung (BW)<\/a><\/li>\n<li><a href=\"https:\/\/www.informationskompetenz.de\/index.php\/regionen\/baden-wuerttemberg\/mailing-liste-bw\/\" target=\"_blank\" rel=\"noopener\">Mailing-Liste (BW)<\/a><\/li>\n<\/ul>\n","protected":false},"excerpt":{"rendered":"<p>Netzwerk Informationskompetenz Baden-W\u00fcrttemberg (NIK-BW) Im Rahmen einer akademischen Ausbildung, aber auch in den vielf\u00e4ltigen Situationen lebenslangen Lernens besteht ein Bedarf an Qualifizierungsangeboten, die den Einzelnen in die Lage versetzen, effizient [&hellip;]<\/p>\n","protected":false},"author":1,"featured_media":0,"parent":210,"menu_order":0,"comment_status":"closed","ping_status":"closed","template":"","meta":{"footnotes":""},"class_list":["post-236","page","type-page","status-publish","hentry"],"_links":{"self":[{"href":"https:\/\/www.informationskompetenz.de\/index.php\/wp-json\/wp\/v2\/pages\/236","targetHints":{"allow":["GET"]}}],"collection":[{"href":"https:\/\/www.informationskompetenz.de\/index.php\/wp-json\/wp\/v2\/pages"}],"about":[{"href":"https:\/\/www.informationskompetenz.de\/index.php\/wp-json\/wp\/v2\/types\/page"}],"author":[{"embeddable":true,"href":"https:\/\/www.informationskompetenz.de\/index.php\/wp-json\/wp\/v2\/users\/1"}],"replies":[{"embeddable":true,"href":"https:\/\/www.informationskompetenz.de\/index.php\/wp-json\/wp\/v2\/comments?post=236"}],"version-history":[{"count":4,"href":"https:\/\/www.informationskompetenz.de\/index.php\/wp-json\/wp\/v2\/pages\/236\/revisions"}],"predecessor-version":[{"id":5525,"href":"https:\/\/www.informationskompetenz.de\/index.php\/wp-json\/wp\/v2\/pages\/236\/revisions\/5525"}],"up":[{"embeddable":true,"href":"https:\/\/www.informationskompetenz.de\/index.php\/wp-json\/wp\/v2\/pages\/210"}],"wp:attachment":[{"href":"https:\/\/www.informationskompetenz.de\/index.php\/wp-json\/wp\/v2\/media?parent=236"}],"curies":[{"name":"wp","href":"https:\/\/api.w.org\/{rel}","templated":true}]}}