{"id":239,"date":"2015-03-07T07:49:38","date_gmt":"2015-03-07T06:49:38","guid":{"rendered":"http:\/\/informationskompetenz.de\/\/?page_id=239"},"modified":"2026-01-27T16:05:18","modified_gmt":"2026-01-27T15:05:18","slug":"bayern","status":"publish","type":"page","link":"https:\/\/www.informationskompetenz.de\/index.php\/regionen\/bayern\/","title":{"rendered":"Bayern"},"content":{"rendered":"<div class=\"csc-header csc-header-n1\">\n<h3 class=\"csc-firstHeader\"><\/h3>\n<h3 class=\"csc-firstHeader\">Arbeitsgemeinschaft Informationskompetenz des Bibliotheksverbunds Bayern (AGIK BAY)<\/h3>\n<\/div>\n<p><strong>\u00a0<\/strong><\/p>\n<p>Die bayerischen Universit\u00e4tsbibliotheken, Hochschulbibliotheken und staatlichen Bibliotheken f\u00f6rdern die Informationskompetenz ihrer Nutzerinnen und Nutzer durch eine Vielzahl von Veranstaltungen, Projekten und Initiativen. Die aktive Vermittlung von Informationskompetenz f\u00fcr Studierende, Wissenschaftlerinnen und Wissenschaftler, Sch\u00fclerinnen und Sch\u00fcler, Lehrerinnen und Lehrer wie auch f\u00fcr weitere Zielgruppen ist eine bibliothekarische Kernaufgabe in Bayern.<\/p>\n<p>Die AG Informationskompetenz im Bibliotheksverbund Bayern wurde 2006 von der UB-Direktorenkonferenz und der Konferenz der Leiterinnen und Leiter der Hochschulbibliotheken eingerichtet. Ziel der AG Informationskompetenz Bayern ist es, die Aktivit\u00e4ten an den Bibliotheken durch konkrete Empfehlungen und praktische Vorarbeiten zu unterst\u00fctzen und zu einer hohen Qualit\u00e4t des Lehrangebots beizutragen. Dazu hat die AGIK BAY die Aufgabe, Standards und Leitlinien zu entwickeln, die Fachleute vor Ort zu unterst\u00fctzen und Best Practice zu koordinieren.<\/p>\n<p>&nbsp;<\/p>\n","protected":false},"excerpt":{"rendered":"<p>Arbeitsgemeinschaft Informationskompetenz des Bibliotheksverbunds Bayern (AGIK BAY) \u00a0 Die bayerischen Universit\u00e4tsbibliotheken, Hochschulbibliotheken und staatlichen Bibliotheken f\u00f6rdern die Informationskompetenz ihrer Nutzerinnen und Nutzer durch eine Vielzahl von Veranstaltungen, Projekten und Initiativen. [&hellip;]<\/p>\n","protected":false},"author":1,"featured_media":0,"parent":210,"menu_order":0,"comment_status":"closed","ping_status":"open","template":"","meta":{"footnotes":""},"class_list":["post-239","page","type-page","status-publish","hentry"],"_links":{"self":[{"href":"https:\/\/www.informationskompetenz.de\/index.php\/wp-json\/wp\/v2\/pages\/239","targetHints":{"allow":["GET"]}}],"collection":[{"href":"https:\/\/www.informationskompetenz.de\/index.php\/wp-json\/wp\/v2\/pages"}],"about":[{"href":"https:\/\/www.informationskompetenz.de\/index.php\/wp-json\/wp\/v2\/types\/page"}],"author":[{"embeddable":true,"href":"https:\/\/www.informationskompetenz.de\/index.php\/wp-json\/wp\/v2\/users\/1"}],"replies":[{"embeddable":true,"href":"https:\/\/www.informationskompetenz.de\/index.php\/wp-json\/wp\/v2\/comments?post=239"}],"version-history":[{"count":12,"href":"https:\/\/www.informationskompetenz.de\/index.php\/wp-json\/wp\/v2\/pages\/239\/revisions"}],"predecessor-version":[{"id":5433,"href":"https:\/\/www.informationskompetenz.de\/index.php\/wp-json\/wp\/v2\/pages\/239\/revisions\/5433"}],"up":[{"embeddable":true,"href":"https:\/\/www.informationskompetenz.de\/index.php\/wp-json\/wp\/v2\/pages\/210"}],"wp:attachment":[{"href":"https:\/\/www.informationskompetenz.de\/index.php\/wp-json\/wp\/v2\/media?parent=239"}],"curies":[{"name":"wp","href":"https:\/\/api.w.org\/{rel}","templated":true}]}}