{"id":242,"date":"2015-03-07T07:51:09","date_gmt":"2015-03-07T06:51:09","guid":{"rendered":"http:\/\/informationskompetenz.de\/\/?page_id=242"},"modified":"2026-01-27T15:58:27","modified_gmt":"2026-01-27T14:58:27","slug":"berlin-brandenburg","status":"publish","type":"page","link":"https:\/\/www.informationskompetenz.de\/index.php\/regionen\/berlin-brandenburg\/","title":{"rendered":"Berlin \/ Brandenburg"},"content":{"rendered":"<div id=\"c395\" class=\"csc-default\">\n<div class=\"csc-header csc-header-n1\">\n<h3 class=\"csc-firstHeader\">NIK &#8211; Netzwerk Informationskompetenz Berlin-Brandenburg (NIK BB)<\/h3>\n<\/div>\n<div class=\"csc-textpic csc-textpic-intext-left\">\n<div class=\"csc-textpic-text\">\n<p class=\"bodytext\">Das Netzwerk Informationskompetenz Berlin-Brandenburg ist eine regionale Kooperation unterschiedlicher Bibliotheken.<\/p>\n<p class=\"bodytext\">Obwohl sich die Ziel- und Nutzergruppen der teilnehmenden Bibliotheken zum Teil sehr unterschiedlich darstellen, verfolgen die Mitglieder des Netzwerkes gemeinsam das Ziel,\u00a0die Vermittlung von Informationskompetenz in der Region weiterzuentwickeln und zu f\u00f6rdern.<\/p>\n<p class=\"bodytext\">Dabei stehen gemeinsame fachliche und didaktische Weiterbildung und der Erfahrungsaustausch der Mitarbeiterinnen und Mitarbeiter ebenso im Mittelpunkt wie das Erarbeiten bzw. Austauschen von Lehr- und Lernmaterialien oder die Erweiterung und Koordinierung des Kurs- und Schulungsangebotes.<\/p>\n<ul>\n<li class=\"bodytext\"><a href=\"http:\/\/www.informationskompetenz.de\/?page_id=322\">Teilnehmende Bibliotheken des NIK Berlin-Brandenburg<\/a><\/li>\n<\/ul>\n<\/div>\n<ul>\n<li><a href=\"http:\/\/www.informationskompetenz.de\/?page_id=471\">Mitglieder des NIK Berlin-Brandenburg<\/a><\/li>\n<\/ul>\n<div class=\"csc-textpic-text\">\n<h3 class=\"csc-firstHeader\">AG Sch\u00fclerkurse des NIK Berlin-Brandenburg<\/h3>\n<p>Die Arbeitsgemeinschaft zu Sch\u00fclerkursen an Hochschulbibliotheken und der Zentral- und Landesbibliothek Berlin hat das <a href=\"http:\/\/info.ub.hu-berlin.de\/tutorials\/informationskompetenz\/index.html\">Onlinetutorial f\u00fcr Sch\u00fcler und Sch\u00fclerinnen in Berlin-Brandenburg<\/a> in Zusammenarbeit mit der Hochschule f\u00fcr Medien in Stuttgart (HdM) erarbeitet. Die Arbeitsgruppe trifft sich regelm\u00e4\u00dft zum Erfahrungsaustausch und Austausch von Schulungskonzepten f\u00fcr Sch\u00fclerkurse f\u00fcr die Sekundarstufe II.<\/p>\n<\/div>\n<\/div>\n<\/div>\n<div id=\"c861\" class=\"csc-default\">\n<ul>\n<li class=\"bodytext\"><a href=\"http:\/\/www.informationskompetenz.de\/index.php\/regionen\/berlin-brandenburg\/mitglieder-der-ag-schuelerkurse-des-nik-bb\/\">Mitglieder der AG Sch\u00fclerkurse des NIK Berlin-Brandenburg<\/a><\/li>\n<\/ul>\n<\/div>\n<div class=\"csc-header csc-header-n2\"><\/div>\n<h3 class=\"bodytext\"><a href=\"http:\/\/www.informationskompetenz.de\/index.php\/regionen\/berlin-brandenburg\/veranstaltungen-in-berlin-brandenburg\/\"><strong>Veranstaltungen des NIK Berlin-Brandenburg<\/strong><\/a><\/h3>\n<p class=\"bodytext\">\n","protected":false},"excerpt":{"rendered":"<p>NIK &#8211; Netzwerk Informationskompetenz Berlin-Brandenburg (NIK BB) Das Netzwerk Informationskompetenz Berlin-Brandenburg ist eine regionale Kooperation unterschiedlicher Bibliotheken. Obwohl sich die Ziel- und Nutzergruppen der teilnehmenden Bibliotheken zum Teil sehr unterschiedlich [&hellip;]<\/p>\n","protected":false},"author":1,"featured_media":0,"parent":210,"menu_order":0,"comment_status":"closed","ping_status":"open","template":"","meta":{"footnotes":""},"class_list":["post-242","page","type-page","status-publish","hentry"],"_links":{"self":[{"href":"https:\/\/www.informationskompetenz.de\/index.php\/wp-json\/wp\/v2\/pages\/242","targetHints":{"allow":["GET"]}}],"collection":[{"href":"https:\/\/www.informationskompetenz.de\/index.php\/wp-json\/wp\/v2\/pages"}],"about":[{"href":"https:\/\/www.informationskompetenz.de\/index.php\/wp-json\/wp\/v2\/types\/page"}],"author":[{"embeddable":true,"href":"https:\/\/www.informationskompetenz.de\/index.php\/wp-json\/wp\/v2\/users\/1"}],"replies":[{"embeddable":true,"href":"https:\/\/www.informationskompetenz.de\/index.php\/wp-json\/wp\/v2\/comments?post=242"}],"version-history":[{"count":26,"href":"https:\/\/www.informationskompetenz.de\/index.php\/wp-json\/wp\/v2\/pages\/242\/revisions"}],"predecessor-version":[{"id":4559,"href":"https:\/\/www.informationskompetenz.de\/index.php\/wp-json\/wp\/v2\/pages\/242\/revisions\/4559"}],"up":[{"embeddable":true,"href":"https:\/\/www.informationskompetenz.de\/index.php\/wp-json\/wp\/v2\/pages\/210"}],"wp:attachment":[{"href":"https:\/\/www.informationskompetenz.de\/index.php\/wp-json\/wp\/v2\/media?parent=242"}],"curies":[{"name":"wp","href":"https:\/\/api.w.org\/{rel}","templated":true}]}}