{"id":2443,"date":"2016-02-17T11:31:55","date_gmt":"2016-02-17T10:31:55","guid":{"rendered":"http:\/\/wp.informationskompetenz.de\/?page_id=2443"},"modified":"2016-02-17T14:27:20","modified_gmt":"2016-02-17T13:27:20","slug":"2015-2","status":"publish","type":"page","link":"https:\/\/www.informationskompetenz.de\/index.php\/regionen\/hessen\/ik-hessen-schulungsstatistik\/2015-2\/","title":{"rendered":"Schulungsstatistik 2015"},"content":{"rendered":"<p>Im Jahr 2015 beteiligten sich in Hessen acht Bibliotheken an der gemeinsamen Schulungsstatistik, die \u00fcber das Portal &#8222;Informationskompetenz.de&#8220; erfasst wurde:<\/p>\n<ul>\n<li>Die Universit\u00e4ts- und Landesbibliothek Darmstadt<\/li>\n<li>die Bibliothek der Hochschule Darmstadt,<\/li>\n<li>die Universit\u00e4tsbibliothek Frankfurt am Main,<\/li>\n<li>die Bibliothek der Frankfurt University of\u00a0 Applied Sciences ,<\/li>\n<li>die Hochschul- und Landesbibliothek Fulda<\/li>\n<\/ul>\n<ul>\n<li>die Universit\u00e4tsbibliothek Gie\u00dfen,<\/li>\n<li>die Universit\u00e4ts-, Landes- und Murhardsche Bibliothek Kassel und<\/li>\n<li>die Universit\u00e4tsbibliothek Marburg<\/li>\n<\/ul>\n<p>29177 Teilnehmer wurden in\u00a01815 verschiedenen Veranstaltungen geschult. 76%* der Teilnehmer waren Studierende im Grundstudium oder in B.A.-Studieng\u00e4ngen. Aber auch Studierende im Hauptstudium und in Master-Studieng\u00e4ngen (19%) sowie Sch\u00fclerinnen und Sch\u00fcler (14%) waren wichtige Zielgruppen.<\/p>\n<p>Pro Veranstaltung waren in 58% der F\u00e4lle 10 bis 30 Teilnehmer anwesend. 37% der Schulungen fanden mit unter 10 Teilnehmern statt. Immerhin noch 6% der Veranstaltungen waren mit mehr als 30 Teilnehmern besucht.<\/p>\n<p>42% der Veranstaltungen waren f\u00e4cher\u00fcbergreifend konzipiert. Auf die Sozial-. Wirtschaftswissenschaften und Jura entfielen 15%, die Naturwissenschaften, Medizin und Mathematik machten 9% der Schulungen aus, die Geisteswissenschaften kamen auf 24%. Knapp 4% der Veranstaltungen entfielen auf die Ingenieurswissenschaften.<\/p>\n<p>Die meisten Schulungen umfassten 1 Sitzung (98%) und dauerten bis zu 90 Minuten (44%). 90-min\u00fctige Schulungen machten etwa 39% der Veranstaltungen aus. Die Mehrheit der Schulungen (73%) waren eigenst\u00e4ndige Bibliotheksveranstaltungen ohne Einbindung in Lehrpl\u00e4ne. Der Anteil der offenen Veranstaltungen, das bedeutet die freiwillige Teilnahme, betrug 70%, die Pflicht- und Wahlpflichtveranstaltungen mit ECTS-Punkten kamen auf knapp 5%. Etwa 25% der Schulungen waren Pflicht- oder Wahlpflichtveranstaltungen ohne die Vergabe ECTS-Punkten.<\/p>\n<p>Bibliothekare und Bibliothekarinnen des gehobenen Dienstes waren mit knapp 75% an den Schulungen beteiligt. Bei rund 31% der Veranstaltungen waren Dozentinnen und Dozenten des h\u00f6heren Dienstes oder einem entsprechenden Qualifikationsniveau im Einsatz. Auch Bibliothekare des Mittleren Dienstes gestalteten mit einem Anteil von 11% die Veranstaltungen. Einige Schulungen (3%) wurden von studentischen Hilfskr\u00e4ften mitgestaltet. Externe Schulungsbeauftragte hielten 2% der Veranstaltungen ab.<\/p>\n<p>79% der Veranstaltungen waren didaktisch ganz oder teilweise als Vortr\u00e4ge oder Pr\u00e4sentationen gestaltet. Dies wurde jedoch in 55% der Veranstaltungen durch praktische \u00dcbungen erg\u00e4nzt. Integrierte E-Learning-Phasen kamen auf 1,5% aller Veranstaltungen.<\/p>\n<p>Bei den inhaltlichen Schwerpunkten dominierten die Bibliotheksbenutzung (56%), einzelne Kataloge und Datenbanken (42%), sowie Suchstrategien und Suchtechniken (33%). Die Recherche in Internetquellen wurde in 7% der Veranstaltungen thematisiert. Einen hohen Anteil machten auch Veranstaltungen zur Informationsverarbeitung und deren Verwaltung (bspw. mit Citavi, einem Programm zur Literaturverwaltung) aus (19%). Rechtliche, \u00f6konomische und ethische Fragen sowie Vortr\u00e4ge zum elektronischen Publizieren kamen jeweils auf 2% aller Veranstaltungen. Als umfassende Kurse zur Informationskompetenz waren \u00fcber 9% der Veranstaltungen angelegt.<br \/>\n*Alle Prozentangaben gerundet, keine Nachkommastelle angegeben.<\/p>\n<p>Details in der grafischen Auswertung: <a href=\"http:\/\/www.informationskompetenz.de\/wp-content\/uploads\/2016\/02\/IK-Hessen-gesamt-Auswertung-2015.pdf\" rel=\"\">IK Hessen\u00a0 Auswertung 2015<\/a><\/p>\n<p>&nbsp;<\/p>\n<p>&nbsp;<\/p>\n","protected":false},"excerpt":{"rendered":"<p>Im Jahr 2015 beteiligten sich in Hessen acht Bibliotheken an der gemeinsamen Schulungsstatistik, die \u00fcber das Portal &#8222;Informationskompetenz.de&#8220; erfasst wurde: Die Universit\u00e4ts- und Landesbibliothek Darmstadt die Bibliothek der Hochschule Darmstadt, [&hellip;]<\/p>\n","protected":false},"author":17,"featured_media":0,"parent":2459,"menu_order":0,"comment_status":"closed","ping_status":"closed","template":"","meta":{"footnotes":""},"class_list":["post-2443","page","type-page","status-publish","hentry"],"_links":{"self":[{"href":"https:\/\/www.informationskompetenz.de\/index.php\/wp-json\/wp\/v2\/pages\/2443","targetHints":{"allow":["GET"]}}],"collection":[{"href":"https:\/\/www.informationskompetenz.de\/index.php\/wp-json\/wp\/v2\/pages"}],"about":[{"href":"https:\/\/www.informationskompetenz.de\/index.php\/wp-json\/wp\/v2\/types\/page"}],"author":[{"embeddable":true,"href":"https:\/\/www.informationskompetenz.de\/index.php\/wp-json\/wp\/v2\/users\/17"}],"replies":[{"embeddable":true,"href":"https:\/\/www.informationskompetenz.de\/index.php\/wp-json\/wp\/v2\/comments?post=2443"}],"version-history":[{"count":5,"href":"https:\/\/www.informationskompetenz.de\/index.php\/wp-json\/wp\/v2\/pages\/2443\/revisions"}],"predecessor-version":[{"id":2463,"href":"https:\/\/www.informationskompetenz.de\/index.php\/wp-json\/wp\/v2\/pages\/2443\/revisions\/2463"}],"up":[{"embeddable":true,"href":"https:\/\/www.informationskompetenz.de\/index.php\/wp-json\/wp\/v2\/pages\/2459"}],"wp:attachment":[{"href":"https:\/\/www.informationskompetenz.de\/index.php\/wp-json\/wp\/v2\/media?parent=2443"}],"curies":[{"name":"wp","href":"https:\/\/api.w.org\/{rel}","templated":true}]}}