{"id":245,"date":"2015-03-07T07:52:37","date_gmt":"2015-03-07T06:52:37","guid":{"rendered":"http:\/\/informationskompetenz.de\/\/?page_id=245"},"modified":"2026-01-27T15:58:47","modified_gmt":"2026-01-27T14:58:47","slug":"bremen","status":"publish","type":"page","link":"https:\/\/www.informationskompetenz.de\/index.php\/regionen\/bremen\/","title":{"rendered":"Bremen"},"content":{"rendered":"<div id=\"c214\" class=\"csc-default\">\n<div class=\"csc-header csc-header-n1\">\n<div class=\"csc-header csc-header-n2\">\n<h3>Standorte &amp; Bibliotheken<\/h3>\n<\/div>\n<ul>\n<li><a class=\"external-link-new-window\" title=\"Opens external link in new window\" href=\"http:\/\/www.suub.uni-bremen.de\" target=\"_blank\" rel=\"noopener\">Bremen: Staats- und Universit\u00e4tsbibliothek<\/a><\/li>\n<\/ul>\n<h3 class=\"csc-firstHeader\">Arbeitsgemeinschaft Informationskompetenz im GBV (AGIK GBV)<\/h3>\n<\/div>\n<p class=\"bodytext\">Am 14. September 2006 trafen sich in G\u00f6ttingen erstmals interessierte Bibliothekarinnen und Bibliothekare aus wissenschaftlichen Bibliotheken im gesamten Bereich des Gemeinsamen Bibliotheksverbunds (GBV), um \u00fcber k\u00fcnftige Formen der Zusammenarbeit und des Austauschs auf dem Feld der Informationskompetenz im GBV-Bereich zu beraten. Als zentrale Informations-, Kommunikations- und Materialplattform bestimmten die Teilnehmerinnen und Teilnehmer das Verbund-Wiki des GBV (<a href=\"https:\/\/verbundwiki.gbv.de\/display\/GAD\/Informationskompetenz\">https:\/\/verbundwiki.gbv.de\/display\/GAD\/Informationskompetenz<\/a>). Dort finden Sie n\u00e4here Informationen \u00fcber die Arbeitsgemeinschaft (AG-Mitglieder (Federf\u00fchrung), Besprechungsprotokolle, n\u00e4chste Termine, &#8230;). Vorerst besteht eine offene Netzwerkstruktur unter informeller Federf\u00fchrung. Eine engere Anbindung der Arbeitsgemeinschaft in die GBV-Organisationsstrukturen ist derzeit nicht vorgesehen, f\u00fcr die Zukunft aber nicht ausgeschlossen. Die thematische Arbeit der AGIK GBV umfasst die folgenden Bereiche:<\/p>\n<ul type=\"disc\">\n<li>Netzwerkbildung;<\/li>\n<li>Praktischer Informations- und Erfahrungsaustausch;<\/li>\n<li>Sicherstellung der Nachnutzbarkeit von Materialien;<\/li>\n<li>Qualifizierung von Mitarbeiterinnen und Mitarbeitern allgemein im Bereich der Informationskompetenz und speziell im Bereich der p\u00e4dagogisch-didaktischen Methodik (Hochschul- bzw. Bibliotheksdidaktik).<\/li>\n<\/ul>\n<\/div>\n<div id=\"c576\" class=\"csc-default\"><\/div>\n","protected":false},"excerpt":{"rendered":"<p>Standorte &amp; Bibliotheken Bremen: Staats- und Universit\u00e4tsbibliothek Arbeitsgemeinschaft Informationskompetenz im GBV (AGIK GBV) Am 14. September 2006 trafen sich in G\u00f6ttingen erstmals interessierte Bibliothekarinnen und Bibliothekare aus wissenschaftlichen Bibliotheken im [&hellip;]<\/p>\n","protected":false},"author":1,"featured_media":0,"parent":210,"menu_order":0,"comment_status":"closed","ping_status":"open","template":"","meta":{"footnotes":""},"class_list":["post-245","page","type-page","status-publish","hentry"],"_links":{"self":[{"href":"https:\/\/www.informationskompetenz.de\/index.php\/wp-json\/wp\/v2\/pages\/245","targetHints":{"allow":["GET"]}}],"collection":[{"href":"https:\/\/www.informationskompetenz.de\/index.php\/wp-json\/wp\/v2\/pages"}],"about":[{"href":"https:\/\/www.informationskompetenz.de\/index.php\/wp-json\/wp\/v2\/types\/page"}],"author":[{"embeddable":true,"href":"https:\/\/www.informationskompetenz.de\/index.php\/wp-json\/wp\/v2\/users\/1"}],"replies":[{"embeddable":true,"href":"https:\/\/www.informationskompetenz.de\/index.php\/wp-json\/wp\/v2\/comments?post=245"}],"version-history":[{"count":7,"href":"https:\/\/www.informationskompetenz.de\/index.php\/wp-json\/wp\/v2\/pages\/245\/revisions"}],"predecessor-version":[{"id":5428,"href":"https:\/\/www.informationskompetenz.de\/index.php\/wp-json\/wp\/v2\/pages\/245\/revisions\/5428"}],"up":[{"embeddable":true,"href":"https:\/\/www.informationskompetenz.de\/index.php\/wp-json\/wp\/v2\/pages\/210"}],"wp:attachment":[{"href":"https:\/\/www.informationskompetenz.de\/index.php\/wp-json\/wp\/v2\/media?parent=245"}],"curies":[{"name":"wp","href":"https:\/\/api.w.org\/{rel}","templated":true}]}}