{"id":249,"date":"2015-03-07T07:54:59","date_gmt":"2015-03-07T06:54:59","guid":{"rendered":"http:\/\/informationskompetenz.de\/\/?page_id=249"},"modified":"2026-01-27T15:59:36","modified_gmt":"2026-01-27T14:59:36","slug":"hessen","status":"publish","type":"page","link":"https:\/\/www.informationskompetenz.de\/index.php\/regionen\/hessen\/","title":{"rendered":"Hessen"},"content":{"rendered":"<p class=\"bodytext\"><strong>AG Informationskompetenz der Hessischen Direktorenkonferenz<\/strong><\/p>\n<p class=\"bodytext\">Ausgehend von einem Workshop im Dezember 2007 in der UB Gie\u00dfen hatten sich Vertreterinnen und Vertreter der wissenschaftlichen Bibliotheken Hessens zun\u00e4chst f\u00fcr ein regionales Netzwerk entschieden. Seit Februar 2014 ist das Netzwerk IK-Hessen in eine Arbeitsgemeinschaft der Hessischen Direktorenkonferenz \u00fcbergeleitet worden.<\/p>\n<p class=\"bodytext\">Dienstleistungen zur F\u00f6rderung von Informationskompetenz sind entwicklungs- und zukunftsf\u00e4hige Kernaufgaben von Bibliotheken:<\/p>\n<p class=\"bodytext\">Zielgruppenorientierte, nach neuesten didaktischen Erkenntnissen konzeptionierte Schulungskonzepte stehen ebenso im Fokus wie die stetige Evaluierung und der Test von neuen Lern- und Arbeitsumgebungen. Favorisiert wird eine st\u00e4rkere Kooperation im Bereich der Fortbildungen und Konzeptionen.<\/p>\n<p class=\"bodytext\">Informationskompetenz wird weiterreichend als Gestaltungsaufgabe f\u00fcr Bibliotheken im Sinne einer strikten Nutzerorientierung verstanden.<\/p>\n<p>&nbsp;<\/p>\n<p class=\"bodytext\">\u00a0Koordinierung des Netzwerkes:<\/p>\n<p>Seit 2024: <a href=\"mailto:J.Haeckelmann@ub.uni-frankfurt.de\">Julian H\u00e4ckelmann (UB Frankfurt)<\/a><\/p>\n<p>2019-2023: Ulrike Lengauer<\/p>\n<p class=\"bodytext\">2007-2018: Claudia Martin-Konle<\/p>\n","protected":false},"excerpt":{"rendered":"<p>AG Informationskompetenz der Hessischen Direktorenkonferenz Ausgehend von einem Workshop im Dezember 2007 in der UB Gie\u00dfen hatten sich Vertreterinnen und Vertreter der wissenschaftlichen Bibliotheken Hessens zun\u00e4chst f\u00fcr ein regionales Netzwerk [&hellip;]<\/p>\n","protected":false},"author":1,"featured_media":0,"parent":210,"menu_order":0,"comment_status":"closed","ping_status":"open","template":"","meta":{"footnotes":""},"class_list":["post-249","page","type-page","status-publish","hentry"],"_links":{"self":[{"href":"https:\/\/www.informationskompetenz.de\/index.php\/wp-json\/wp\/v2\/pages\/249","targetHints":{"allow":["GET"]}}],"collection":[{"href":"https:\/\/www.informationskompetenz.de\/index.php\/wp-json\/wp\/v2\/pages"}],"about":[{"href":"https:\/\/www.informationskompetenz.de\/index.php\/wp-json\/wp\/v2\/types\/page"}],"author":[{"embeddable":true,"href":"https:\/\/www.informationskompetenz.de\/index.php\/wp-json\/wp\/v2\/users\/1"}],"replies":[{"embeddable":true,"href":"https:\/\/www.informationskompetenz.de\/index.php\/wp-json\/wp\/v2\/comments?post=249"}],"version-history":[{"count":8,"href":"https:\/\/www.informationskompetenz.de\/index.php\/wp-json\/wp\/v2\/pages\/249\/revisions"}],"predecessor-version":[{"id":5168,"href":"https:\/\/www.informationskompetenz.de\/index.php\/wp-json\/wp\/v2\/pages\/249\/revisions\/5168"}],"up":[{"embeddable":true,"href":"https:\/\/www.informationskompetenz.de\/index.php\/wp-json\/wp\/v2\/pages\/210"}],"wp:attachment":[{"href":"https:\/\/www.informationskompetenz.de\/index.php\/wp-json\/wp\/v2\/media?parent=249"}],"curies":[{"name":"wp","href":"https:\/\/api.w.org\/{rel}","templated":true}]}}