{"id":253,"date":"2015-03-07T07:56:49","date_gmt":"2015-03-07T06:56:49","guid":{"rendered":"http:\/\/informationskompetenz.de\/\/?page_id=253"},"modified":"2026-01-27T16:00:17","modified_gmt":"2026-01-27T15:00:17","slug":"niedersachsen","status":"publish","type":"page","link":"https:\/\/www.informationskompetenz.de\/index.php\/regionen\/niedersachsen\/","title":{"rendered":"Niedersachsen"},"content":{"rendered":"<div id=\"c455\" class=\"csc-default\">\n<div class=\"csc-header csc-header-n2\">\n<h3>Standorte &amp; Bibliotheken<\/h3>\n<\/div>\n<ul>\n<li><a href=\"https:\/\/www.awi.de\/ueber-uns\/service\/bibliothek.html\" target=\"_blank\" rel=\"noopener\">Bremerhaven: Bibliothek des Alfred-Wegener-Instituts &#8211; Helmholtz-Zentrum f\u00fcr Polar- und Meeresforschung<\/a><\/li>\n<li><a class=\"external-link-new-window\" title=\"Opens external link in new window\" href=\"http:\/\/bibliothek.tu-clausthal.de\" target=\"_blank\" rel=\"noopener\">Clausthal: Universit\u00e4tsbibliothek der Technischen Universit\u00e4t<\/a><\/li>\n<li><a class=\"external-link-new-window\" title=\"Opens external link in new window\" href=\"http:\/\/www.sub.uni-goettingen.de\/\" target=\"_blank\" rel=\"noopener\">G\u00f6ttingen: Staats- und Universit\u00e4tsbibliothek<\/a><\/li>\n<li><a class=\"external-link-new-window\" title=\"Opens external link in new window\" href=\"http:\/\/www.tib.eu\" target=\"_blank\" rel=\"noopener\">Hannover: Technische Informationsbibliothek (TIB)<\/a><\/li>\n<li><a class=\"external-link-new-window\" title=\"Opens external link in new window\" href=\"http:\/\/www.leuphana.de\/services\/miz.html\" target=\"_blank\" rel=\"noopener\">L\u00fcneburg: Medien- und Informationszentrum<\/a><\/li>\n<li><a class=\"external-link-new-window\" title=\"Opens external link in new window\" href=\"http:\/\/www.bis.uni-oldenburg.de\" target=\"_blank\" rel=\"noopener\">Oldenburg: Bibliotheks- und Informationssystem (BIS)<\/a><\/li>\n<li><a class=\"external-link-new-window\" title=\"Opens external link in new window\" href=\"http:\/\/www.ub.uni-osnabrueck.de\" target=\"_blank\" rel=\"noopener\">Osnabr\u00fcck: Universit\u00e4tsbibliothek<\/a><\/li>\n<li><a href=\"http:\/\/www.bibliothek.uni-vechta.de\/home\" target=\"_blank\" rel=\"noopener\">Vechta: Universit\u00e4tsbibliothek<\/a><\/li>\n<\/ul>\n<div class=\"csc-header csc-header-n1\">\n<h3 class=\"csc-firstHeader\">Arbeitsgemeinschaft Informationskompetenz im GBV (AGIK GBV)<\/h3>\n<\/div>\n<p class=\"bodytext\">Am 14. September 2006 trafen sich in G\u00f6ttingen erstmals interessierte Bibliothekarinnen und Bibliothekare aus wissenschaftlichen Bibliotheken im gesamten Bereich des Gemeinsamen Bibliotheksverbunds (GBV), um \u00fcber k\u00fcnftige Formen der Zusammenarbeit und des Austauschs auf dem Feld der Informationskompetenz im GBV-Bereich zu beraten. Als zentrale Informations-, Kommunikations- und Materialplattform bestimmten die Teilnehmerinnen und Teilnehmer das Verbund-Wiki des GBV (<a href=\"https:\/\/verbundwiki.gbv.de\/display\/GAD\/Informationskompetenz\">https:\/\/verbundwiki.gbv.de\/display\/GAD\/Informationskompetenz<\/a>). Dort finden Sie n\u00e4here Informationen \u00fcber die Arbeitsgemeinschaft (AG-Mitglieder (Federf\u00fchrung), Besprechungsprotokolle, n\u00e4chste Termine, &#8230;). Vorerst besteht eine offene Netzwerkstruktur unter informeller Federf\u00fchrung. Eine engere Anbindung der Arbeitsgemeinschaft in die GBV-Organisationsstrukturen ist derzeit nicht vorgesehen, f\u00fcr die Zukunft aber nicht ausgeschlossen. Die thematische Arbeit der AGIK GBV umfasst die folgenden Bereiche:<\/p>\n<ul type=\"disc\">\n<li>Netzwerkbildung;<\/li>\n<li>Praktischer Informations- und Erfahrungsaustausch;<\/li>\n<li>Sicherstellung der Nachnutzbarkeit von Materialien;<\/li>\n<li>Qualifizierung von Mitarbeiterinnen und Mitarbeitern allgemein im Bereich der Informationskompetenz und speziell im Bereich der p\u00e4dagogisch-didaktischen Methodik (Hochschul- bzw. Bibliotheksdidaktik).<\/li>\n<\/ul>\n<\/div>\n","protected":false},"excerpt":{"rendered":"<p>Standorte &amp; Bibliotheken Bremerhaven: Bibliothek des Alfred-Wegener-Instituts &#8211; Helmholtz-Zentrum f\u00fcr Polar- und Meeresforschung Clausthal: Universit\u00e4tsbibliothek der Technischen Universit\u00e4t G\u00f6ttingen: Staats- und Universit\u00e4tsbibliothek Hannover: Technische Informationsbibliothek (TIB) L\u00fcneburg: Medien- und Informationszentrum [&hellip;]<\/p>\n","protected":false},"author":1,"featured_media":0,"parent":210,"menu_order":0,"comment_status":"closed","ping_status":"open","template":"","meta":{"footnotes":""},"class_list":["post-253","page","type-page","status-publish","hentry"],"_links":{"self":[{"href":"https:\/\/www.informationskompetenz.de\/index.php\/wp-json\/wp\/v2\/pages\/253","targetHints":{"allow":["GET"]}}],"collection":[{"href":"https:\/\/www.informationskompetenz.de\/index.php\/wp-json\/wp\/v2\/pages"}],"about":[{"href":"https:\/\/www.informationskompetenz.de\/index.php\/wp-json\/wp\/v2\/types\/page"}],"author":[{"embeddable":true,"href":"https:\/\/www.informationskompetenz.de\/index.php\/wp-json\/wp\/v2\/users\/1"}],"replies":[{"embeddable":true,"href":"https:\/\/www.informationskompetenz.de\/index.php\/wp-json\/wp\/v2\/comments?post=253"}],"version-history":[{"count":11,"href":"https:\/\/www.informationskompetenz.de\/index.php\/wp-json\/wp\/v2\/pages\/253\/revisions"}],"predecessor-version":[{"id":3986,"href":"https:\/\/www.informationskompetenz.de\/index.php\/wp-json\/wp\/v2\/pages\/253\/revisions\/3986"}],"up":[{"embeddable":true,"href":"https:\/\/www.informationskompetenz.de\/index.php\/wp-json\/wp\/v2\/pages\/210"}],"wp:attachment":[{"href":"https:\/\/www.informationskompetenz.de\/index.php\/wp-json\/wp\/v2\/media?parent=253"}],"curies":[{"name":"wp","href":"https:\/\/api.w.org\/{rel}","templated":true}]}}