{"id":255,"date":"2015-03-07T07:57:55","date_gmt":"2015-03-07T06:57:55","guid":{"rendered":"http:\/\/informationskompetenz.de\/\/?page_id=255"},"modified":"2026-02-09T00:55:48","modified_gmt":"2026-02-08T23:55:48","slug":"nordrhein-westfalen","status":"publish","type":"page","link":"https:\/\/www.informationskompetenz.de\/index.php\/regionen\/nordrhein-westfalen\/","title":{"rendered":"Nordrhein-Westfalen"},"content":{"rendered":"<div class=\"csc-header csc-header-n1\">\n<h3 class=\"csc-firstHeader\">Informationskompetenz in Kooperation<\/h3>\n<\/div>\n<p class=\"bodytext\">In Nordrhein-Westfalen ist die Vermittlung von Informationskompetenz bereits seit 2002 eine gemeinschaftliche Aufgabe. Damals haben sich die Hochschulbibliotheken zusammengeschlossen, um die Vermittlung von Informationskompetenz als Kernaufgabe wissenschaftlicher Bibliotheken in ihren Hochschulen zu etablieren und zu f\u00f6rdern. Alle Aktivit\u00e4ten wurden durch eine\u00a0Arbeitsgruppe der Arbeitsgemeinschaft der Universit\u00e4tsbibliotheken (AG UB) und der Arbeitsgemeinschaft der Fachhochschulbibliotheken (AG FHB) koordiniert. Sie st\u00fctzte sich auf aktive Schulungsbibliothekare als Multiplikatorinnen und Multiplikatoren in den einzelnen Bibliotheken. Die Plattform www.informationskompetenz.de geht auf auf eine Initiative aus NRW zur\u00fcck und entstand aus einer ersten Sammlung von Kontaktadressen und Materialien.<\/p>\n<p class=\"bodytext\">Die Aufgabe, Informationskompetenz an den Bibliotheken zu etablieren, ist inzwischen erf\u00fcllt. Es hat sich au\u00dferdem im Laufe der gemeinsamen Aktivit\u00e4ten ein Netzwerk gebildet, das Zusammenarbeit, Erfahrungsaustausch und Unterst\u00fctzung von Neueinsteigern ohne eine leitende AG leisten kann. Mit dem <a href=\"http:\/\/www.fh-koeln.de\/weiterbildung\/zbiw_5865.php\" target=\"_blank\" rel=\"noopener\">ZBIW <\/a>&#8211; Zentrum f\u00fcr Fort- und Weiterbildung f\u00fcr Bibliotheken und Informationseinrichtungen an der FH K\u00f6ln steht eine zentrale Stelle f\u00fcr Fortbildungen zur Verf\u00fcgung, die Vorschl\u00e4ge der Multiplikatoren aufnimmt.<\/p>\n<p class=\"bodytext\">Ende 2014 wurde daher die AG Informationskompetenz in NRW aufgel\u00f6st. Die in den Jahren zuvor eingef\u00fchrten regelm\u00e4\u00dfigen Treffen der Multiplikatoren werden weitergef\u00fchrt und jedes Jahr von einer anderen der teilnehmenden Bibliotheken organisiert.<\/p>\n<p>&#8212;<\/p>\n<p>Weitere Informationen:<\/p>\n<ul>\n<li><a href=\"https:\/\/www.informationskompetenz.de\/index.php\/regionen\/nordrhein-westfalen\/das-netzwerk\/\" target=\"_blank\" rel=\"noopener\">Das Netzwerk<\/a><\/li>\n<li><a href=\"https:\/\/www.informationskompetenz.de\/index.php\/regionen\/nordrhein-westfalen\/nordrhein-westfalenschulungs-und-kursangebote\/\" target=\"_blank\" rel=\"noopener\">Schulungs- und Kursangebote<\/a><\/li>\n<li><a href=\"https:\/\/www.informationskompetenz.de\/index.php\/regionen\/nordrhein-westfalen\/literaturverwaltungsprogramme\/\" target=\"_blank\" rel=\"noopener\">Literaturverwaltungsprogramme<\/a><\/li>\n<li><a href=\"https:\/\/www.informationskompetenz.de\/index.php\/regionen\/nordrhein-westfalen\/erfahrungsaustausch\/\" target=\"_blank\" rel=\"noopener\">Erfahrungsaustausch NRW<\/a>\n<ul>\n<li><a href=\"https:\/\/www.informationskompetenz.de\/index.php\/regionen\/nordrhein-westfalen\/erfahrungsaustausch-2015\/\" target=\"_blank\" rel=\"noopener\">Erfahrungsaustausch 2015<\/a><\/li>\n<li><a href=\"https:\/\/www.informationskompetenz.de\/index.php\/regionen\/nordrhein-westfalen\/erfahrungsaustausch-2016\/\" target=\"_blank\" rel=\"noopener\">Erfahrungsaustausch 2016<\/a><\/li>\n<li><a href=\"https:\/\/www.informationskompetenz.de\/index.php\/regionen\/nordrhein-westfalen\/erfahrungsaustausch-2019\/\" target=\"_blank\" rel=\"noopener\">Erfahrungsaustausch 2019<\/a><\/li>\n<\/ul>\n<\/li>\n<li><a href=\"https:\/\/www.informationskompetenz.de\/index.php\/regionen\/nordrhein-westfalen\/workshop-discovery-syteme\/\" target=\"_blank\" rel=\"noopener\">Workshop Discovery Services und Informationskompetenz<\/a><\/li>\n<li><a href=\"https:\/\/www.informationskompetenz.de\/index.php\/regionen\/nordrhein-westfalen\/schulungsstatistik-nrw\/\" target=\"_blank\" rel=\"noopener\">Schulungsstatistik NRW<\/a>\n<ul>\n<li><a href=\"https:\/\/www.informationskompetenz.de\/index.php\/regionen\/nordrhein-westfalen\/schulungsstatistik-nrw-2007-2013\/\" target=\"_blank\" rel=\"noopener\">Schulungsstatistik NRW 2007-2013<\/a><\/li>\n<li><a href=\"https:\/\/www.informationskompetenz.de\/index.php\/regionen\/nordrhein-westfalen\/schulungsstatistik-nrw-2014\/\" target=\"_blank\" rel=\"noopener\">Schulungsstatistik NRW 2014<\/a><\/li>\n<li><a href=\"https:\/\/www.informationskompetenz.de\/index.php\/regionen\/nordrhein-westfalen\/schulungsstatistik-nrw-2015\/\" target=\"_blank\" rel=\"noopener\">Schulungsstatistik NRW 2015<\/a><\/li>\n<\/ul>\n<\/li>\n<li>AG IK in NRW: <a href=\"https:\/\/www.informationskompetenz.de\/index.php\/regionen\/nordrhein-westfalen\/ag-ik-in-nrw-archiv\/\" target=\"_blank\" rel=\"noopener\">Archiv<\/a><\/li>\n<\/ul>\n","protected":false},"excerpt":{"rendered":"<p>Informationskompetenz in Kooperation In Nordrhein-Westfalen ist die Vermittlung von Informationskompetenz bereits seit 2002 eine gemeinschaftliche Aufgabe. Damals haben sich die Hochschulbibliotheken zusammengeschlossen, um die Vermittlung von Informationskompetenz als Kernaufgabe wissenschaftlicher [&hellip;]<\/p>\n","protected":false},"author":1,"featured_media":0,"parent":210,"menu_order":0,"comment_status":"closed","ping_status":"open","template":"","meta":{"footnotes":""},"class_list":["post-255","page","type-page","status-publish","hentry"],"_links":{"self":[{"href":"https:\/\/www.informationskompetenz.de\/index.php\/wp-json\/wp\/v2\/pages\/255","targetHints":{"allow":["GET"]}}],"collection":[{"href":"https:\/\/www.informationskompetenz.de\/index.php\/wp-json\/wp\/v2\/pages"}],"about":[{"href":"https:\/\/www.informationskompetenz.de\/index.php\/wp-json\/wp\/v2\/types\/page"}],"author":[{"embeddable":true,"href":"https:\/\/www.informationskompetenz.de\/index.php\/wp-json\/wp\/v2\/users\/1"}],"replies":[{"embeddable":true,"href":"https:\/\/www.informationskompetenz.de\/index.php\/wp-json\/wp\/v2\/comments?post=255"}],"version-history":[{"count":9,"href":"https:\/\/www.informationskompetenz.de\/index.php\/wp-json\/wp\/v2\/pages\/255\/revisions"}],"predecessor-version":[{"id":5542,"href":"https:\/\/www.informationskompetenz.de\/index.php\/wp-json\/wp\/v2\/pages\/255\/revisions\/5542"}],"up":[{"embeddable":true,"href":"https:\/\/www.informationskompetenz.de\/index.php\/wp-json\/wp\/v2\/pages\/210"}],"wp:attachment":[{"href":"https:\/\/www.informationskompetenz.de\/index.php\/wp-json\/wp\/v2\/media?parent=255"}],"curies":[{"name":"wp","href":"https:\/\/api.w.org\/{rel}","templated":true}]}}