{"id":257,"date":"2015-03-07T07:59:01","date_gmt":"2015-03-07T06:59:01","guid":{"rendered":"http:\/\/informationskompetenz.de\/\/?page_id=257"},"modified":"2026-02-09T01:04:31","modified_gmt":"2026-02-09T00:04:31","slug":"rheinland-pfalz-und-saarland","status":"publish","type":"page","link":"https:\/\/www.informationskompetenz.de\/index.php\/regionen\/rheinland-pfalz-und-saarland\/","title":{"rendered":"Rheinland-Pfalz und Saarland"},"content":{"rendered":"<div class=\"csc-header csc-header-n1\">\n<h3 class=\"csc-firstHeader\">AG Informationskompetenz Rheinland-Pfalz und Saarland<\/h3>\n<\/div>\n<p class=\"bodytext\">\u00a0In der AG Informationskompetenz Rheinland-Pfalz und Saarland arbeiten Vertreterinnen und Vertreter aus rheinland-pf\u00e4lzischen und saarl\u00e4ndischen wissenschaftlichen Bibliotheken zusammen, um die Aktivit\u00e4ten im Bereich Vermittlung von Informationskompetenz in beiden Bundesl\u00e4ndern zu koordinieren.<\/p>\n<p class=\"bodytext\">Die AG Informationskompetenz versteht sich als <a href=\"http:\/\/www.informationskompetenz.de\/index.php\/regionen\/rheinland-pfalz-und-saarland\/netzwerk\/\">Netzwerk<\/a>, das die Zusammenarbeit, den Erfahrungsaustausch und die Professionalisierung in diesem f\u00fcr wissenschaftliche Bibliotheken immer wichtiger werdenden Bereich voranbringen will.<\/p>\n<p class=\"bodytext\">Aufgaben und Ziele der AG sind unter anderem:<\/p>\n<ul>\n<li>Ideen- und Erfahrungsaustausch zu aktuellen Themen und Problemen im Arbeitsbereich Vermittlung von Informationskompetenz<\/li>\n<li>Erarbeiten und Formulieren von Standards<\/li>\n<li>Verbesserung von Schulungskonzepten im Hinblick auf Didaktik und Methodik<\/li>\n<\/ul>\n<p>Die Ergebnisse der j\u00e4hrlichen Treffen der AG Informationskompetenz Rheinland-Pfalz \/ Saarland sind in den <a href=\"https:\/\/www.informationskompetenz.de\/index.php\/regionen\/rheinland-pfalz-und-saarland\/arbeitsergebnisse\/\">Protokollen<\/a> festgehalten.<\/p>\n<p class=\"bodytext\">Kontakt: <a href=\"mailto:fromme@lbz-rlp.de\">Koordinierung \/ Redaktion<\/a><\/p>\n<p>&#8212;<\/p>\n<p>Weitere Informationen:<\/p>\n<ul>\n<li><a href=\"https:\/\/www.informationskompetenz.de\/index.php\/regionen\/rheinland-pfalz-und-saarland\/netzwerk\/\" target=\"_blank\" rel=\"noopener\">Das Netzwerk<\/a><\/li>\n<li><a href=\"https:\/\/www.informationskompetenz.de\/index.php\/regionen\/rheinland-pfalz-und-saarland\/schulungs-und-kursangebot\/\" target=\"_blank\" rel=\"noopener\">Schulungs- und Kursangebot<\/a><\/li>\n<li><a href=\"https:\/\/www.informationskompetenz.de\/index.php\/regionen\/rheinland-pfalz-und-saarland\/literaturverwaltungsprogramme\/\" target=\"_blank\" rel=\"noopener\">Literaturverwaltungsprogramme<\/a><\/li>\n<li><a href=\"https:\/\/www.informationskompetenz.de\/index.php\/regionen\/rheinland-pfalz-und-saarland\/schulungsstatistik\/\" target=\"_blank\" rel=\"noopener\">Schulungsstatistiken<\/a><\/li>\n<li><a href=\"https:\/\/www.informationskompetenz.de\/index.php\/regionen\/rheinland-pfalz-und-saarland\/arbeitsergebnisse\/\" target=\"_blank\" rel=\"noopener\">Arbeitsergebnisse<\/a><\/li>\n<\/ul>\n","protected":false},"excerpt":{"rendered":"<p>AG Informationskompetenz Rheinland-Pfalz und Saarland \u00a0In der AG Informationskompetenz Rheinland-Pfalz und Saarland arbeiten Vertreterinnen und Vertreter aus rheinland-pf\u00e4lzischen und saarl\u00e4ndischen wissenschaftlichen Bibliotheken zusammen, um die Aktivit\u00e4ten im Bereich Vermittlung von [&hellip;]<\/p>\n","protected":false},"author":1,"featured_media":0,"parent":210,"menu_order":0,"comment_status":"closed","ping_status":"closed","template":"","meta":{"footnotes":""},"class_list":["post-257","page","type-page","status-publish","hentry"],"_links":{"self":[{"href":"https:\/\/www.informationskompetenz.de\/index.php\/wp-json\/wp\/v2\/pages\/257","targetHints":{"allow":["GET"]}}],"collection":[{"href":"https:\/\/www.informationskompetenz.de\/index.php\/wp-json\/wp\/v2\/pages"}],"about":[{"href":"https:\/\/www.informationskompetenz.de\/index.php\/wp-json\/wp\/v2\/types\/page"}],"author":[{"embeddable":true,"href":"https:\/\/www.informationskompetenz.de\/index.php\/wp-json\/wp\/v2\/users\/1"}],"replies":[{"embeddable":true,"href":"https:\/\/www.informationskompetenz.de\/index.php\/wp-json\/wp\/v2\/comments?post=257"}],"version-history":[{"count":14,"href":"https:\/\/www.informationskompetenz.de\/index.php\/wp-json\/wp\/v2\/pages\/257\/revisions"}],"predecessor-version":[{"id":5544,"href":"https:\/\/www.informationskompetenz.de\/index.php\/wp-json\/wp\/v2\/pages\/257\/revisions\/5544"}],"up":[{"embeddable":true,"href":"https:\/\/www.informationskompetenz.de\/index.php\/wp-json\/wp\/v2\/pages\/210"}],"wp:attachment":[{"href":"https:\/\/www.informationskompetenz.de\/index.php\/wp-json\/wp\/v2\/media?parent=257"}],"curies":[{"name":"wp","href":"https:\/\/api.w.org\/{rel}","templated":true}]}}