{"id":259,"date":"2015-03-07T07:59:44","date_gmt":"2015-03-07T06:59:44","guid":{"rendered":"http:\/\/informationskompetenz.de\/\/?page_id=259"},"modified":"2026-01-27T16:01:13","modified_gmt":"2026-01-27T15:01:13","slug":"sachsen","status":"publish","type":"page","link":"https:\/\/www.informationskompetenz.de\/index.php\/regionen\/sachsen\/","title":{"rendered":"Sachsen"},"content":{"rendered":"<div class=\"csc-header csc-header-n1\">\n<h3 class=\"csc-firstHeader\">Netzwerk Informationskompetenz Sachsen<\/h3>\n<\/div>\n<p class=\"bodytext\">Das Netzwerk Informationskompetenz Sachsen besteht seit November 2007 und\u00a0 hat sich zum Ziel gestellt<\/p>\n<ul>\n<li>die Aktivit\u00e4ten der s\u00e4chsischen wissenschaftlichen Bibliotheken auf dem Gebiet der Vermittlung von Informationskompetenz zu b\u00fcndeln,<\/li>\n<li>Materialien kooperativ zu erarbeiten und zu pflegen,<\/li>\n<li>Konzepte zielgruppenorientiert zu erarbeiten,<\/li>\n<li>E-Learning-Module zu erarbeiten,<\/li>\n<li>mit dem <a href=\"https:\/\/bildungsportal.sachsen.de\/\" target=\"_blank\" rel=\"noopener\">Bildungsportal Sachsen<\/a> zusammen zu arbeiten<\/li>\n<\/ul>\n<p>Ansprechpartnerin:\u00a0 <a href=\"carolin.ahnert@bibliothek.tu-chemnitz.de\">Carolin Ahnert <\/a>&#8211; Mitglied der Portalredaktion f\u00fcr www. informationskompetenz.de<\/p>\n","protected":false},"excerpt":{"rendered":"<p>Netzwerk Informationskompetenz Sachsen Das Netzwerk Informationskompetenz Sachsen besteht seit November 2007 und\u00a0 hat sich zum Ziel gestellt die Aktivit\u00e4ten der s\u00e4chsischen wissenschaftlichen Bibliotheken auf dem Gebiet der Vermittlung von Informationskompetenz [&hellip;]<\/p>\n","protected":false},"author":1,"featured_media":0,"parent":210,"menu_order":0,"comment_status":"closed","ping_status":"open","template":"","meta":{"footnotes":""},"class_list":["post-259","page","type-page","status-publish","hentry"],"_links":{"self":[{"href":"https:\/\/www.informationskompetenz.de\/index.php\/wp-json\/wp\/v2\/pages\/259","targetHints":{"allow":["GET"]}}],"collection":[{"href":"https:\/\/www.informationskompetenz.de\/index.php\/wp-json\/wp\/v2\/pages"}],"about":[{"href":"https:\/\/www.informationskompetenz.de\/index.php\/wp-json\/wp\/v2\/types\/page"}],"author":[{"embeddable":true,"href":"https:\/\/www.informationskompetenz.de\/index.php\/wp-json\/wp\/v2\/users\/1"}],"replies":[{"embeddable":true,"href":"https:\/\/www.informationskompetenz.de\/index.php\/wp-json\/wp\/v2\/comments?post=259"}],"version-history":[{"count":2,"href":"https:\/\/www.informationskompetenz.de\/index.php\/wp-json\/wp\/v2\/pages\/259\/revisions"}],"predecessor-version":[{"id":3536,"href":"https:\/\/www.informationskompetenz.de\/index.php\/wp-json\/wp\/v2\/pages\/259\/revisions\/3536"}],"up":[{"embeddable":true,"href":"https:\/\/www.informationskompetenz.de\/index.php\/wp-json\/wp\/v2\/pages\/210"}],"wp:attachment":[{"href":"https:\/\/www.informationskompetenz.de\/index.php\/wp-json\/wp\/v2\/media?parent=259"}],"curies":[{"name":"wp","href":"https:\/\/api.w.org\/{rel}","templated":true}]}}