{"id":2672,"date":"2016-03-13T12:39:31","date_gmt":"2016-03-13T11:39:31","guid":{"rendered":"http:\/\/wp.informationskompetenz.de\/?page_id=2672"},"modified":"2023-02-14T15:35:52","modified_gmt":"2023-02-14T14:35:52","slug":"arbeitsergebnisse","status":"publish","type":"page","link":"https:\/\/www.informationskompetenz.de\/index.php\/regionen\/thueringen\/arbeitsergebnisse\/","title":{"rendered":"Arbeitsergebnisse"},"content":{"rendered":"<p><strong>Fortbildungen, \u00d6ffentlichkeits- und Netzwerkarbeit<\/strong><\/p>\n<ul>\n<li>12\/2022: Am 06. Dezember fand ein Workshop zum Thema \u201eOpen Access in der Vermittlung von Informationskompetenz\u201c statt. Der Workshop wurde in Kooperation mit der AG Open Access in Th\u00fcringen durchgef\u00fchrt. Folgende Themen standen im Fokus:<br \/>\n&#8211; Open Access Publikationen in bibliothekarischen Nachweissystemen<br \/>\n&#8211; Schnell und unkompliziert zu einer Open Access Version \u2013 Vorstellung von geeigneten Tools<br \/>\n&#8211; Open Access Verzeichnisse und fachspezifische Repositorien<br \/>\n&#8211; Open Access Content: Lizenzen und Identifikatoren<\/li>\n<li>06\/2022: Am 29. Juni wurde in Kooperation mit der AG IK im Norden und dem Landesverband Th\u00fcringen im Deutschen Bibliotheksverband e.V. ein Workshop durchgef\u00fchrt, an dem zahlreiche Kolleginnen und Kollegen \u00fcberwiegend aus den \u00f6ffentlichen und wissenschaftlichen Bibliotheken teilgenommen haben. Folgende Themen wurden behandelt:<br \/>\n&#8211; Die Auswirkungen der COVID-19-Pandemie auf aktuelle und zuk\u00fcnftige Angebote zur F\u00f6rderung von Informationskompetenz<br \/>\n&#8211; &#8222;Quelle Internet?&#8220; &#8211; Digitale Nachrichten- und Informationskompetenzen der deutschen Bev\u00f6lkerung im Test<br \/>\n&#8211; Inklusion durch digitale Medien? Blended-Learning-Weiterbildung f\u00fcr Fachkr\u00e4fte aus P\u00e4dagogik und Heilerziehungspflege<br \/>\n&#8211; (Gold-) Standards f\u00fcr OER in der Informationskompetenz<br \/>\n&#8211; Fake Journals und Predatory Publishing<\/li>\n<li>seit 01\/2021: Fortf\u00fchrung des Hospitationsprogramm als Impulsgeber f\u00fcr die eigene Schulungst\u00e4tigkeit zur Informationskompetenz<\/li>\n<li>03\/2021: Teilnahme am virtuellen \u201eRound Table Informationskompetenz\u201c der dbv\/VDB-Kommission am 08. M\u00e4rz 2021 zum Thema: \u201eInformationskompetenz unter Corona\u201c<\/li>\n<li>ab 06\/2021: Beteiligung am ThHoBi-Newsletter mit Beitr\u00e4gen zu aktuellen Themen der AG IK in Th\u00fcringen <a href=\"https:\/\/thhobi.de\/news-und-termine.html\">https:\/\/thhobi.de\/news-und-termine.html<\/a><\/li>\n<li>07\/2021: Planung und Durchf\u00fchrung des Workshops der AG IK im Rahmen des Fortbildungsprogrammes des dbv-Landesverbandes Th\u00fcringen zu den Themen:\n<ul>\n<li>Datenrecherche, -bewertung aus journalistischer Sicht<\/li>\n<li>Erkennen von Fake-News: Die Fakerhunter-Planspiele<\/li>\n<li>Data Literacy \u2013 Kompetenzen zum Umgang mit Daten<\/li>\n<li>Digitale Veranstaltungen barrierefrei gestalten<\/li>\n<li>Digitale Barrierefreiheit<\/li>\n<\/ul>\n<\/li>\n<\/ul>\n<ul>\n<li>Teilnahme am <a href=\"https:\/\/www.bibliotheksverband.de\/landesverbaende\/thueringen\/aktivitaeten\/bibliothekstage\/25-thueringer-bibliothekstag.html\">25. Th\u00fcringer Bibliothekstag<\/a>, 23. Oktober 2019 in Jena<\/li>\n<li>Fortbildung (gemeinsam mit dbv-Landesverband Th\u00fcringen): Schulungen mit der Lernplattform unterst\u00fctzen -ein Moodle-Hackethon f\u00fcr Bibliotheken, 19. April 2018 in Weimar<\/li>\n<li class=\"bodytext\">Fortbildung (gemeinsam mit dbv-Landesverband Th\u00fcringen): <a title=\"Opens external link in new window\" href=\"https:\/\/www.uni-weimar.de\/de\/universitaet\/struktur\/zentrale-einrichtungen\/universitaetsbibliothek\/wir-ueber-uns\/projekte\/lange-nacht-des-wissenschaftlichen-schreibens\/\" target=\"_blank\" rel=\"noopener noreferrer\">Googlest Du noch oder recherchierst Du schon?<\/a>, 14. September 2016 in Ilmenau<\/li>\n<li class=\"bodytext\">Teilnahme an der &#8222;<a title=\"Opens external link in new window\" href=\"https:\/\/www.uni-weimar.de\/de\/universitaet\/struktur\/zentrale-einrichtungen\/universitaetsbibliothek\/wir-ueber-uns\/projekte\/lange-nacht-des-wissenschaftlichen-schreibens\/\" target=\"_blank\" rel=\"noopener noreferrer\">Langen Nacht des wissenschaftlichen Schreibens<\/a>&#8220; der Bauhaus-Universit\u00e4t Weimar, 10. Juni 2015 in Weimar<\/li>\n<li class=\"bodytext\">Workshop &#8222;Keine Zeit mehr verlieren: wissenschafliche Bibliotheken nutzen&#8220;, 4. Fachtagung <a title=\"Opens external link in new window\" href=\"https:\/\/www.schulportal-thueringen.de\/schulportal\/start\" target=\"_blank\" rel=\"noopener noreferrer\">&#8222;Schulen und Bibliotheken. Mit Lesekompetenz zur Lebenskompetenz&#8220;<\/a>, 5. M\u00e4rz 2014 in Jena<\/li>\n<li class=\"bodytext\">Fortbildung (Kooperation mit dem Institut f\u00fcr Lehrerfortbildung Th\u00fcringen (Thillm)): &#8222;Keine Zeit mehr verlieren: wissenschaftliche Bibliotheken nutzen!&#8220;, 25. September 2013 in Weimar<\/li>\n<li class=\"bodytext\">Vortrag &#8222;Im Internet gibt\u00b4s alles! Die Rolle der wissenschaftlichen Bibliotheken in Th\u00fcringen&#8220;, 3. Fachtagung &#8222;<a href=\"http:\/\/www.informationskompetenz.de\/wp-content\/uploads\/2016\/03\/Th\u00fcrFlyer_Fachtagung_2012.pdf\" rel=\"\">Schulen und Bibliotheken &#8211; Lotsen in der Informationsflut&#8220;<\/a>, 7. M\u00e4rz 2012 in Jena<\/li>\n<li class=\"bodytext\">Teilnahme an der MINT-Tagung <a class=\"external-link-new-window\" title=\"Opens external link in new window\" href=\"https:\/\/www.schulportal-thueringen.de\/web\/guest\/mint_unterricht\/mathnattage\" target=\"_blank\" rel=\"noopener noreferrer\">&#8222;18. Tage des mathematischen und naturwissenschaftlichen Unterrichts in Th\u00fcringen&#8220;<\/a>, 7.\/8. M\u00e4rz 2012 in Erfurt<\/li>\n<\/ul>\n<p><strong>Interne Arbeitsprozesse<\/strong><\/p>\n<ul>\n<li class=\"bodytext\">Regelm\u00e4ssige Berichterstattung \u00fcber Arbeitsergebnisse bei Sitzungen der Direktorenkonferenz<\/li>\n<li>Erstellung eines AG-internen Moodle-Raums zum besseren Austausch von Materialien und Ideen (2019)<\/li>\n<li>Verankerung der AG Informationskompetenz und ihrer Aufgabenfelder im Arbeitsplan des Bibliotheksservicecenters (ab 2020)<\/li>\n<\/ul>\n","protected":false},"excerpt":{"rendered":"<p>Fortbildungen, \u00d6ffentlichkeits- und Netzwerkarbeit 12\/2022: Am 06. Dezember fand ein Workshop zum Thema \u201eOpen Access in der Vermittlung von Informationskompetenz\u201c statt. Der Workshop wurde in Kooperation mit der AG Open [&hellip;]<\/p>\n","protected":false},"author":17,"featured_media":0,"parent":263,"menu_order":0,"comment_status":"closed","ping_status":"closed","template":"","meta":{"footnotes":""},"class_list":["post-2672","page","type-page","status-publish","hentry"],"_links":{"self":[{"href":"https:\/\/www.informationskompetenz.de\/index.php\/wp-json\/wp\/v2\/pages\/2672","targetHints":{"allow":["GET"]}}],"collection":[{"href":"https:\/\/www.informationskompetenz.de\/index.php\/wp-json\/wp\/v2\/pages"}],"about":[{"href":"https:\/\/www.informationskompetenz.de\/index.php\/wp-json\/wp\/v2\/types\/page"}],"author":[{"embeddable":true,"href":"https:\/\/www.informationskompetenz.de\/index.php\/wp-json\/wp\/v2\/users\/17"}],"replies":[{"embeddable":true,"href":"https:\/\/www.informationskompetenz.de\/index.php\/wp-json\/wp\/v2\/comments?post=2672"}],"version-history":[{"count":12,"href":"https:\/\/www.informationskompetenz.de\/index.php\/wp-json\/wp\/v2\/pages\/2672\/revisions"}],"predecessor-version":[{"id":5058,"href":"https:\/\/www.informationskompetenz.de\/index.php\/wp-json\/wp\/v2\/pages\/2672\/revisions\/5058"}],"up":[{"embeddable":true,"href":"https:\/\/www.informationskompetenz.de\/index.php\/wp-json\/wp\/v2\/pages\/263"}],"wp:attachment":[{"href":"https:\/\/www.informationskompetenz.de\/index.php\/wp-json\/wp\/v2\/media?parent=2672"}],"curies":[{"name":"wp","href":"https:\/\/api.w.org\/{rel}","templated":true}]}}