{"id":2674,"date":"2016-03-13T12:40:26","date_gmt":"2016-03-13T11:40:26","guid":{"rendered":"http:\/\/wp.informationskompetenz.de\/?page_id=2674"},"modified":"2023-02-14T15:39:10","modified_gmt":"2023-02-14T14:39:10","slug":"materialien","status":"publish","type":"page","link":"https:\/\/www.informationskompetenz.de\/index.php\/regionen\/thueringen\/materialien\/","title":{"rendered":"Materialien"},"content":{"rendered":"<p class=\"bodytext\"><a href=\"http:\/\/www.informationskompetenz.de\/wp-content\/uploads\/2016\/03\/Th\u00fcrFlyerAG.pdf\" rel=\"\">Flyer : Die Bibliotheksschwelle <\/a>(Stand: M\u00e4rz 2012)<\/p>\n<p class=\"bodytext\"><a href=\"http:\/\/www.informationskompetenz.de\/wp-content\/uploads\/2016\/03\/Th\u00fcrUmfrage2012.pdf\" rel=\"\">Umfrage &#8222;Nutzung von Bibliotheken&#8220;<\/a> (Stand: M\u00e4rz 2012)<\/p>\n<p><a href=\"https:\/\/www.informationskompetenz.de\/wp-content\/uploads\/2023\/02\/AGIKTH_Plakat_2019.pdf\">Poster &#8222;AG IK in Th\u00fcringen&#8220;<\/a> (Stand: Oktober 2019)<\/p>\n<p class=\"bodytext\">\n","protected":false},"excerpt":{"rendered":"<p>Flyer : Die Bibliotheksschwelle (Stand: M\u00e4rz 2012) Umfrage &#8222;Nutzung von Bibliotheken&#8220; (Stand: M\u00e4rz 2012) Poster &#8222;AG IK in Th\u00fcringen&#8220; (Stand: Oktober 2019)<\/p>\n","protected":false},"author":17,"featured_media":0,"parent":263,"menu_order":0,"comment_status":"closed","ping_status":"closed","template":"","meta":{"footnotes":""},"class_list":["post-2674","page","type-page","status-publish","hentry"],"_links":{"self":[{"href":"https:\/\/www.informationskompetenz.de\/index.php\/wp-json\/wp\/v2\/pages\/2674","targetHints":{"allow":["GET"]}}],"collection":[{"href":"https:\/\/www.informationskompetenz.de\/index.php\/wp-json\/wp\/v2\/pages"}],"about":[{"href":"https:\/\/www.informationskompetenz.de\/index.php\/wp-json\/wp\/v2\/types\/page"}],"author":[{"embeddable":true,"href":"https:\/\/www.informationskompetenz.de\/index.php\/wp-json\/wp\/v2\/users\/17"}],"replies":[{"embeddable":true,"href":"https:\/\/www.informationskompetenz.de\/index.php\/wp-json\/wp\/v2\/comments?post=2674"}],"version-history":[{"count":5,"href":"https:\/\/www.informationskompetenz.de\/index.php\/wp-json\/wp\/v2\/pages\/2674\/revisions"}],"predecessor-version":[{"id":5061,"href":"https:\/\/www.informationskompetenz.de\/index.php\/wp-json\/wp\/v2\/pages\/2674\/revisions\/5061"}],"up":[{"embeddable":true,"href":"https:\/\/www.informationskompetenz.de\/index.php\/wp-json\/wp\/v2\/pages\/263"}],"wp:attachment":[{"href":"https:\/\/www.informationskompetenz.de\/index.php\/wp-json\/wp\/v2\/media?parent=2674"}],"curies":[{"name":"wp","href":"https:\/\/api.w.org\/{rel}","templated":true}]}}