{"id":2862,"date":"2016-05-01T16:13:12","date_gmt":"2016-05-01T14:13:12","guid":{"rendered":"http:\/\/www.informationskompetenz.de\/?page_id=2862"},"modified":"2016-05-01T16:13:12","modified_gmt":"2016-05-01T14:13:12","slug":"modularer-kurs-zur-informationskompetenz","status":"publish","type":"page","link":"https:\/\/www.informationskompetenz.de\/index.php\/regionen\/bayern\/veranstaltungen\/modularer-kurs-zur-informationskompetenz\/","title":{"rendered":"Modularer Kurs zur Informationskompetenz"},"content":{"rendered":"<div class=\"conten\">Dieser Kurs verbindet Elemente der kollegialen Beratung mit expertengesteuerten Fortbildungen.<\/div>\n<div class=\"conten\">Die Teaching Librarians lernen aktuelle Trends bei der Vermittlung von Informationskompetenz kennen. Sie reflektieren Ihre bisherige Vorgehensweise und erfahren, wie sie andere zielgruppenspezifische bzw. institutionelle IK-Konzepte unter gegebenen Rahmenbedingungen entwickeln und auf ihre eigenen Veranstaltungen \u00fcbertragen k\u00f6nnen. Dazu wenden sie Lerntheorien und Medien methodisch-didaktisch sowie teilnehmerorientiert an, bauen ihre eigene kommunikative Kompetenz aus und setzen Leistungsnachweise und Pr\u00fcfungsmodalit\u00e4ten zielgruppen- und veranstaltungsspezifisch ein.Dar\u00fcber hinaus tauschen sie sich mit den anderen Teilnehmerinnen und Teilnehmern laufend aus und haben die M\u00f6glichkeit, ihre eigene Situation und die speziell an sie gestellten Anforderungen in der Gruppe zu pr\u00e4sentieren und zu diskutieren. Daher geh\u00f6rt es zum Konzept dieses Kurses, dass die Teilnehmerinnen und Teilnehmer alle neun Kursmodule gemeinsam absolvieren.<\/p>\n<\/div>\n<p><a href=\"https:\/\/www.bsb-muenchen.de\/babcaldetail\/?tx_cal_controller[type]=tx_cal_phpicalendar&amp;tx_cal_controller[uid]=437\">Informationen zum modularen Kurs<\/a> finden Sie \u00fcber die Bibliotheksakademie Bayern (BAB).<\/p>\n","protected":false},"excerpt":{"rendered":"<p>Dieser Kurs verbindet Elemente der kollegialen Beratung mit expertengesteuerten Fortbildungen. Die Teaching Librarians lernen aktuelle Trends bei der Vermittlung von Informationskompetenz kennen. Sie reflektieren Ihre bisherige Vorgehensweise und erfahren, wie [&hellip;]<\/p>\n","protected":false},"author":24,"featured_media":0,"parent":1174,"menu_order":0,"comment_status":"closed","ping_status":"closed","template":"","meta":{"footnotes":""},"class_list":["post-2862","page","type-page","status-publish","hentry"],"_links":{"self":[{"href":"https:\/\/www.informationskompetenz.de\/index.php\/wp-json\/wp\/v2\/pages\/2862","targetHints":{"allow":["GET"]}}],"collection":[{"href":"https:\/\/www.informationskompetenz.de\/index.php\/wp-json\/wp\/v2\/pages"}],"about":[{"href":"https:\/\/www.informationskompetenz.de\/index.php\/wp-json\/wp\/v2\/types\/page"}],"author":[{"embeddable":true,"href":"https:\/\/www.informationskompetenz.de\/index.php\/wp-json\/wp\/v2\/users\/24"}],"replies":[{"embeddable":true,"href":"https:\/\/www.informationskompetenz.de\/index.php\/wp-json\/wp\/v2\/comments?post=2862"}],"version-history":[{"count":2,"href":"https:\/\/www.informationskompetenz.de\/index.php\/wp-json\/wp\/v2\/pages\/2862\/revisions"}],"predecessor-version":[{"id":2864,"href":"https:\/\/www.informationskompetenz.de\/index.php\/wp-json\/wp\/v2\/pages\/2862\/revisions\/2864"}],"up":[{"embeddable":true,"href":"https:\/\/www.informationskompetenz.de\/index.php\/wp-json\/wp\/v2\/pages\/1174"}],"wp:attachment":[{"href":"https:\/\/www.informationskompetenz.de\/index.php\/wp-json\/wp\/v2\/media?parent=2862"}],"curies":[{"name":"wp","href":"https:\/\/api.w.org\/{rel}","templated":true}]}}