{"id":3282,"date":"2017-03-25T11:17:12","date_gmt":"2017-03-25T10:17:12","guid":{"rendered":"http:\/\/www.informationskompetenz.de\/?page_id=3282"},"modified":"2017-04-03T09:53:12","modified_gmt":"2017-04-03T07:53:12","slug":"1-informationskompetenz-tag-deutschlandoesterreich","status":"publish","type":"page","link":"https:\/\/www.informationskompetenz.de\/index.php\/kommission-informationskompetenz\/termine-veranstaltungen\/1-informationskompetenz-tag-deutschlandoesterreich\/","title":{"rendered":"1. Informationskompetenz-Tagung Deutschland\/\u00d6sterreich"},"content":{"rendered":"<p>Zusammen mit der Kommission Informationskompetenz der Vereinigung \u00d6sterreichischer Bibliothekarinnen und Bibliothekare veranstaltete die Gemeinsame Kommission Informationskompetenz des dbv\/VDB den ersten Informationskompetenz-Tag Deutschland\/\u00d6sterreich. Die Fachtagung bot Expertinnen und Experten aus Bibliotheken eine Plattform, um neue, innovative und kontroverse Ideen, Aktivit\u00e4ten und Projekte zur F\u00f6rderung von Informationskompetenz zu pr\u00e4sentieren und diskutieren. Im Mittelpunkt stand der Austausch, daher bestand die Tagung neben Keynotes und Vortr\u00e4gen vor allem aus Workshops und einer Unkonferenz.<\/p>\n<p>Der <a href=\"https:\/\/www.uibk.ac.at\/ulb\/informationskompetenz\/\">1. Informationskompetenz-Tag Deutschland\/\u00d6sterreich<\/a> fand am 16.\/17.02.2017 an der Universit\u00e4ts- und Landesbibliothek Tirol in Innsbruck statt.<\/p>\n<p><strong>Programm<\/strong><\/p>\n<p><strong>Donnerstag, 16.02.2017 <\/strong><\/p>\n<p>09.30 &#8211; 10.00 Uhr Begr\u00fc\u00dfung<\/p>\n<ul>\n<li>Wolfgang Meixner, Vizerektor der Universit\u00e4t Innsbruck<\/li>\n<li>Eva Ramminger, Leiterin ULB Tirol<\/li>\n<li>Fabian Franke und Michaela Zemanek, Verb\u00e4nde \/ Kommission<\/li>\n<li>Monika Schneider und Susanne Halhammer, Lokale Organisation<\/li>\n<\/ul>\n<p>10.00 \u2013 10.45 Uhr Keynote<\/p>\n<p>Christian Wolff, Lehrstuhl f\u00fcr Medieninformatik am Institut f\u00fcr Information und Medien, Sprache und Kultur, Universit\u00e4t Regensburg<\/p>\n<p>11.00 &#8211; 12.30 Uhr Vortr\u00e4ge<\/p>\n<p>Stefan Dreisiebner, Institut f\u00fcr Informationswissenschaft und Wirtschaftsinformatik, Karl-Franzens-Universit\u00e4t Graz:<br \/>\nEntwicklung und Evaluierung einer Plattform zur Vermittlung von Informationskompetenz \u2013 Vorstellung des mehrj\u00e4hrigen von der Europ\u00e4ischen Union gef\u00f6rderten Projekts \u201eInformation Literacy Online\u201c (<a href=\"http:\/\/www.informationskompetenz.de\/wp-content\/uploads\/2017\/03\/Dreisiebner_Vortrag_ILO-Projekt.pdf\">Pr\u00e4sentation<\/a>)<\/p>\n<p>Karin Melloni, Bibliothek der P\u00e4dagogischen Hochschule Freiburg:<br \/>\nAuf den Geschmack kommen \u2013 Rezepte f\u00fcr leicht bek\u00f6mmliche Webinare (<a href=\"http:\/\/www.informationskompetenz.de\/wp-content\/uploads\/2017\/03\/Melloni_Webinare.pdf\">Pr\u00e4sentation<\/a>)<\/p>\n<p>Martin Wollschl\u00e4ger-Tigges, Anna Lea Simpson, Anja Kurth, Frederike Lewe, Anke Peters, Bibliothek der Fachhochschule Bielefeld:<br \/>\nDidaktischer Werkzeugkasten f\u00fcr spezifische Lernsituationen in Veranstaltungen zur F\u00f6rderung von Informationskompetenz (<a href=\"http:\/\/www.informationskompetenz.de\/wp-content\/uploads\/2017\/03\/WollschlaegerTigges_DidaktischerWKv2.pdf\">Pr\u00e4sentation<\/a>)<\/p>\n<p>13.30 &#8211; 15.00 Uhr Workshops I<\/p>\n<p>Andreas Klingenberg, Bibliothek der Hochschule f\u00fcr Musik Detmold:<br \/>\nDer Referenzrahmen Informationskompetenz des Deutschen Bibliotheksverbands (<a href=\"http:\/\/www.informationskompetenz.de\/wp-content\/uploads\/2017\/03\/2017-02-16_Innsbruck_Referenzrahmen-Informationskompetenz_Klingenberg.pdf\">Pr\u00e4sentation<\/a>) (<a href=\"http:\/\/www.informationskompetenz.de\/wp-content\/uploads\/2017\/03\/2017-02-16_Innsbruck_Referenzrahmen-Informationskompetenz_Klingenberg_Basisraster.pdf\">Basisraster<\/a>)<\/p>\n<p>Kerstin Helbig, Humboldt-Universit\u00e4t Berlin:<br \/>\nVermittlung von Informationskompetenz zum Umgang mit Forschungsdaten<\/p>\n<p>Wilfried S\u00fchl-Strohmenger, Freiburg:<br \/>\nBibliotheksdidaktisches Kolloquium, Multifunktionsraum<\/p>\n<p>15.30 &#8211; 17.00 Uhr Workshops II<\/p>\n<p>Fabian Franke, Universit\u00e4tsbibliothek Bamberg:<br \/>\nFramework Information Literacy<\/p>\n<p>Ute Bergner, Regina Hasiba, Michaela Linhardt, Universit\u00e4tsbibliothek Graz:<br \/>\nMassive Open Online Course (MOOC) \u2013 ein geeignetes Kursformat zur Vermittlung von Informationskompetenz<\/p>\n<p>Simone Kibler, Universit\u00e4tsbibliothek Braunschweig:<br \/>\nKooperative Informationskompetenzvermittlung \u2013 how to<\/p>\n<p><strong>Freitag, 17.02.2017<\/strong><\/p>\n<p>09.30 &#8211; 10.15 Uhr Keynote<br \/>\nJens-Peter Gaul, Generalsekret\u00e4r der deutschen Hochschulrektorenkonferenz (<a href=\"http:\/\/www.informationskompetenz.de\/wp-content\/uploads\/2017\/03\/HRK-Gaul-Innsbruck-2017.pdf\">Text<\/a>)<\/p>\n<p>10.15 &#8211; 12.45 Uhr Unkonferenz<\/p>\n","protected":false},"excerpt":{"rendered":"<p>Zusammen mit der Kommission Informationskompetenz der Vereinigung \u00d6sterreichischer Bibliothekarinnen und Bibliothekare veranstaltete die Gemeinsame Kommission Informationskompetenz des dbv\/VDB den ersten Informationskompetenz-Tag Deutschland\/\u00d6sterreich. Die Fachtagung bot Expertinnen und Experten aus Bibliotheken [&hellip;]<\/p>\n","protected":false},"author":23,"featured_media":0,"parent":2045,"menu_order":1,"comment_status":"closed","ping_status":"closed","template":"","meta":{"footnotes":""},"class_list":["post-3282","page","type-page","status-publish","hentry"],"_links":{"self":[{"href":"https:\/\/www.informationskompetenz.de\/index.php\/wp-json\/wp\/v2\/pages\/3282","targetHints":{"allow":["GET"]}}],"collection":[{"href":"https:\/\/www.informationskompetenz.de\/index.php\/wp-json\/wp\/v2\/pages"}],"about":[{"href":"https:\/\/www.informationskompetenz.de\/index.php\/wp-json\/wp\/v2\/types\/page"}],"author":[{"embeddable":true,"href":"https:\/\/www.informationskompetenz.de\/index.php\/wp-json\/wp\/v2\/users\/23"}],"replies":[{"embeddable":true,"href":"https:\/\/www.informationskompetenz.de\/index.php\/wp-json\/wp\/v2\/comments?post=3282"}],"version-history":[{"count":20,"href":"https:\/\/www.informationskompetenz.de\/index.php\/wp-json\/wp\/v2\/pages\/3282\/revisions"}],"predecessor-version":[{"id":3348,"href":"https:\/\/www.informationskompetenz.de\/index.php\/wp-json\/wp\/v2\/pages\/3282\/revisions\/3348"}],"up":[{"embeddable":true,"href":"https:\/\/www.informationskompetenz.de\/index.php\/wp-json\/wp\/v2\/pages\/2045"}],"wp:attachment":[{"href":"https:\/\/www.informationskompetenz.de\/index.php\/wp-json\/wp\/v2\/media?parent=3282"}],"curies":[{"name":"wp","href":"https:\/\/api.w.org\/{rel}","templated":true}]}}