{"id":3470,"date":"2017-06-09T18:28:04","date_gmt":"2017-06-09T16:28:04","guid":{"rendered":"http:\/\/www.informationskompetenz.de\/?page_id=3470"},"modified":"2017-08-30T13:11:38","modified_gmt":"2017-08-30T11:11:38","slug":"2017-2","status":"publish","type":"page","link":"https:\/\/www.informationskompetenz.de\/index.php\/kommission-informationskompetenz\/termine-veranstaltungen\/best-practice-wettbewerb\/2017-2\/","title":{"rendered":"2017"},"content":{"rendered":"<h3>Evaluation und Assessment bei der Vermittlung von Informationskompetenz<\/h3>\n<p>Die pr\u00e4mierten Konzepte wurden am 01.06.2017 beim 106. Deutschen Bibliothekartag in Frankfurt pr\u00e4sentiert.<\/p>\n<p><strong>1. Preis<\/strong><br \/>\nUniversit\u00e4tsbibliothek Heidelberg \/ Benno Homann<br \/>\n<a href=\"http:\/\/www.informationskompetenz.de\/wp-content\/uploads\/2017\/06\/Best-Practice-IK-2017_-IK-Evaluation-UB-Heidelberg.pdf\" target=\"_blank\" rel=\"noopener\">Pr\u00e4sentation <\/a> | <a href=\"http:\/\/www.informationskompetenz.de\/wp-content\/uploads\/2017\/06\/IK-Best-Practice-Evaluation-Plakat-170526.pdf\" target=\"_blank\" rel=\"noopener\">Poster<\/a><\/p>\n<p><strong>2. Preis<\/strong><br \/>\nHochschulbibliothek der Hochschule D\u00fcsseldorf \/ Stefanie S\u00f6hnitz<br \/>\n<a href=\"http:\/\/www.informationskompetenz.de\/wp-content\/uploads\/2017\/08\/Soehnitz_Evaluationskonzept_BIB_HSD.pdf\" target=\"_blank\" rel=\"noopener\">Pr\u00e4sentation <\/a> | <a href=\"http:\/\/www.informationskompetenz.de\/wp-content\/uploads\/2017\/07\/Plakat_A0_BIB_HS_Duesseldorf_halbtransparent.pdf\" target=\"_blank\" rel=\"noopener\">Poster<\/a><\/p>\n<p><strong>3. Preis<\/strong><br \/>\nS\u00e4chsische Landesbibliothek &#8211; Staats- und Universit\u00e4tsbibliothek (SLUB) Dresden \/ Daniela Dobeleit<br \/>\nProfessur Schulp\u00e4dagogik: Schulforschung, Fakult\u00e4t Erziehungswissenschaften, Technische Universit\u00e4t Dresden \/ Sabine Al-Diban<br \/>\n<a href=\"http:\/\/www.informationskompetenz.de\/wp-content\/uploads\/2017\/06\/al-diban_dobeleit_bibliothekartag_final.pdf\" target=\"_blank\" rel=\"noopener\">Pr\u00e4sentation <\/a> | <a href=\"http:\/\/www.informationskompetenz.de\/wp-content\/uploads\/2017\/06\/Poster_Bibliothekartag_2017_Al-Diban_Dobeleit_final.pdf\" target=\"_blank\" rel=\"noopener\">Poster<\/a><\/p>\n<p><strong>3. Preis<\/strong><br \/>\nUniversit\u00e4tsbibliothek Kaiserslautern \/ Julia Pietsch<br \/>\n<a href=\"http:\/\/www.informationskompetenz.de\/wp-content\/uploads\/2017\/06\/Evaluation-und-Assessment-bei-der-Vermittlung-von-Informationskompetenz_Julia_Pletsch.pdf\" target=\"_blank\" rel=\"noopener\">Pr\u00e4sentation <\/a> | <a href=\"http:\/\/www.informationskompetenz.de\/wp-content\/uploads\/2017\/06\/Universit\u00e4tsbibliothek-Kaiserslautern-Best-Practice-Wettbewerb-Evaluation-und-Assessment-bei-der-Vermittlung-von-Ik-.pdf\" target=\"_blank\" rel=\"noopener\">Poster<\/a><\/p>\n<p><strong>3. Preis<\/strong> Bibliothek des Geographischen Instituts der Universit\u00e4t Z\u00fcrich \/ Gary Seitz<br \/>\n<a href=\"http:\/\/www.informationskompetenz.de\/wp-content\/uploads\/2017\/06\/Seitz.pdf\" target=\"_blank\" rel=\"noopener\">Pr\u00e4sentation <\/a> | <a href=\"http:\/\/www.informationskompetenz.de\/wp-content\/uploads\/2017\/06\/Seitz_Poster_IK.pdf\" target=\"_blank\" rel=\"noopener\">Poster<\/a><\/p>\n<p><strong>Weitere Wettbewerbsteilnehmer:<\/strong><\/p>\n<p>Landesbibliothekszentrum Rheinland-Pfalz \/ Daniel Fromme<br \/>\n<a href=\"http:\/\/www.informationskompetenz.de\/wp-content\/uploads\/2017\/06\/Speyer_BP2017.pdf\" target=\"_blank\" rel=\"noopener\">Poster<\/a><\/p>\n<p>ZBW \u2013 Deutsche Zentralbibliothek f\u00fcr Wirtschaftswissenschaften \u2013 Leibniz-Informationszentrum Wirtschaft \/ Laura Bickel<br \/>\n<a href=\"http:\/\/www.informationskompetenz.de\/wp-content\/uploads\/2017\/06\/Poster_YES_DBT.pdf\" target=\"_blank\" rel=\"noopener\">Poster<\/a><\/p>\n<p>Hochschulinformations- und Bibliotheksservice der Hochschule f\u00fcr Angewandte Wissenschaften Hamburg \/ Detlev Dannenberg<br \/>\n<a href=\"http:\/\/www.informationskompetenz.de\/wp-content\/uploads\/2017\/06\/Dannenberg_Punktabfrage_Poster.pdf\" target=\"_blank\" rel=\"noopener\">Poster<\/a><\/p>\n","protected":false},"excerpt":{"rendered":"<p>Evaluation und Assessment bei der Vermittlung von Informationskompetenz Die pr\u00e4mierten Konzepte wurden am 01.06.2017 beim 106. Deutschen Bibliothekartag in Frankfurt pr\u00e4sentiert. 1. Preis Universit\u00e4tsbibliothek Heidelberg \/ Benno Homann Pr\u00e4sentation | [&hellip;]<\/p>\n","protected":false},"author":23,"featured_media":0,"parent":1957,"menu_order":1,"comment_status":"closed","ping_status":"closed","template":"","meta":{"footnotes":""},"class_list":["post-3470","page","type-page","status-publish","hentry"],"_links":{"self":[{"href":"https:\/\/www.informationskompetenz.de\/index.php\/wp-json\/wp\/v2\/pages\/3470","targetHints":{"allow":["GET"]}}],"collection":[{"href":"https:\/\/www.informationskompetenz.de\/index.php\/wp-json\/wp\/v2\/pages"}],"about":[{"href":"https:\/\/www.informationskompetenz.de\/index.php\/wp-json\/wp\/v2\/types\/page"}],"author":[{"embeddable":true,"href":"https:\/\/www.informationskompetenz.de\/index.php\/wp-json\/wp\/v2\/users\/23"}],"replies":[{"embeddable":true,"href":"https:\/\/www.informationskompetenz.de\/index.php\/wp-json\/wp\/v2\/comments?post=3470"}],"version-history":[{"count":21,"href":"https:\/\/www.informationskompetenz.de\/index.php\/wp-json\/wp\/v2\/pages\/3470\/revisions"}],"predecessor-version":[{"id":3591,"href":"https:\/\/www.informationskompetenz.de\/index.php\/wp-json\/wp\/v2\/pages\/3470\/revisions\/3591"}],"up":[{"embeddable":true,"href":"https:\/\/www.informationskompetenz.de\/index.php\/wp-json\/wp\/v2\/pages\/1957"}],"wp:attachment":[{"href":"https:\/\/www.informationskompetenz.de\/index.php\/wp-json\/wp\/v2\/media?parent=3470"}],"curies":[{"name":"wp","href":"https:\/\/api.w.org\/{rel}","templated":true}]}}