{"id":3613,"date":"2017-09-28T14:51:25","date_gmt":"2017-09-28T12:51:25","guid":{"rendered":"http:\/\/www.informationskompetenz.de\/?page_id=3613"},"modified":"2019-02-14T13:21:55","modified_gmt":"2019-02-14T12:21:55","slug":"a1","status":"publish","type":"page","link":"https:\/\/www.informationskompetenz.de\/index.php\/standards-und-positionen\/referenzrahmen\/a1\/","title":{"rendered":"Elementare Informationskompetenz &#8211; Niveaustufe: A1"},"content":{"rendered":"<h3>Suchen<\/h3>\n<table cellspacing=\"10\" cellpadding=\"10\">\n<tbody>\n<tr>\n<td style=\"width: 222px;\">Wissensbedarf formulieren<\/td>\n<td>Einem kurzen Lehrbuchtext wenige Suchbegriffe entnehmen<\/td>\n<\/tr>\n<tr>\n<td>Quellen finden<\/td>\n<td>Altersgem\u00e4\u00dfe Medien am Standort in der Bibliothek finden<\/td>\n<\/tr>\n<tr>\n<td>Quellen ausw\u00e4hlen<\/td>\n<td>Altersgem\u00e4\u00dfe Medien am Standort in der Bibliothek finden<\/td>\n<\/tr>\n<tr>\n<td>Informationen isolieren<\/td>\n<td>Autor und Titel eines Textes benennen<\/td>\n<\/tr>\n<\/tbody>\n<\/table>\n<h3>Pr\u00fcfen<\/h3>\n<table cellspacing=\"10\" cellpadding=\"10\">\n<tbody>\n<tr>\n<td style=\"width: 222px;\">Thematische Relevanz<\/td>\n<td>Das Suchthema im Texttitel erkennen, wenn dort derselbe Begriff oder ein bekanntes Synonym verwendet wird<\/td>\n<\/tr>\n<tr>\n<td>Sachliche Richtigkeit<\/td>\n<td>Offensichtlich falsche Informationen aus dem Textzusammenhang erkennen<\/td>\n<\/tr>\n<tr>\n<td>Formale Richtigkeit<\/td>\n<td>Formale Fehler erkennen<\/td>\n<\/tr>\n<tr>\n<td>Vollst\u00e4ndigkeit<\/td>\n<td>Aus einer \u00fcberschaubaren Menge thematisch passenden Medien anhand des Titels ausw\u00e4hlen<\/td>\n<\/tr>\n<\/tbody>\n<\/table>\n<h3>Wissen<\/h3>\n<table cellspacing=\"10\" cellpadding=\"10\">\n<tbody>\n<tr>\n<td style=\"width: 222px;\">Formulieren<\/td>\n<td>Eine thematisch relevante Information w\u00f6rtlich zitieren<\/td>\n<\/tr>\n<tr>\n<td>Vergleichen<\/td>\n<td>Eine neue Information erkennen<\/td>\n<\/tr>\n<tr>\n<td>Einordnen<\/td>\n<td>Eine bekannte Information in den vorgegebenen Zusammenhang einordnen<\/td>\n<\/tr>\n<tr>\n<td>Strukturieren<\/td>\n<td>Einen Text anhand der vorgegebenen Gliederung erschlie\u00dfen<\/td>\n<\/tr>\n<\/tbody>\n<\/table>\n<h3>Darstellen<\/h3>\n<table cellspacing=\"10\" cellpadding=\"10\">\n<tbody>\n<tr>\n<td style=\"width: 222px;\">Einfachheit<\/td>\n<td>Das Thema in einem Satz wiedergeben<\/td>\n<\/tr>\n<tr>\n<td>Semantische Redundanz<\/td>\n<td>Das vorgegebene Thema wiedergeben<\/td>\n<\/tr>\n<tr>\n<td>Kognitive Strukturierung<\/td>\n<td>Das Thema klar benennen<\/td>\n<\/tr>\n<tr>\n<td>Kognitiver Konflikt<\/td>\n<td>Einen Aspekt des Themas ausw\u00e4hlen<\/td>\n<\/tr>\n<\/tbody>\n<\/table>\n<h3>Weitergeben<\/h3>\n<table cellspacing=\"10\" cellpadding=\"10\">\n<tbody>\n<tr>\n<td style=\"width: 222px;\">Nutzungsbedingungen kl\u00e4ren<\/td>\n<td>Autor und Titel eines Textes benennen<\/td>\n<\/tr>\n<tr>\n<td>Zitate kennzeichnen<\/td>\n<td>Eine thematisch relevante Information w\u00f6rtlich zitieren<\/td>\n<\/tr>\n<tr>\n<td>Quellen nennen<\/td>\n<td>Autor und Titel eines Textes benennen<\/td>\n<\/tr>\n<tr>\n<td>Netzwerke nutzen<\/td>\n<td>Einem anderen \u00fcber eine neue Information berichten<\/td>\n<\/tr>\n<\/tbody>\n<\/table>\n<p style=\"text-align: right;\"><a href=\"http:\/\/www.informationskompetenz.de\/index.php\/referenzrahmen\/a2\/\">Niveaustufe A2<\/a><\/p>\n<p><a href=\"http:\/\/www.informationskompetenz.de\/index.php\/referenzrahmen\/\">zur \u00dcbersicht<\/a><\/p>\n<p><a rel=\"license\" href=\"http:\/\/creativecommons.org\/licenses\/by-sa\/4.0\/\"><img decoding=\"async\" alt=\"Creative Commons Lizenzvertrag\" style=\"border-width:0\" src=\"https:\/\/i.creativecommons.org\/l\/by-sa\/4.0\/80x15.png\" \/><\/a><br \/>Dieses Werk ist lizenziert unter einer <a rel=\"license\" href=\"http:\/\/creativecommons.org\/licenses\/by-sa\/4.0\/\">Creative Commons Namensnennung &#8211; Weitergabe unter gleichen Bedingungen 4.0 International Lizenz<\/a>.<\/p>\n","protected":false},"excerpt":{"rendered":"<p>Suchen Wissensbedarf formulieren Einem kurzen Lehrbuchtext wenige Suchbegriffe entnehmen Quellen finden Altersgem\u00e4\u00dfe Medien am Standort in der Bibliothek finden Quellen ausw\u00e4hlen Altersgem\u00e4\u00dfe Medien am Standort in der Bibliothek finden Informationen [&hellip;]<\/p>\n","protected":false},"author":16,"featured_media":0,"parent":1467,"menu_order":0,"comment_status":"closed","ping_status":"closed","template":"","meta":{"footnotes":""},"class_list":["post-3613","page","type-page","status-publish","hentry"],"_links":{"self":[{"href":"https:\/\/www.informationskompetenz.de\/index.php\/wp-json\/wp\/v2\/pages\/3613","targetHints":{"allow":["GET"]}}],"collection":[{"href":"https:\/\/www.informationskompetenz.de\/index.php\/wp-json\/wp\/v2\/pages"}],"about":[{"href":"https:\/\/www.informationskompetenz.de\/index.php\/wp-json\/wp\/v2\/types\/page"}],"author":[{"embeddable":true,"href":"https:\/\/www.informationskompetenz.de\/index.php\/wp-json\/wp\/v2\/users\/16"}],"replies":[{"embeddable":true,"href":"https:\/\/www.informationskompetenz.de\/index.php\/wp-json\/wp\/v2\/comments?post=3613"}],"version-history":[{"count":21,"href":"https:\/\/www.informationskompetenz.de\/index.php\/wp-json\/wp\/v2\/pages\/3613\/revisions"}],"predecessor-version":[{"id":4251,"href":"https:\/\/www.informationskompetenz.de\/index.php\/wp-json\/wp\/v2\/pages\/3613\/revisions\/4251"}],"up":[{"embeddable":true,"href":"https:\/\/www.informationskompetenz.de\/index.php\/wp-json\/wp\/v2\/pages\/1467"}],"wp:attachment":[{"href":"https:\/\/www.informationskompetenz.de\/index.php\/wp-json\/wp\/v2\/media?parent=3613"}],"curies":[{"name":"wp","href":"https:\/\/api.w.org\/{rel}","templated":true}]}}