{"id":3800,"date":"2018-05-22T13:04:32","date_gmt":"2018-05-22T11:04:32","guid":{"rendered":"http:\/\/www.informationskompetenz.de\/?page_id=3800"},"modified":"2018-09-26T13:55:17","modified_gmt":"2018-09-26T11:55:17","slug":"programm","status":"publish","type":"page","link":"https:\/\/www.informationskompetenz.de\/index.php\/kommission-informationskompetenz\/termine-veranstaltungen\/informationskompetenz-tag-deutschland-oesterreich-schweiz\/programm\/","title":{"rendered":"Programm"},"content":{"rendered":"<p>Programm des 2. Informationskompetenz-Tags Deutschland\/\u00d6sterreich\/Schweiz an der Universit\u00e4tsbibliothek Bamberg<\/p>\n<h3><span style=\"color: #000080;\">Mittwoch, 12.09.2018<\/span><\/h3>\n<table style=\"width: 655px;\">\n<tbody>\n<tr>\n<td style=\"width: 121.15px; vertical-align: top;\"><span style=\"color: #000080;\">19:00 Uhr<\/span><\/td>\n<td style=\"width: 830.85px; vertical-align: top;\"><span style=\"color: #ff0000;\"><em>Rahmenprogramm\u00a0 <\/em><\/span>&#8222;H\u00f6rt Ihr Leut &#8230;&#8220; Nachtw\u00e4chterrundgang durch Bambergs Gassen (optional)<\/td>\n<\/tr>\n<\/tbody>\n<\/table>\n<h3><span style=\"color: #000080;\">Donnerstag, 13.09.2018<\/span><\/h3>\n<table style=\"width: 655px;\">\n<tbody>\n<tr>\n<td style=\"width: 85.6333px; vertical-align: top;\"><span style=\"color: #000080;\">09:00 Uhr<\/span><\/p>\n<p>&nbsp;<\/p>\n<p>&nbsp;<\/p>\n<p>&nbsp;<\/p>\n<p>&nbsp;<\/td>\n<td style=\"width: 551.367px; vertical-align: top;\">\n<h5><span style=\"color: #000080;\">Begr\u00fc\u00dfung<\/span><\/h5>\n<p><em>Prof. Dr. Dr. habil. Godehard Ruppert<\/em>, Pr\u00e4sident der Otto-Friedrich-Universit\u00e4t Bamberg<\/p>\n<p><em>Dr. Fabian Franke, <\/em>Universit\u00e4tsbibliothek Bamberg<br \/>\nKommission Informationskompetenz des Deutschen Bibliotheksverbands und des Vereins Deutscher Bibliothekarinnen und Bibliothekare<\/p>\n<p><em>Gary Seitz, <\/em>Bibliothek Geographisches Institut der Universit\u00e4t Z\u00fcrich<br \/>\nArbeitsgruppe Informationskompetenz an Schweizer Hochschulen<\/p>\n<p><em>Dr. Michaela Zemanek,<\/em> Universit\u00e4t Wien<br \/>\nKommission Informationskompetenz der Vereinigung \u00d6sterreichischer Bibliothekarinnen und Bibliothekare<\/p>\n<p><span style=\"color: #666699;\">Raum MG1\/00.04 &#8211; H\u00f6rsaal<\/span><\/td>\n<\/tr>\n<tr>\n<td style=\"width: 85.6333px; vertical-align: top;\"><span style=\"color: #000080;\">09:30 Uhr<\/span><\/p>\n<p>&nbsp;<\/p>\n<p>&nbsp;<\/p>\n<p>&nbsp;<\/p>\n<p>&nbsp;<\/td>\n<td style=\"width: 551.367px; vertical-align: top;\">\n<h5><span style=\"color: #000080;\">Keynote<\/span><\/h5>\n<p><em>Prof. Dr. Markus Behmer<\/em>, Institut f\u00fcr Kommunikationswissenschaften, Otto-Friedrich-Universit\u00e4t Bamberg<br \/>\n<strong>Alles Fake! Die Bedeutung von Informationskompetenz heute<\/strong><\/p>\n<p><span style=\"color: #666699;\">Raum MG1\/00.04 &#8211; H\u00f6rsaal<\/span><\/p>\n<p><span style=\"color: #666699;\"><a href=\"http:\/\/www.informationskompetenz.de\/wp-content\/uploads\/2018\/09\/Behmer_Alles_Fake.pdf\">Pr\u00e4sentation<\/a><\/span><\/td>\n<\/tr>\n<tr>\n<td style=\"width: 85.6333px; vertical-align: top;\"><span style=\"color: #000080;\">10:00 Uhr<\/span><\/td>\n<td style=\"width: 551.367px; vertical-align: top;\">\n<h5><span style=\"color: #000080;\">Vortrag<\/span><\/h5>\n<p><em>Dr. Anne-Kathrin Mayer<\/em>, Leibniz-Zentrum f\u00fcr Psychologische Information und Dokumentation (ZPID), Trier<br \/>\nVom Wollen und K\u00f6nnen in fachbezogenen Informationswelten. Psychologische Perspektiven auf die F\u00f6rderung von Informationskompetenz<\/p>\n<p><span style=\"color: #666699;\">Raum MG1\/00.04 &#8211; H\u00f6rsaal<\/span><\/p>\n<p><span style=\"color: #666699;\"><a href=\"http:\/\/www.informationskompetenz.de\/wp-content\/uploads\/2018\/09\/2018-09-13_Mayer_Bamberg_Vortrag-final.pdf\">Pr\u00e4sentation<\/a><\/span><\/td>\n<\/tr>\n<tr>\n<td style=\"background-color: #d1dce3;\"><span style=\"color: #000080;\">11:00 Uhr<\/span><\/td>\n<td style=\"background-color: #d1dce3;\">Kaffeepause<\/td>\n<\/tr>\n<tr>\n<td style=\"width: 85.6333px; vertical-align: top;\"><span style=\"color: #000080;\">11:30 Uhr<\/span><\/td>\n<td style=\"width: 551.367px; vertical-align: top;\">\n<h5><span style=\"color: #000080;\">Workshops I<\/span><\/h5>\n<p><span style=\"color: #666699;\">MG2\/00.10 &#8211; Seminarraum<\/span><br \/>\n<em>Tessa Sauerwein<\/em>, Universit\u00e4tsbibliothek Bamberg<br \/>\nFILL! Framework Information Literacy Lessons f\u00fcr Promovierende<\/p>\n<p><span style=\"color: #666699;\">MG1\/02.06 &#8211; Seminarraum<\/span><br \/>\n<em>Martin Wollschl\u00e4ger-Tigges &amp; Anna Lea Simpson<\/em>, Fachhochschule Bielefeld, Hochschulbibliothek<br \/>\nDidaktischer Werkzeugkasten f\u00fcr Lernsituationen in IK-Veranstaltungen \u2013 die 2.<br \/>\n<span style=\"color: #666699;\">MG2\/01.10 &#8211; Seminarraum<br \/>\n<a href=\"http:\/\/www.informationskompetenz.de\/wp-content\/uploads\/2018\/09\/Simpson_DWK-WS.pdf\">Pr\u00e4sentation<\/a> <a href=\"http:\/\/www.informationskompetenz.de\/wp-content\/uploads\/2018\/09\/Simpson_Flipchart_1.jpg\">Flipchart 1<\/a> <a href=\"http:\/\/www.informationskompetenz.de\/wp-content\/uploads\/2018\/09\/Simpson_Flipchart_2.jpg\">Flipchart 2<\/a> <a href=\"http:\/\/www.informationskompetenz.de\/wp-content\/uploads\/2018\/09\/Simpson_Flipchart_3.jpg\">Flipchart 3<\/a> <a href=\"http:\/\/www.informationskompetenz.de\/wp-content\/uploads\/2018\/09\/Simpson_Flipchart_4.jpg\">Flipchart 4<\/a> <a href=\"http:\/\/www.informationskompetenz.de\/wp-content\/uploads\/2018\/09\/Simpson_Flipchart_5.jpg\">Flipchart 5<\/a> <a href=\"http:\/\/www.informationskompetenz.de\/wp-content\/uploads\/2018\/09\/Simpson_Flipchart_6.jpg\">Flipchart 6<\/a> <a href=\"http:\/\/www.informationskompetenz.de\/wp-content\/uploads\/2018\/09\/Simpson_Flipchart_7.jpg\">Flipchart 7<\/a><br \/>\n<\/span><br \/>\n<span style=\"color: #666699;\">MG2\/01.10 &#8211; Seminarraum<\/span><\/p>\n<p><em>Dr. Michaela Zemanek<\/em>, Universit\u00e4t Wien<br \/>\nDrag-and-drop! Mit Moodle interaktive Testaufgaben zur Informationskompetenz gestalten<\/td>\n<\/tr>\n<tr>\n<td style=\"background-color: #d1dce3; vertical-align: top;\"><span style=\"color: #000080;\">13:00 Uhr<\/span><\/td>\n<td style=\"background-color: #d1dce3; vertical-align: top;\">Mittagspause<\/td>\n<\/tr>\n<tr>\n<td style=\"width: 85.6333px; vertical-align: top;\"><span style=\"color: #000080;\">14:00 Uhr<\/span><\/td>\n<td style=\"width: 551.367px; vertical-align: top;\">\n<h5><span style=\"color: #000080;\">Workshops II<\/span><\/h5>\n<p><span style=\"color: #666699;\">MG2\/01.10 &#8211; Seminarraum <\/span><br \/>\n<em>Prof. Dr. Antje Michel &amp; Marl\u00e9ne Friedrich<\/em>, Fachhochschule Potsdam<br \/>\nZielgruppenanalyse (Teil 1)<\/p>\n<p><span style=\"color: #666699;\">MG1\/02.06 &#8211; Seminarraum <\/span><br \/>\n<em>Jens K\u00f6sters<\/em>, Technische Informationsbibliothek (TIB), Hannover<br \/>\nMobile Videoproduktion am Beispiel von Interviews (Teil 1)<\/p>\n<p><span style=\"color: #666699;\">MG2\/00.10 &#8211; Seminarraum <\/span><br \/>\n<em>Anja Herwig<\/em>, Universit\u00e4tsbibliothek der Humboldt-Universit\u00e4t zu Berlin<br \/>\nOnline-Tutorials zum Forschungsdatenmanagement erstellen und nachnutzen<br \/>\n<span style=\"color: #666699;\"><a href=\"http:\/\/prezi.com\/ex8fx_m0kn5t\">Pr\u00e4sentation<\/a> <a href=\"http:\/\/www.informationskompetenz.de\/wp-content\/uploads\/2018\/09\/Workshop_Forschungsdatentutorials_1.jpg\">Flipchart 1<\/a> <a href=\"http:\/\/www.informationskompetenz.de\/wp-content\/uploads\/2018\/09\/Workshop_Forschungsdatentutorials_2.jpg\">Flipchart2<\/a><\/span>\n<\/td>\n<\/tr>\n<tr>\n<td style=\"background-color: #d1dce3; vertical-align: top;\"><span style=\"color: #000080;\">15:30 Uhr<\/span><\/td>\n<td style=\"background-color: #d1dce3; vertical-align: top;\">Kaffeepause<\/td>\n<\/tr>\n<tr>\n<td style=\"width: 85.6333px; vertical-align: top;\"><span style=\"color: #000080;\">16:00 Uhr<\/span><\/td>\n<td style=\"width: 551.367px; vertical-align: top;\">\n<h5><span style=\"color: #000080;\">Workshops III<\/span><\/h5>\n<p><span style=\"color: #666699;\">MG2\/01.10 &#8211; Seminarraum <\/span><br \/>\n<em>Prof. Dr. Antje Michel &amp; Marl\u00e9ne Friedrich<\/em>, Fachhochschule Potsdam<br \/>\nZielgruppenanalyse (Teil 2)<\/p>\n<p><span style=\"color: #666699;\">MG1\/02.06 &#8211; Seminarraum <\/span><br \/>\n<em>Jens K\u00f6sters<\/em>, Technische Informationsbibliothek (TIB), Hannover<br \/>\nMobile Videoproduktion am Beispiel von Interviews (Teil 2)<\/p>\n<p><span style=\"color: #666699;\">MG1\/00.10 &#8211; Seminarraum <\/span><br \/>\n<em>Cathrin Geiser &amp; Christian M\u00fcller<\/em>, Universit\u00e4tsbibliothek Bamberg<br \/>\nVon wegen Handys verboten! Spielerische IK-Vermittlung mit Actionbound<\/p>\n<p><span style=\"color: #666699;\">MG2\/02.09 &#8211; Seminarraum <\/span><br \/>\n<em>Julian Hirt<\/em>, Institut f\u00fcr Angewandte Pflegewissenschaft, Fachbereich Gesundheit, FHS St.Gallen \/ Institut f\u00fcr Gesundheits- und Pflegewissenschaft, Medizinische Fakult\u00e4t, Martin-Luther-Universit\u00e4t Halle-Wittenberg &amp; <em>Thomas Nordhausen<\/em>, Institut f\u00fcr Gesundheits- und Pflegewissenschaft, Medizinische Fakult\u00e4t, Martin-Luther-Universit\u00e4t Halle-Wittenberg<br \/>\nRefHunter \u2013 Manual zur Literaturrecherche in Fachdatenbanken zum Thema Gesundheit<br \/>\n<span style=\"color: #666699;\"><a href=\"http:\/\/www.informationskompetenz.de\/wp-content\/uploads\/2018\/09\/Hirt_RefHunter_Version_2.0_1.pdf\">Manual<\/a><\/span><\/td>\n<\/tr>\n<tr>\n<td style=\"width: 85.6333px; vertical-align: top;\"><span style=\"color: #000080;\">17:30 Uhr<\/span><\/td>\n<td style=\"width: 551.367px; vertical-align: top;\">\u00a0<em>\u00a0<span style=\"color: #ff0000;\">Rahmenprogramm<\/span> <\/em>Bamberg &#8211; Fakt oder Fiktion? (optional)<\/td>\n<\/tr>\n<tr>\n<td style=\"width: 85.6333px; vertical-align: top;\"><span style=\"color: #000080;\">19:30 Uhr<\/span><\/td>\n<td style=\"width: 551.367px; vertical-align: top;\">\u00a0<em>\u00a0<span style=\"color: #ff0000;\">Rahmenprogramm<\/span><\/em> Get-together<\/td>\n<\/tr>\n<\/tbody>\n<\/table>\n<h3><span style=\"color: #000080;\">Freitag, 14.09.2018<\/span><\/h3>\n<table style=\"width: 655px;\">\n<tbody>\n<tr style=\"height: 216px;\">\n<td style=\"width: 85.8333px; vertical-align: top; height: 216px;\"><span style=\"color: #000080;\">09:00 Uhr<\/span><\/td>\n<td style=\"width: 548.167px; vertical-align: top; height: 216px;\">\n<h5><span style=\"color: #000080;\">Vortrag<\/span><\/h5>\n<p><em>Prof. Dr. Roland Mangold<\/em>,\u00a0 Hochschule der Medien Stuttgart<br \/>\nWir m\u00fcssen Menschen dort abholen, wo sie stehen &#8230; : Informationspsychologische Befunde zum Einsatz neuerer medialer Formate zur Steigerung der Informationskompetenz<\/p>\n<p><span style=\"color: #666699;\">Raum MG1\/00.04 &#8211; H\u00f6rsaal<\/span><\/p>\n<p><span style=\"color: #666699;\"><a href=\"http:\/\/www.informationskompetenz.de\/wp-content\/uploads\/2018\/09\/IKTag18_Vortrag_Mangold.pdf\">Pr\u00e4sentation<\/a><\/span><\/td>\n<\/tr>\n<tr style=\"height: 12px;\">\n<td style=\"background-color: #d1dce3; vertical-align: top; height: 24px;\"><span style=\"color: #000080;\">10:00 Uhr<\/span><\/td>\n<td style=\"background-color: #d1dce3; vertical-align: top; height: 24px;\">Postersession und Kaffeepause<\/td>\n<\/tr>\n<tr style=\"height: 104px;\">\n<td style=\"width: 85.8333px; vertical-align: top; height: 104px;\"><span style=\"color: #000080;\">10:45 Uhr<\/span><\/td>\n<td style=\"width: 548.167px; vertical-align: top; height: 104px;\">\n<h5><span style=\"color: #000080;\">Einf\u00fchrung in die Unkonferenz<\/span><\/h5>\n<p><span style=\"color: #666699;\">Raum MG1\/00.04 &#8211; H\u00f6rsaal<\/span><\/td>\n<\/tr>\n<tr style=\"height: 104px;\">\n<td style=\"width: 85.8333px; vertical-align: top; height: 104px;\"><span style=\"color: #000080;\">11:00 Uh<\/span>r<\/td>\n<td style=\"width: 548.167px; vertical-align: top; height: 104px;\">\n<h5><span style=\"color: #000080;\">Unkonferenz<\/span><\/h5>\n<p><span style=\"color: #666699;\">MG1 und MG2 &#8211; Seminarr\u00e4ume<br \/>\n<\/span><\/td>\n<\/tr>\n<tr style=\"height: 12px; background-color: #cacfd9;\">\n<td style=\"width: 85.8333px; vertical-align: top; height: 18px;\"><span style=\"color: #000080;\">13:45<\/span><\/td>\n<td style=\"width: 548.167px; vertical-align: top; height: 18px;\">Lunch Farewell<\/td>\n<\/tr>\n<tr style=\"height: 111.25px;\">\n<td style=\"width: 85.8333px; vertical-align: top; height: 111.25px;\"><span style=\"color: #000080;\">14:30 Uhr<\/span><\/td>\n<td style=\"width: 548.167px; vertical-align: top; height: 111.25px;\">\u00a0<span style=\"color: #ff0000;\"><em>Rahmenprogramm<\/em><\/span> Erlebnisf\u00fchrung Bamberg Faszination Weltkulturerbe (optional)<\/p>\n<p><span style=\"color: #ff0000;\"><em>Rahmenprogramm<\/em> <\/span>F\u00fchrung durch die Universit\u00e4tsbibliothek Bamberg (optional)<\/td>\n<\/tr>\n<\/tbody>\n<\/table>\n<p>&nbsp;<\/p>\n","protected":false},"excerpt":{"rendered":"<p>Programm des 2. Informationskompetenz-Tags Deutschland\/\u00d6sterreich\/Schweiz an der Universit\u00e4tsbibliothek Bamberg Mittwoch, 12.09.2018 19:00 Uhr Rahmenprogramm\u00a0 &#8222;H\u00f6rt Ihr Leut &#8230;&#8220; Nachtw\u00e4chterrundgang durch Bambergs Gassen (optional) Donnerstag, 13.09.2018 09:00 Uhr &nbsp; &nbsp; &nbsp; [&hellip;]<\/p>\n","protected":false},"author":23,"featured_media":0,"parent":3793,"menu_order":1,"comment_status":"closed","ping_status":"closed","template":"","meta":{"footnotes":""},"class_list":["post-3800","page","type-page","status-publish","hentry"],"_links":{"self":[{"href":"https:\/\/www.informationskompetenz.de\/index.php\/wp-json\/wp\/v2\/pages\/3800","targetHints":{"allow":["GET"]}}],"collection":[{"href":"https:\/\/www.informationskompetenz.de\/index.php\/wp-json\/wp\/v2\/pages"}],"about":[{"href":"https:\/\/www.informationskompetenz.de\/index.php\/wp-json\/wp\/v2\/types\/page"}],"author":[{"embeddable":true,"href":"https:\/\/www.informationskompetenz.de\/index.php\/wp-json\/wp\/v2\/users\/23"}],"replies":[{"embeddable":true,"href":"https:\/\/www.informationskompetenz.de\/index.php\/wp-json\/wp\/v2\/comments?post=3800"}],"version-history":[{"count":60,"href":"https:\/\/www.informationskompetenz.de\/index.php\/wp-json\/wp\/v2\/pages\/3800\/revisions"}],"predecessor-version":[{"id":5511,"href":"https:\/\/www.informationskompetenz.de\/index.php\/wp-json\/wp\/v2\/pages\/3800\/revisions\/5511"}],"up":[{"embeddable":true,"href":"https:\/\/www.informationskompetenz.de\/index.php\/wp-json\/wp\/v2\/pages\/3793"}],"wp:attachment":[{"href":"https:\/\/www.informationskompetenz.de\/index.php\/wp-json\/wp\/v2\/media?parent=3800"}],"curies":[{"name":"wp","href":"https:\/\/api.w.org\/{rel}","templated":true}]}}