{"id":3803,"date":"2018-05-22T13:12:57","date_gmt":"2018-05-22T11:12:57","guid":{"rendered":"http:\/\/www.informationskompetenz.de\/?page_id=3803"},"modified":"2018-07-06T14:14:43","modified_gmt":"2018-07-06T12:14:43","slug":"tagungsort","status":"publish","type":"page","link":"https:\/\/www.informationskompetenz.de\/index.php\/kommission-informationskompetenz\/termine-veranstaltungen\/informationskompetenz-tag-deutschland-oesterreich-schweiz\/tagungsort\/","title":{"rendered":"Tagungsort"},"content":{"rendered":"<p>Die Universit\u00e4t Bamberg ist keine Campusuni am Rande der Stadt, sondern an \u00fcber 50 Standorten gelebter Teil des Welterbes. Viele Einrichtungen sind in historischen Geb\u00e4uden der Altstadt untergebracht, so auch die Fakult\u00e4t Humanwissenschaften in der einstigen Frauenklinik am Markusplatz. Direkt angrenzend entstand in der <strong>Markusstra\u00dfe 8a<\/strong> in j\u00fcngster Zeit ein neu gebauter Komplex von H\u00f6rsaal- und Institutsgeb\u00e4uden (interne K\u00fcrzel MG1 und MG2), in dem wir Sie zum 2. Informationskompetenz-Tag herzlich begr\u00fc\u00dfen d\u00fcrfen.<\/p>\n<p>&nbsp;<\/p>\n<p><a href=\"http:\/\/www.informationskompetenz.de\/wp-content\/uploads\/2018\/05\/MG1_UniBa.jpg\"><img loading=\"lazy\" decoding=\"async\" class=\"alignnone size-full wp-image-3822\" src=\"http:\/\/www.informationskompetenz.de\/wp-content\/uploads\/2018\/05\/MG1_UniBa.jpg\" alt=\"\" width=\"800\" height=\"489\" \/><\/a><\/p>\n<h3><\/h3>\n<h3><span style=\"color: #000080;\">Lageplan<\/span><\/h3>\n<p>Die Geb\u00e4ude MG1 und MG2 in der Markusstra\u00dfe 8a befinden sich in der Altstadt Bambergs:<\/p>\n<p><a href=\"https:\/\/www.uni-bamberg.de\/universitaet\/anreise\/markusstrasse-8a-mg1mg2\/\">Lageplan und Street View MG1\/MG2<\/a><\/p>\n<h3><\/h3>\n<h3><span style=\"color: #000080;\">Anreise nach Bamberg<\/span><\/h3>\n<div id=\"c416503\">\n<div id=\"c408824\" class=\"ce \">\n<div class=\"ce-textpic ce-right ce-intext\">\n<div class=\"ce-bodytext\">\n<p><strong>Mit der Bahn<\/strong><\/p>\n<p>Ihre Anreise planen Sie am besten individuell mit Hilfe der <a href=\"https:\/\/www.bahn.de\/\" target=\"external\">Reiseauskunft der Deutschen Bahn<\/a>.<\/p>\n<p>Der Zielbahnhof ist <em>Bamberg<\/em>.<\/p>\n<p>Vom Bahnhof Bamberg aus fahren in kurzen Abst\u00e4nden Busse zum Zentralen Omnibusbahnhof <strong>ZOB<\/strong>. Halten Sie sich, wenn Sie aus dem Bahnhofsgeb\u00e4ude treten rechts, die Abfahrt der Busse Richtung Innenstadt erfolgt auf der gegen\u00fcberliegenden Stra\u00dfenseite. Vom ZOB aus erreichen Sie die Markusstra\u00dfe zu Fu\u00df in 5 Minuten.<\/p>\n<p><a href=\"https:\/\/www.stadtwerke-bamberg.de\/mobilitaet\/bus\/uebersicht-oepnv.html\">Fahrplan und Stadtbuslinien Bamberg<\/a><\/p>\n<p><strong>Mit dem Auto<\/strong><\/p>\n<p>Bamberg ist in allen vier Himmelsrichtungen an das deutsche Autobahnnetz angebunden.<\/p>\n<p>Von Osten nach Westen verl\u00e4uft die A 70, die wiederum mit der A3 (K\u00f6ln-Passau) verbunden ist.<\/p>\n<p>Der Anschluss an die Nord-S\u00fcd-Strecke besteht \u00fcber die A73, die wiederum mit der A7 (Flensburg-F\u00fcssen) und der A9 (Berlin-M\u00fcnchen) verbunden ist.<\/p>\n<\/div>\n<\/div>\n<\/div>\n<\/div>\n<p style=\"text-align: left;\"><span style=\"color: #993300;\">Bitte beachten Sie, dass an den Universit\u00e4tsgeb\u00e4uden in der Innenstadt <\/span><span style=\"color: #993300;\">keine Parkpl\u00e4tze zur Verf\u00fcgung stehen.<br \/>\n<\/span><\/p>\n<p>In unmittelbarer N\u00e4he der Markusstra\u00dfe befindet sich das <strong>Parkhaus Zentrum Nord<\/strong> am Georgendamm.<\/p>\n<p>Lage und Tarife:<\/p>\n<p><a href=\"https:\/\/www.stadtwerke-bamberg.de\/mobilitaet\/parken\/zentrum-nord.html\">Parkhaus Zentrum Nord am Georgendamm<\/a><\/p>\n<p>Weitere Parkm\u00f6glichkeiten in Bamberg:<\/p>\n<p><a href=\"https:\/\/www.stadtwerke-bamberg.de\/de\/Mobilitaet\/Parken\/Parken.html\">Orts\u00fcbersicht der Parkangebote <\/a><\/p>\n<div class=\"wp-menu-arrow\"><\/div>\n<p>&nbsp;<\/p>\n","protected":false},"excerpt":{"rendered":"<p>Die Universit\u00e4t Bamberg ist keine Campusuni am Rande der Stadt, sondern an \u00fcber 50 Standorten gelebter Teil des Welterbes. Viele Einrichtungen sind in historischen Geb\u00e4uden der Altstadt untergebracht, so auch [&hellip;]<\/p>\n","protected":false},"author":23,"featured_media":0,"parent":3793,"menu_order":0,"comment_status":"closed","ping_status":"closed","template":"","meta":{"footnotes":""},"class_list":["post-3803","page","type-page","status-publish","hentry"],"_links":{"self":[{"href":"https:\/\/www.informationskompetenz.de\/index.php\/wp-json\/wp\/v2\/pages\/3803","targetHints":{"allow":["GET"]}}],"collection":[{"href":"https:\/\/www.informationskompetenz.de\/index.php\/wp-json\/wp\/v2\/pages"}],"about":[{"href":"https:\/\/www.informationskompetenz.de\/index.php\/wp-json\/wp\/v2\/types\/page"}],"author":[{"embeddable":true,"href":"https:\/\/www.informationskompetenz.de\/index.php\/wp-json\/wp\/v2\/users\/23"}],"replies":[{"embeddable":true,"href":"https:\/\/www.informationskompetenz.de\/index.php\/wp-json\/wp\/v2\/comments?post=3803"}],"version-history":[{"count":16,"href":"https:\/\/www.informationskompetenz.de\/index.php\/wp-json\/wp\/v2\/pages\/3803\/revisions"}],"predecessor-version":[{"id":4026,"href":"https:\/\/www.informationskompetenz.de\/index.php\/wp-json\/wp\/v2\/pages\/3803\/revisions\/4026"}],"up":[{"embeddable":true,"href":"https:\/\/www.informationskompetenz.de\/index.php\/wp-json\/wp\/v2\/pages\/3793"}],"wp:attachment":[{"href":"https:\/\/www.informationskompetenz.de\/index.php\/wp-json\/wp\/v2\/media?parent=3803"}],"curies":[{"name":"wp","href":"https:\/\/api.w.org\/{rel}","templated":true}]}}