{"id":3962,"date":"2018-06-28T00:09:17","date_gmt":"2018-06-27T22:09:17","guid":{"rendered":"http:\/\/www.informationskompetenz.de\/?page_id=3962"},"modified":"2026-02-08T23:38:59","modified_gmt":"2026-02-08T22:38:59","slug":"kommission-informationskompetenz-termine-veranstaltungen-best-practice-wettbewerb-2018-2","status":"publish","type":"page","link":"https:\/\/www.informationskompetenz.de\/index.php\/kommission-informationskompetenz\/termine-veranstaltungen\/best-practice-wettbewerb\/kommission-informationskompetenz-termine-veranstaltungen-best-practice-wettbewerb-2018-2\/","title":{"rendered":"2018"},"content":{"rendered":"<h3>Einsatz und Qualifizierung von Personal bei der Vermittlung von Informationskompetenz<\/h3>\n<p>Die pr\u00e4mierten Konzepte wurden am 13.06.2018 beim 107. Deutschen Bibliothekartag in Berlin pr\u00e4sentiert.<\/p>\n<p><strong>1. Preis<\/strong><br \/>\nUniversit\u00e4tsbibliothek Braunschweig \/ Dr. Simone Kibler<br \/>\n<a href=\"http:\/\/www.informationskompetenz.de\/wp-content\/uploads\/2018\/06\/BPW_Kibler.pdf\" target=\"_blank\" rel=\"noopener\">Pr\u00e4sentation <\/a> | <a href=\"http:\/\/www.informationskompetenz.de\/wp-content\/uploads\/2018\/06\/Braunschweig_Poster_Best_Practice_2018.pdf\" target=\"_blank\" rel=\"noopener\">Poster<\/a><\/p>\n<p><strong>2. Preis<\/strong><br \/>\nDie Bibliothek Wirtschaft &amp; Management (DBWM), Technische Universit\u00e4t Berlin \/ Claudia Fuls, Dr. Franziska Klatt<br \/>\n<a href=\"http:\/\/www.informationskompetenz.de\/wp-content\/uploads\/2018\/06\/DBWM_BBW_20180609.pdf\" target=\"_blank\" rel=\"noopener\">Pr\u00e4sentation <\/a> | <a href=\"http:\/\/www.informationskompetenz.de\/wp-content\/uploads\/2018\/06\/Berlin_Poster_Best_Practice_2018.pdf\" target=\"_blank\" rel=\"noopener\">Poster<\/a><\/p>\n<p><strong>3. Preis<\/strong><br \/>\nUniversit\u00e4tsbibliothek Bochum \/ Monika Theile<br \/>\n<a href=\"http:\/\/www.informationskompetenz.de\/wp-content\/uploads\/2018\/06\/Best-Practice_2018_UB_Bochum_Theile2.pdf\" target=\"_blank\" rel=\"noopener\">Pr\u00e4sentation <\/a> | <a href=\"http:\/\/www.informationskompetenz.de\/wp-content\/uploads\/2018\/06\/Bochum_Poster_Best_Practice_2018.pdf\" target=\"_blank\" rel=\"noopener\">Poster<\/a><\/p>\n","protected":false},"excerpt":{"rendered":"<p>Einsatz und Qualifizierung von Personal bei der Vermittlung von Informationskompetenz Die pr\u00e4mierten Konzepte wurden am 13.06.2018 beim 107. Deutschen Bibliothekartag in Berlin pr\u00e4sentiert. 1. Preis Universit\u00e4tsbibliothek Braunschweig \/ Dr. Simone [&hellip;]<\/p>\n","protected":false},"author":23,"featured_media":0,"parent":1957,"menu_order":0,"comment_status":"closed","ping_status":"closed","template":"","meta":{"footnotes":""},"class_list":["post-3962","page","type-page","status-publish","hentry"],"_links":{"self":[{"href":"https:\/\/www.informationskompetenz.de\/index.php\/wp-json\/wp\/v2\/pages\/3962","targetHints":{"allow":["GET"]}}],"collection":[{"href":"https:\/\/www.informationskompetenz.de\/index.php\/wp-json\/wp\/v2\/pages"}],"about":[{"href":"https:\/\/www.informationskompetenz.de\/index.php\/wp-json\/wp\/v2\/types\/page"}],"author":[{"embeddable":true,"href":"https:\/\/www.informationskompetenz.de\/index.php\/wp-json\/wp\/v2\/users\/23"}],"replies":[{"embeddable":true,"href":"https:\/\/www.informationskompetenz.de\/index.php\/wp-json\/wp\/v2\/comments?post=3962"}],"version-history":[{"count":10,"href":"https:\/\/www.informationskompetenz.de\/index.php\/wp-json\/wp\/v2\/pages\/3962\/revisions"}],"predecessor-version":[{"id":5503,"href":"https:\/\/www.informationskompetenz.de\/index.php\/wp-json\/wp\/v2\/pages\/3962\/revisions\/5503"}],"up":[{"embeddable":true,"href":"https:\/\/www.informationskompetenz.de\/index.php\/wp-json\/wp\/v2\/pages\/1957"}],"wp:attachment":[{"href":"https:\/\/www.informationskompetenz.de\/index.php\/wp-json\/wp\/v2\/media?parent=3962"}],"curies":[{"name":"wp","href":"https:\/\/api.w.org\/{rel}","templated":true}]}}