{"id":4003,"date":"2018-07-06T13:00:46","date_gmt":"2018-07-06T11:00:46","guid":{"rendered":"http:\/\/www.informationskompetenz.de\/?page_id=4003"},"modified":"2025-12-08T13:46:03","modified_gmt":"2025-12-08T12:46:03","slug":"anleitung","status":"publish","type":"page","link":"https:\/\/www.informationskompetenz.de\/index.php\/veranstaltungsstatistik\/anleitung\/","title":{"rendered":"Anleitung"},"content":{"rendered":"<p>F\u00fcr die Eingabe von Statistik-Daten ab 2018 steht eine ausf\u00fchrliche <a href=\"http:\/\/www.informationskompetenz.de\/wp-content\/uploads\/2018\/07\/IK-Statistik_2018_Anleitung_Stand_2018-07-06.pdf\">Anleitung<\/a> zur Verf\u00fcgung.<\/p>\n<p>Einsteigerinnen und Einsteiger werden anhand dieses Dokuments Schritt f\u00fcr Schritt durch das Eingabeformular gef\u00fchrt. Interessant f\u00fcr erfahrene Teilnehmende: Stellen, an denen es erfahrungsgem\u00e4\u00df zu Plausibilit\u00e4tsfehlern kommen kann, sind mit gelben Pfeilen markiert.<\/p>\n<p><strong>CSV-Upload<\/strong><\/p>\n<p>In der Anleitung ist auch der Daten-Upload mittels CSV-Datei erl\u00e4utert.<\/p>\n<p>Die Muster-Upload-Dateien stehen auf online zur Verf\u00fcgung:<br \/>\n<a href=\"https:\/\/www.informationskompetenz.de\/index.php\/ik-statistik-csv-upload\/\" target=\"_blank\" rel=\"noopener\">https:\/\/www.informationskompetenz.de\/index.php\/ik-statistik-csv-upload\/<\/a><\/p>\n<p>F\u00fcr den erfolgreichen Upload m\u00fcssen Statistikdaten auf dieselbe Weise formatiert sein, wie in dieser Datei ersichtlich.<\/p>\n<p><em>Update: Link zu den Upload-Dateien eingef\u00fcgt, 07.12.2025<\/em><\/p>\n","protected":false},"excerpt":{"rendered":"<p>F\u00fcr die Eingabe von Statistik-Daten ab 2018 steht eine ausf\u00fchrliche Anleitung zur Verf\u00fcgung. Einsteigerinnen und Einsteiger werden anhand dieses Dokuments Schritt f\u00fcr Schritt durch das Eingabeformular gef\u00fchrt. Interessant f\u00fcr erfahrene [&hellip;]<\/p>\n","protected":false},"author":23,"featured_media":0,"parent":40,"menu_order":0,"comment_status":"closed","ping_status":"closed","template":"","meta":{"footnotes":""},"class_list":["post-4003","page","type-page","status-publish","hentry"],"_links":{"self":[{"href":"https:\/\/www.informationskompetenz.de\/index.php\/wp-json\/wp\/v2\/pages\/4003","targetHints":{"allow":["GET"]}}],"collection":[{"href":"https:\/\/www.informationskompetenz.de\/index.php\/wp-json\/wp\/v2\/pages"}],"about":[{"href":"https:\/\/www.informationskompetenz.de\/index.php\/wp-json\/wp\/v2\/types\/page"}],"author":[{"embeddable":true,"href":"https:\/\/www.informationskompetenz.de\/index.php\/wp-json\/wp\/v2\/users\/23"}],"replies":[{"embeddable":true,"href":"https:\/\/www.informationskompetenz.de\/index.php\/wp-json\/wp\/v2\/comments?post=4003"}],"version-history":[{"count":11,"href":"https:\/\/www.informationskompetenz.de\/index.php\/wp-json\/wp\/v2\/pages\/4003\/revisions"}],"predecessor-version":[{"id":5381,"href":"https:\/\/www.informationskompetenz.de\/index.php\/wp-json\/wp\/v2\/pages\/4003\/revisions\/5381"}],"up":[{"embeddable":true,"href":"https:\/\/www.informationskompetenz.de\/index.php\/wp-json\/wp\/v2\/pages\/40"}],"wp:attachment":[{"href":"https:\/\/www.informationskompetenz.de\/index.php\/wp-json\/wp\/v2\/media?parent=4003"}],"curies":[{"name":"wp","href":"https:\/\/api.w.org\/{rel}","templated":true}]}}