{"id":4056,"date":"2018-07-19T22:55:08","date_gmt":"2018-07-19T20:55:08","guid":{"rendered":"http:\/\/www.informationskompetenz.de\/?page_id=4056"},"modified":"2018-07-19T22:55:08","modified_gmt":"2018-07-19T20:55:08","slug":"2018-2","status":"publish","type":"page","link":"https:\/\/www.informationskompetenz.de\/index.php\/kommission-informationskompetenz\/termine-veranstaltungen\/round-table\/2018-2\/","title":{"rendered":"2018"},"content":{"rendered":"<p><H3> 5. Round Table der Gemeinsamen Kommission Informationskompetenz von VDB\/dbv in Berlin am 12. M\u00e4rz 2018 im Weiterbildungszentrum der Freien Universit\u00e4t Berlin<\/h3>\n<p>Erneut fand 2018 der j\u00e4hrliche Round Table der Kommission Informationskompetenz statt. In Berlin trafen sich die Vertreter_innen der diversen regionalen IK-Arbeitsgruppen der Verb\u00fcnde und IK-Expert_innen aus dem gesamten Bundesgebiet. Der Round Table diente in den letzten f\u00fcnf Jahren dazu, einen intensiven Informationsaustausch und eine stetige  Kommunikation zwischen den Arbeitsgruppen und Netzwerken aufzubauen, zu f\u00f6rdern und zu verstetigen. Ein Schwerpunktthema des Round Tables 2018 war die Umsetzung der Ergebnisse des letztj\u00e4hrigen Best-Practice-Wettbewerbs 2017 mit dem Thema \u201eEvaluation und Assessment bei der Vermittlung von IK\u201c und wie z.B. die Konzeptideen der Wettbewerbsteilnehmer_innen in der Praxis umgesetzt werden k\u00f6nnen.<br \/>\nDie Kommission, vertreten durch Dr. Fabian Franke (Vorsitzender), Claudia Martin-Konle, Medea Seyder und Belinda Jopp, leiteten den Round Table mit einer Austauschrunde ein: Die Teilnehmenden berichteten von neuen IK-Projekten aus ihren Netzwerken, so z.B. aus Baden-W\u00fcrttemberg, Bayern, dem GBV, Hessen und NRW, und von Trends, die sich an den Hochschulen bzw. Bibliotheken im Bereich der Informationskompetenzvermittlung abzeichnen. <\/p>\n<p>Nach der Austauschrunde der Netzwerke stellten f\u00fcnf Kolleg_innen mit einer Reihe von Impuls-Vortr\u00e4gen einige Themen vor, die aktuell \u2013 neben dem Thema Evaluation \u2013 von der Community ebenfalls diskutiert werden. Stefanie S\u00f6nitz (HB D\u00fcsseldorf) widmete sich dem Thema Evaluation von IK-Veranstaltungen an der Hochschule D\u00fcsseldorf und Naoka Werr (HS f\u00fcr \u00f6ffentlichen Dienst Bayern) dem Thema Ausbildung. Diana Tangen (Bibliothek des KIT) stellte Coffee Lectures am KIT vor, Gudrun Kovac (UB Bielefeld) pr\u00e4sentierte das Thema Integration von neuen Aufgaben in Schulungskonzepte und Motivation von Kolleginnen und Kollegen und Fabian Franke (UB Bamberg) rundete den Vortragsteil der Veranstaltung mit einem Input zur Urheberrechtskompetenz ab.<br \/>\nNach den Vortr\u00e4gen wurden die Themen mit Hilfe eines World Caf\u00e9s intensiv von den Teilnehmenden diskutiert, Informationen und Konzepte besprochen und ausgetauscht und anschlie\u00dfend der gesamten Runde pr\u00e4sentiert. <\/p>\n<p>2019 wird aller Voraussicht nach ein weiterer Round Table bzw. die M\u00f6glichkeit zum Austausch der IK-Netzwerke stattfinden. Die neue IK-Kommission wird sich rechtzeitig bei den Netzwerken melden, um den Austausch und die Kommunikation aufrechtzuerhalten. Anregungen und W\u00fcnsche der IK-Community werden weiterhin jederzeit gerne von der Kommission angenommen!<\/p>\n<p>Medea Seyder (Gemeinsame Kommission Informationskompetenz von VDB\/dbv)<\/p>\n","protected":false},"excerpt":{"rendered":"<p>5. Round Table der Gemeinsamen Kommission Informationskompetenz von VDB\/dbv in Berlin am 12. M\u00e4rz 2018 im Weiterbildungszentrum der Freien Universit\u00e4t Berlin Erneut fand 2018 der j\u00e4hrliche Round Table der Kommission [&hellip;]<\/p>\n","protected":false},"author":23,"featured_media":0,"parent":2006,"menu_order":0,"comment_status":"closed","ping_status":"closed","template":"","meta":{"footnotes":""},"class_list":["post-4056","page","type-page","status-publish","hentry"],"_links":{"self":[{"href":"https:\/\/www.informationskompetenz.de\/index.php\/wp-json\/wp\/v2\/pages\/4056","targetHints":{"allow":["GET"]}}],"collection":[{"href":"https:\/\/www.informationskompetenz.de\/index.php\/wp-json\/wp\/v2\/pages"}],"about":[{"href":"https:\/\/www.informationskompetenz.de\/index.php\/wp-json\/wp\/v2\/types\/page"}],"author":[{"embeddable":true,"href":"https:\/\/www.informationskompetenz.de\/index.php\/wp-json\/wp\/v2\/users\/23"}],"replies":[{"embeddable":true,"href":"https:\/\/www.informationskompetenz.de\/index.php\/wp-json\/wp\/v2\/comments?post=4056"}],"version-history":[{"count":1,"href":"https:\/\/www.informationskompetenz.de\/index.php\/wp-json\/wp\/v2\/pages\/4056\/revisions"}],"predecessor-version":[{"id":4057,"href":"https:\/\/www.informationskompetenz.de\/index.php\/wp-json\/wp\/v2\/pages\/4056\/revisions\/4057"}],"up":[{"embeddable":true,"href":"https:\/\/www.informationskompetenz.de\/index.php\/wp-json\/wp\/v2\/pages\/2006"}],"wp:attachment":[{"href":"https:\/\/www.informationskompetenz.de\/index.php\/wp-json\/wp\/v2\/media?parent=4056"}],"curies":[{"name":"wp","href":"https:\/\/api.w.org\/{rel}","templated":true}]}}