{"id":4341,"date":"2019-04-04T11:33:19","date_gmt":"2019-04-04T09:33:19","guid":{"rendered":"http:\/\/www.informationskompetenz.de\/?page_id=4341"},"modified":"2020-04-03T18:56:25","modified_gmt":"2020-04-03T16:56:25","slug":"teilnehmende-bibliotheken","status":"publish","type":"page","link":"https:\/\/www.informationskompetenz.de\/index.php\/veranstaltungsstatistik\/teilnehmende-bibliotheken\/","title":{"rendered":"Teilnehmende Bibliotheken"},"content":{"rendered":"<p>In die IK-Statistik 2018 sind die Daten folgender Bibliotheken eingeflossen:<\/p>\n<ul>\n<li>Universit\u00e4tsbibliothek der Rheinisch-Westf\u00e4lischen Technischen Hochschule Aachen<\/li>\n<li>Bibliothek der Ostbayerischen Technischen Hochschule Amberg-Weiden<\/li>\n<li>Bibliothek der Hochschule Ansbach<\/li>\n<li>Bibliothek der Hochschule Aschaffenburg<\/li>\n<li>Bibliothek der Hochschule Augsburg<\/li>\n<li>Universit\u00e4tsbibliothek Augsburg<\/li>\n<li>Universit\u00e4tsbibliothek Bamberg<\/li>\n<li>Universit\u00e4tsbibliothek Bayreuth<\/li>\n<li>Bibliothek der Katholischen Stiftungshochschule, Campus Benediktbeuern<\/li>\n<li>Bibliothek im Lette-Verein Berlin<\/li>\n<li>Staatsbibliothek zu Berlin &#8211; Preu\u00dfischer Kulturbesitz<\/li>\n<li>Bibliothek des John-F.-Kennedy-Instituts f\u00fcr Nordamerikastudien der Freien Universit\u00e4t Berlin<\/li>\n<li>Universit\u00e4tsbibliothek der Humboldt-Universit\u00e4t zu Berlin<\/li>\n<li>Universit\u00e4tsbibliothek\u00a0der Technischen Universit\u00e4t Berlin<\/li>\n<li>Bibliothek Wirtschaft &amp; Management der Technischen Universit\u00e4t Berlin<\/li>\n<li>Universit\u00e4tsbibliothek Bielefeld<\/li>\n<li>Hochschulbibliothek der Evangelischen Hochschule Rheinland-Westfalen-Lippe Bochum<\/li>\n<li>Universit\u00e4tsbibliothek Bochum<\/li>\n<li>Universit\u00e4ts und Landesbibliothek Bonn<\/li>\n<li>Staats- und Universit\u00e4tsbibliothek Bremen<\/li>\n<li>Bibliothek des Alfred-Wegener-Instituts &#8211; Helmholtz-Zentrum f\u00fcr Polar- und Meeresforschung, Bremerhaven<\/li>\n<li>Landesbibliothek Coburg<\/li>\n<li>Informations-, Kommunikations- und Medienzentrum (IKMZ) der Brandenburgischen Technischen Universit\u00e4t Cottbus &#8211; Senftenberg<\/li>\n<li>Universit\u00e4ts und Landesbibliothek Darmstadt<\/li>\n<li>Bibliothek der Technischen Hochschule Deggendorf<\/li>\n<li>Hochschulbibliothek der Fachhochschule Dortmund<\/li>\n<li>Universit\u00e4tsbibliothek Duisburg-Essen<\/li>\n<li>Hochschulbibliothek der Hochschule D\u00fcsseldorf<\/li>\n<li>Universit\u00e4ts- und Landesbibliothek D\u00fcsseldorf<\/li>\n<li>Universit\u00e4tsbibliothek Eichst\u00e4tt-Ingolstadt<\/li>\n<li>Bibliothek der Fachhoschule Erfurt<\/li>\n<li>Universit\u00e4tsbibliothek Erlangen-N\u00fcrnberg<\/li>\n<li>Universit\u00e4tsbibliothek Johann Christian Senckenberg Frankfurt am Main<\/li>\n<li>Universit\u00e4tsbibliothek Freiburg<\/li>\n<li>Hochschulbibliothek der Technischen Hochschule Mittelhessen, Friedberg und Gie\u00dfen<\/li>\n<li>Hochschul- und Landesbibliothek Fulda<\/li>\n<li>Universit\u00e4tsbibliothek Gie\u00dfen<\/li>\n<li>Hochschulbibliothek der Fachhochschule S\u00fcdwestfalen, Hagen<\/li>\n<li>Universit\u00e4tsbibliothek der Helmut-Schmidt-Universit\u00e4t \/ Universit\u00e4t der Bundeswehr Hamburg<\/li>\n<li>Gottfried Wilhelm Leibniz Bibliothek &#8211; Nieders\u00e4chsische Landesbibliothek Hannover<\/li>\n<li>Technische Informationsbibiothek (TIB), Leibniz-Informationszentrum f\u00fcr Technik und Naturwissenschaften und Universit\u00e4tsbibliothek Hannover<\/li>\n<li>Universit\u00e4tsbibliothek Heidelberg<\/li>\n<li>Wissenschaftliche Stadtbibliothek Ingolstadt<\/li>\n<li>Hochschulbibliothek Kaiserslautern<\/li>\n<li>Universit\u00e4tsbibliothek Kaiserslautern<\/li>\n<li>Badische Landesbibliothek Karlsruhe<\/li>\n<li>Hochschulbibliothek Karlsruhe<\/li>\n<li>KIT-Bibliothek Karlsruhe<\/li>\n<li>Universit\u00e4tsbibliothek Kassel &#8211; Landesbibliothek und Murhardsche Bibliothek der Stadt Kassel<\/li>\n<li>Hochschulbibliothek Kempten<\/li>\n<li>Universit\u00e4tsbibliothek Kiel<\/li>\n<li>Hochschulbibliothek Koblenz<\/li>\n<li>Landesbibliothekszentrum Rheinland-Pfalz<\/li>\n<li>Universit\u00e4tsbibliothek der Universit\u00e4t Koblenz-Landau, Campus Koblenz<\/li>\n<li>Universit\u00e4ts- und Stadtbibliothek K\u00f6ln<\/li>\n<li>Hochschulbibliothek der HTWG Konstanz<\/li>\n<li>Universit\u00e4tsbibliothek der Universit\u00e4t Koblenz-Landau, Campus Landau<\/li>\n<li>Hochschulbibliothek Landshut<\/li>\n<li>Universit\u00e4tsbibliothek Mainz<\/li>\n<li>Universit\u00e4tsbibliothek Mannheim<\/li>\n<li>Universit\u00e4tsbibliothek Marburg<\/li>\n<li>Hochschulbibliothek der Hochschule Niederrhein, M\u00f6nchengladbach<\/li>\n<li>Bibliothek der Hochschule M\u00fcnchen<\/li>\n<li>Universit\u00e4tsbibliothek Ludwig-Maximilians-Universit\u00e4t M\u00fcnchen<\/li>\n<li>Universit\u00e4tsbibliothek Technische Universit\u00e4t M\u00fcnchen<\/li>\n<li>Hochschulbibliothek Neu-Ulm<\/li>\n<li>Universit\u00e4tsbibliothek Osnabr\u00fcck<\/li>\n<li>Universit\u00e4tsbibliothek Paderborn<\/li>\n<li>Universit\u00e4tsbibliothek Passau<\/li>\n<li>Universit\u00e4tsbibliothek Potsdam<\/li>\n<li>Bibliothek der Fachhochschule Potsdam<\/li>\n<li>Hochschulbibliothek Regensburg (HBR) &#8211; Ostbayerische Technische Hochschule (OTR)<\/li>\n<li>Universit\u00e4tsbibliothek Regensburg<\/li>\n<li>Saarl\u00e4ndische Universit\u00e4ts- und Landesbibliothek Saarbr\u00fccken<\/li>\n<li>Bibliothek der P\u00e4dagogischen Hochschule Schw\u00e4bisch Gm\u00fcnd<\/li>\n<li>Universit\u00e4tsbibliothek Siegen<\/li>\n<li>Kommunikations-, Informations- und Medienzentrum (KIM) der Universit\u00e4t Hohenheim<\/li>\n<li>IZUS \/ Universit\u00e4tsbibliothek Stuttgart<\/li>\n<li>W\u00fcrttembergische Landesbibliothek Stuttgart<\/li>\n<li>Bibliothek der Hochschule Trier<\/li>\n<li>Universit\u00e4tsbibliothek Trier<\/li>\n<li>Universit\u00e4tsbibliothek T\u00fcbingen<\/li>\n<li>Kommunikations- und Informationszentrum der Universit\u00e4t Ulm (kiz)<\/li>\n<li>Bibliothek der Hochschule Weihenstephan-Triesdorf<\/li>\n<li>Hochschul- und Landesbibliothek RheinMain, Wiesbaden<\/li>\n<li>Universit\u00e4tsbibliothek Wuppertal<\/li>\n<li>Bibliothek der Hochschule f\u00fcr angewandte Wissenschaften W\u00fcrzburg-Schweinfurt<\/li>\n<li>Universit\u00e4tsbibliothek W\u00fcrzburg<\/li>\n<\/ul>\n","protected":false},"excerpt":{"rendered":"<p>In die IK-Statistik 2018 sind die Daten folgender Bibliotheken eingeflossen: Universit\u00e4tsbibliothek der Rheinisch-Westf\u00e4lischen Technischen Hochschule Aachen Bibliothek der Ostbayerischen Technischen Hochschule Amberg-Weiden Bibliothek der Hochschule Ansbach Bibliothek der Hochschule Aschaffenburg [&hellip;]<\/p>\n","protected":false},"author":20,"featured_media":0,"parent":40,"menu_order":0,"comment_status":"closed","ping_status":"closed","template":"","meta":{"footnotes":""},"class_list":["post-4341","page","type-page","status-publish","hentry"],"_links":{"self":[{"href":"https:\/\/www.informationskompetenz.de\/index.php\/wp-json\/wp\/v2\/pages\/4341","targetHints":{"allow":["GET"]}}],"collection":[{"href":"https:\/\/www.informationskompetenz.de\/index.php\/wp-json\/wp\/v2\/pages"}],"about":[{"href":"https:\/\/www.informationskompetenz.de\/index.php\/wp-json\/wp\/v2\/types\/page"}],"author":[{"embeddable":true,"href":"https:\/\/www.informationskompetenz.de\/index.php\/wp-json\/wp\/v2\/users\/20"}],"replies":[{"embeddable":true,"href":"https:\/\/www.informationskompetenz.de\/index.php\/wp-json\/wp\/v2\/comments?post=4341"}],"version-history":[{"count":6,"href":"https:\/\/www.informationskompetenz.de\/index.php\/wp-json\/wp\/v2\/pages\/4341\/revisions"}],"predecessor-version":[{"id":4576,"href":"https:\/\/www.informationskompetenz.de\/index.php\/wp-json\/wp\/v2\/pages\/4341\/revisions\/4576"}],"up":[{"embeddable":true,"href":"https:\/\/www.informationskompetenz.de\/index.php\/wp-json\/wp\/v2\/pages\/40"}],"wp:attachment":[{"href":"https:\/\/www.informationskompetenz.de\/index.php\/wp-json\/wp\/v2\/media?parent=4341"}],"curies":[{"name":"wp","href":"https:\/\/api.w.org\/{rel}","templated":true}]}}