{"id":438,"date":"2015-06-05T13:50:41","date_gmt":"2015-06-05T11:50:41","guid":{"rendered":"http:\/\/wp.informationskompetenz.de\/?page_id=438"},"modified":"2026-02-09T00:16:55","modified_gmt":"2026-02-08T23:16:55","slug":"schulungsstatistik-bw","status":"publish","type":"page","link":"https:\/\/www.informationskompetenz.de\/index.php\/regionen\/baden-wuerttemberg\/schulungsstatistik-bw\/","title":{"rendered":"Schulungsstatistik (BW)"},"content":{"rendered":"<p>Das Netzwerk Informationskompetenz Baden-W\u00fcrttemberg ver\u00f6ffentlicht an dieser Stelle j\u00e4hrlich die Ergebnisse der gemeinsamen Schulungsstatistik, die seit 2007 durchgef\u00fchrt wird.<\/p>\n<ul>\n<li><a href=\"http:\/\/www.informationskompetenz.de\/index.php\/regionen\/baden-wuerttemberg\/schulungsstatistik-bw\/schulungsstatistik-2016-bw\/\">2016<\/a><\/li>\n<li><a href=\"http:\/\/www.informationskompetenz.de\/index.php\/schulungsstatistik-2015-baden-wuerttemberg\/\">2015<\/a><\/li>\n<li><a href=\"http:\/\/www.informationskompetenz.de\/index.php\/regionen\/baden-wuerttemberg\/schulungsstatistik-bw\/schulungsstatistik-2014-baden-wuerttemberg\/\">2014<\/a><\/li>\n<li><a href=\"http:\/\/www.informationskompetenz.de\/index.php\/regionen\/baden-wuerttemberg\/schulungsstatistik-bw\/schulungsstatistik-2013-bw\/\">2013<\/a><\/li>\n<li><a href=\"http:\/\/www.informationskompetenz.de\/index.php\/regionen\/baden-wuerttemberg\/schulungsstatistik-bw\/schulungsstatistik-2012-bw\/\">2012<\/a><\/li>\n<li><a href=\"http:\/\/www.informationskompetenz.de\/index.php\/regionen\/baden-wuerttemberg\/schulungsstatistik-bw\/schulungsstatistik-2011-bw\/\">2011<\/a><\/li>\n<li><a href=\"http:\/\/www.informationskompetenz.de\/index.php\/regionen\/baden-wuerttemberg\/schulungsstatistik-bw\/schulungsstatistik-2010-bw\/\">2010<\/a><\/li>\n<li><a href=\"http:\/\/www.informationskompetenz.de\/index.php\/schulungsstatistik-2009-bw\/\">2009<\/a><\/li>\n<li><a href=\"http:\/\/www.informationskompetenz.de\/index.php\/regionen\/baden-wuerttemberg\/schulungsstatistik-bw\/schulungsstatistik-2008-bw\/\">2008<\/a><\/li>\n<li><a href=\"http:\/\/www.informationskompetenz.de\/index.php\/regionen\/baden-wuerttemberg\/schulungsstatistik-bw\/schulungsstatistik-2007-bw\/\">2007<\/a><\/li>\n<\/ul>\n","protected":false},"excerpt":{"rendered":"<p>Das Netzwerk Informationskompetenz Baden-W\u00fcrttemberg ver\u00f6ffentlicht an dieser Stelle j\u00e4hrlich die Ergebnisse der gemeinsamen Schulungsstatistik, die seit 2007 durchgef\u00fchrt wird. 2016 2015 2014 2013 2012 2011 2010 2009 2008 2007<\/p>\n","protected":false},"author":2,"featured_media":0,"parent":236,"menu_order":3,"comment_status":"closed","ping_status":"closed","template":"","meta":{"footnotes":""},"class_list":["post-438","page","type-page","status-publish","hentry"],"_links":{"self":[{"href":"https:\/\/www.informationskompetenz.de\/index.php\/wp-json\/wp\/v2\/pages\/438","targetHints":{"allow":["GET"]}}],"collection":[{"href":"https:\/\/www.informationskompetenz.de\/index.php\/wp-json\/wp\/v2\/pages"}],"about":[{"href":"https:\/\/www.informationskompetenz.de\/index.php\/wp-json\/wp\/v2\/types\/page"}],"author":[{"embeddable":true,"href":"https:\/\/www.informationskompetenz.de\/index.php\/wp-json\/wp\/v2\/users\/2"}],"replies":[{"embeddable":true,"href":"https:\/\/www.informationskompetenz.de\/index.php\/wp-json\/wp\/v2\/comments?post=438"}],"version-history":[{"count":15,"href":"https:\/\/www.informationskompetenz.de\/index.php\/wp-json\/wp\/v2\/pages\/438\/revisions"}],"predecessor-version":[{"id":5519,"href":"https:\/\/www.informationskompetenz.de\/index.php\/wp-json\/wp\/v2\/pages\/438\/revisions\/5519"}],"up":[{"embeddable":true,"href":"https:\/\/www.informationskompetenz.de\/index.php\/wp-json\/wp\/v2\/pages\/236"}],"wp:attachment":[{"href":"https:\/\/www.informationskompetenz.de\/index.php\/wp-json\/wp\/v2\/media?parent=438"}],"curies":[{"name":"wp","href":"https:\/\/api.w.org\/{rel}","templated":true}]}}