{"id":447,"date":"2015-06-05T14:11:41","date_gmt":"2015-06-05T12:11:41","guid":{"rendered":"http:\/\/wp.informationskompetenz.de\/?page_id=447"},"modified":"2015-09-25T10:27:22","modified_gmt":"2015-09-25T08:27:22","slug":"angebote-fuer-die-gymnasiale-oberstufe-in-baden-wuerttemberg","status":"publish","type":"page","link":"https:\/\/www.informationskompetenz.de\/index.php\/regionen\/baden-wuerttemberg\/angebote-fuer-die-gymnasiale-oberstufe-in-baden-wuerttemberg\/","title":{"rendered":"Angebote f\u00fcr die gymnasiale Oberstufe (BW)"},"content":{"rendered":"<p><strong>Portal Bibliothek &amp; Schule<\/strong><\/p>\n<p class=\"bodytext\">Seit Oktober 2014 erleichtert die<b> <a class=\"external-link-new-window\" title=\"Link zum Portal Bibliothek &amp; Schule\" href=\"http:\/\/www.bibliothek-und-schule.info\/\" target=\"_blank\">Internetplattform Bibliothek &amp; Schule<\/a> <\/b>die Suche nach Lernangeboten von Bibliotheken in Baden-W\u00fcrttemberg: Sie stellt Neuigkeiten \u00fcber das p\u00e4dagogische Angebot der Bibliotheken f\u00fcr Lehrer, Kinder und Jugendliche bereit und dient dem Austausch zwischen Schule und Bibliotheken.<\/p>\n<p class=\"bodytext\"><b>Es gibt verschiedene M\u00f6glichkeiten, nach passenden Angeboten f\u00fcr Sch\u00fcler zu suchen:<\/b><\/p>\n<ul>\n<li><a class=\"external-link-new-window\" title=\"Opens external link in new window\" href=\"http:\/\/www.bibliothek-und-schule.info\/Bibliotheken\/Ueberblick_Bibliotheken.html#mainnavi\" target=\"_blank\"><b>Lokal:<\/b> Welche Angebote gibt es von Bibliotheken in meiner Region?<\/a><\/li>\n<li><a class=\"external-link-new-window\" title=\"Opens external link in new window\" href=\"http:\/\/www.bibliothek-und-schule.info\/Angebote.html#mainnavi\" target=\"_blank\"><b>F\u00e4cherbezogen<\/b>: Welche Angebote gibt es f\u00fcr verschiedene F\u00e4cher?<\/a><\/li>\n<\/ul>\n<div id=\"c444\" class=\"csc-default\">\n<div class=\"csc-header csc-header-n2\"><\/div>\n<div class=\"csc-header csc-header-n2\"><strong>Angebote f\u00fcr die gymnasiale Oberstufe<\/strong><\/div>\n<p class=\"bodytext\">Der Bildungsplan des Landes Baden-W\u00fcrttemberg misst der Schl\u00fcsselqualifikation Methodenkompetenz einen hohen Stellenwert zu. Die Hochschul-, Universit\u00e4ts- und Landesbibliotheken in Baden-W\u00fcrttemberg engagieren sich als Bildungspartner der Schulen f\u00fcr dieses Ziel und vermitteln Sch\u00fclerinnen und Sch\u00fclern der gymnasialen Oberstufe Grundlagen der Informationskompetenz und praxisnahe Fertigkeiten der Informationsbeschaffung und -bewertung.<\/p>\n<p class=\"bodytext\">K\u00fcnftige Studienanf\u00e4nger k\u00f6nnen so fr\u00fchzeitig Kenntnisse der Informationsnutzung im wissenschaftlichen Kontext erwerben und dadurch den Einstieg ins Studium leichter meistern. Aber auch f\u00fcr die berufliche Aus- und Weiterbildung und das lebenslange Lernen werden auf diese Weise wichtige Grundlagen gelegt.<\/p>\n<p class=\"bodytext\">Die methodisch-didaktische Grundlage f\u00fcr die Zusammenarbeit von Schule und Bibliothek die bilden <a href=\"http:\/\/www.informationskompetenz.de\/wp-content\/uploads\/2015\/09\/Standards_der_Inform_88.pdf\">Standards zur Informationskompetenz vom Netzwerk Informationskompetenz Baden-W\u00fcrttemberg (NIK-BW)<\/a>. Aus Ihnen werden f\u00fcr die jeweilige Zielgruppe geeignete Veranstaltungstypen abgeleitet.<\/p>\n<\/div>\n<div id=\"c450\" class=\"csc-default\">\n<ul>\n<li><a href=\"http:\/\/www.informationskompetenz.de\/index.php\/regionen\/baden-wuerttemberg\/angebote-fuer-die-gymnasiale-oberstufe-in-baden-wuerttemberg\/angebote-und-zielgruppen\/\">Angebote und Zielgruppen<\/a><\/li>\n<li><a href=\"http:\/\/www.informationskompetenz.de\/wp-content\/uploads\/2015\/06\/Konzept_IK_Schueler.pdf\">Konzept zur Vermittlung von Informationskompetenz an Sch\u00fcler der gymnasialen Oberstufe<\/a>. Empfehlung der baden-w\u00fcrttembergischen Hochschul- und Landesbibliotheken<\/li>\n<li><a href=\"http:\/\/www.informationskompetenz.de\/index.php\/regionen\/baden-wuerttemberg\/angebote-fuer-die-gymnasiale-oberstufe-in-baden-wuerttemberg\/checkliste-fuer-ihren-bibliotheksbesuch\/\">Checkliste f\u00fcr Ihren Bibliotheksbesuch<\/a><\/li>\n<\/ul>\n<\/div>\n","protected":false},"excerpt":{"rendered":"<p>Portal Bibliothek &amp; Schule Seit Oktober 2014 erleichtert die Internetplattform Bibliothek &amp; Schule die Suche nach Lernangeboten von Bibliotheken in Baden-W\u00fcrttemberg: Sie stellt Neuigkeiten \u00fcber das p\u00e4dagogische Angebot der Bibliotheken [&hellip;]<\/p>\n","protected":false},"author":2,"featured_media":0,"parent":236,"menu_order":6,"comment_status":"closed","ping_status":"closed","template":"","meta":{"footnotes":""},"class_list":["post-447","page","type-page","status-publish","hentry"],"_links":{"self":[{"href":"https:\/\/www.informationskompetenz.de\/index.php\/wp-json\/wp\/v2\/pages\/447","targetHints":{"allow":["GET"]}}],"collection":[{"href":"https:\/\/www.informationskompetenz.de\/index.php\/wp-json\/wp\/v2\/pages"}],"about":[{"href":"https:\/\/www.informationskompetenz.de\/index.php\/wp-json\/wp\/v2\/types\/page"}],"author":[{"embeddable":true,"href":"https:\/\/www.informationskompetenz.de\/index.php\/wp-json\/wp\/v2\/users\/2"}],"replies":[{"embeddable":true,"href":"https:\/\/www.informationskompetenz.de\/index.php\/wp-json\/wp\/v2\/comments?post=447"}],"version-history":[{"count":9,"href":"https:\/\/www.informationskompetenz.de\/index.php\/wp-json\/wp\/v2\/pages\/447\/revisions"}],"predecessor-version":[{"id":1058,"href":"https:\/\/www.informationskompetenz.de\/index.php\/wp-json\/wp\/v2\/pages\/447\/revisions\/1058"}],"up":[{"embeddable":true,"href":"https:\/\/www.informationskompetenz.de\/index.php\/wp-json\/wp\/v2\/pages\/236"}],"wp:attachment":[{"href":"https:\/\/www.informationskompetenz.de\/index.php\/wp-json\/wp\/v2\/media?parent=447"}],"curies":[{"name":"wp","href":"https:\/\/api.w.org\/{rel}","templated":true}]}}