{"id":4610,"date":"2022-04-05T14:22:12","date_gmt":"2022-04-05T12:22:12","guid":{"rendered":"http:\/\/www.informationskompetenz.de\/?page_id=4610"},"modified":"2022-04-05T14:47:34","modified_gmt":"2022-04-05T12:47:34","slug":"hefdi-data-learning-materials","status":"publish","type":"page","link":"https:\/\/www.informationskompetenz.de\/index.php\/regionen\/hessen\/hefdi-data-learning-materials\/","title":{"rendered":"HeFDI Data Learning Materials"},"content":{"rendered":"<p class=\"diazoadded\"><strong>HeFDI Data Learning Materials: Forschungsdatenmanagement &#8211; eine Online-Einf\u00fchrung<\/strong><\/p>\n<p>Autor*innen: Kr\u00e4hwinkel, Esther; Langner, Patrick; Lipp, Robert; Pietsch, Andre Manuel, ver\u00f6ffentlicht: 22.03.2022, DOI: 10.5281\/zenodo.6373596<\/p>\n<p>Dieses Modul ist lizensiert unter Creative Commons Attribution-Share-Alike 4.0 International (CC BY-SA 4.0)<\/p>\n<p>Zum Datensatz: <a href=\"https:\/\/doi.org\/10.5281\/zenodo.6373596\">https:\/\/doi.org\/10.5281\/zenodo.6373596<\/a><\/p>\n<p><strong>Allgemeines<\/strong><\/p>\n<p class=\"diazoadded\">Die Landesinitiative HeFDI &#8211; Hessische Forschungsdateninfrastrukturen stellt die Online-Selbstlerneinheit &#8222;Forschungsdatenmanagement &#8211; eine Online-Einf\u00fchrung&#8220; f\u00fcr die Nachnutzung auf Zenodo zur Verf\u00fcgung. Das Web Based Training wurde in HeFDI gemeinsam erarbeitet und beantwortet Fragen wie &#8222;Was ist eigentlich Forschungsdatenmanagement? Warum ist es wichtig? Forschungsdatenmanagement und Drittmittelantr\u00e4ge &#8211; Ja, aber wie?&#8220;. Bereitgestellt werden zwei Importdateien f\u00fcr Moodle (Version 3.9) und ILIAS (Version 7.0) sowie die jeweilige Installationsanleitung. Die Kompatibilit\u00e4t mit anderen Versionen muss ggf. gepr\u00fcft werden.<\/p>\n<p class=\"diazoadded\"><strong>Inhalte<\/strong><\/p>\n<p>Einf\u00fchrung FDM; Lebenszyklus von Forschungsdaten; Datenmanagementplan; Metadaten und Metadatenstandards; FAIR-Prinzipien und CARE-Prinzipien; Datenqualit\u00e4t; Datenorganisation; Datenspeicherung und -archivierung; Recht. Nach Abschluss k\u00f6nnen Nutzer*innen die Inhalte und den Sinn von Forschungsdatenmanagement verstehen und umsetzen. Eingef\u00fcgte Videos veranschaulichen die Inhalte. Die Kapitel bauen thematisch aufeinander auf, k\u00f6nnen aber auch einzeln bearbeitet werden. Sie sind jeweils nach einem gemeinsamen Muster aufgebaut: Einf\u00fchrung mit vorangestellten Lernzielen je Kapitel \u2013 Inhalte-Fragen \u2013 Nachweise und Weiterf\u00fchrendes \u2013 Handout.<\/p>\n<p><strong>Nachnutzung<\/strong><\/p>\n<p class=\"diazoadded\">Die Nachnutzung des Materials, ob modulweise oder ganz, ist ausdr\u00fccklich gew\u00fcnscht. Denkbar ist, dass das Lernmodul nicht nur f\u00fcr die eigene Fortbildung, sondern insbesondere auch in der Lehre eingesetzt wird. Einzelne Kapitel oder auch das gesamte Web Based Training k\u00f6nnen beispielsweise in einem Inverted Classroom Szenario vor einer Lehrveranstaltung durchgearbeitet werden, um es dann in der Pr\u00e4senzzeit inhaltlich und fachlich zu vertiefen. Vorstellbar ist auch, die angebotene Einf\u00fchrung als Grundlage f\u00fcr themenspezifische Ausarbeitungen zu nutzen, beispielsweise in Form von Referaten oder online gest\u00fctzt in Form von Produkten wie einem Datenmanagementplan.<\/p>\n<p><strong>Zielgruppe<\/strong><\/p>\n<p>Die Zielgruppe f\u00fcr dieses Lernmodul sind Studierende, Promovierende und Forschende, die einen ersten Einstieg in das Forschungsdatenmanagement suchen. Es sind keine Vorkenntnisse erforderlich. Die Online-Selbstlerneinheit ist geeignet f\u00fcr die eigene Fortbildung, aber auch zur Unterst\u00fctzung in der Lehre.<\/p>\n<p><strong>Dauer<\/strong><\/p>\n<p>Bei konzentriertem Studium aller Module wird bei der Marburger Version als Gesamtbearbeitungszeit etwa vier Stunden veranschlagt. Wenn man auch die Videos schaut oder man weiteren Informationen zum Beispiel \u00fcber die angegebenen Links nachschaut, braucht man l\u00e4nger. Pausen sollte man einplanen. Die ungef\u00e4hre Dauer der einzelnen Kapitel wird im Inhaltsverzeichnis angegeben.<\/p>\n<p><strong>Vorg\u00e4nger<\/strong><\/p>\n<p>Becker, Henrike; Einw\u00e4chter, Sophie; Klein, Benedikt; Kr\u00e4hwinkel, Esther; Mehl, Sebastian; M\u00fcller, Janine; Ostsieker, Frederik; Tauchmann, Christopher &amp; Werthm\u00fcller, Julia. (2019). Lernmodul Forschungsdatenmanagement auf einen Blick &#8211; eine Online-Einf\u00fchrung (v1.2). Zenodo. <a href=\"https:\/\/doi.org\/10.5281\/zenodo.3635376\">https:\/\/doi.org\/10.5281\/zenodo.3635376<\/a><\/p>\n<p><strong>Kontakt<\/strong><\/p>\n<p><a href=\"mailto:hefdi@uni-marburg.de\">hefdi@uni-marburg.de<\/a><\/p>\n","protected":false},"excerpt":{"rendered":"<p>HeFDI Data Learning Materials: Forschungsdatenmanagement &#8211; eine Online-Einf\u00fchrung Autor*innen: Kr\u00e4hwinkel, Esther; Langner, Patrick; Lipp, Robert; Pietsch, Andre Manuel, ver\u00f6ffentlicht: 22.03.2022, DOI: 10.5281\/zenodo.6373596 Dieses Modul ist lizensiert unter Creative Commons Attribution-Share-Alike [&hellip;]<\/p>\n","protected":false},"author":36,"featured_media":0,"parent":249,"menu_order":1,"comment_status":"closed","ping_status":"closed","template":"","meta":{"footnotes":""},"class_list":["post-4610","page","type-page","status-publish","hentry"],"_links":{"self":[{"href":"https:\/\/www.informationskompetenz.de\/index.php\/wp-json\/wp\/v2\/pages\/4610","targetHints":{"allow":["GET"]}}],"collection":[{"href":"https:\/\/www.informationskompetenz.de\/index.php\/wp-json\/wp\/v2\/pages"}],"about":[{"href":"https:\/\/www.informationskompetenz.de\/index.php\/wp-json\/wp\/v2\/types\/page"}],"author":[{"embeddable":true,"href":"https:\/\/www.informationskompetenz.de\/index.php\/wp-json\/wp\/v2\/users\/36"}],"replies":[{"embeddable":true,"href":"https:\/\/www.informationskompetenz.de\/index.php\/wp-json\/wp\/v2\/comments?post=4610"}],"version-history":[{"count":11,"href":"https:\/\/www.informationskompetenz.de\/index.php\/wp-json\/wp\/v2\/pages\/4610\/revisions"}],"predecessor-version":[{"id":4950,"href":"https:\/\/www.informationskompetenz.de\/index.php\/wp-json\/wp\/v2\/pages\/4610\/revisions\/4950"}],"up":[{"embeddable":true,"href":"https:\/\/www.informationskompetenz.de\/index.php\/wp-json\/wp\/v2\/pages\/249"}],"wp:attachment":[{"href":"https:\/\/www.informationskompetenz.de\/index.php\/wp-json\/wp\/v2\/media?parent=4610"}],"curies":[{"name":"wp","href":"https:\/\/api.w.org\/{rel}","templated":true}]}}