{"id":4790,"date":"2021-06-20T17:47:44","date_gmt":"2021-06-20T15:47:44","guid":{"rendered":"http:\/\/www.informationskompetenz.de\/?page_id=4790"},"modified":"2021-12-22T19:27:07","modified_gmt":"2021-12-22T18:27:07","slug":"netzwerk-tutorials","status":"publish","type":"page","link":"https:\/\/www.informationskompetenz.de\/index.php\/ik-praxis\/netzwerk-tutorials\/","title":{"rendered":"Netzwerk Tutorials"},"content":{"rendered":"<p><a href=\"http:\/\/www.informationskompetenz.de\/wp-content\/uploads\/2021\/07\/300px-Logo-Netzwerk-tutorials.png\"><img loading=\"lazy\" decoding=\"async\" class=\"alignnone size-full wp-image-4806\" src=\"http:\/\/www.informationskompetenz.de\/wp-content\/uploads\/2021\/07\/300px-Logo-Netzwerk-tutorials.png\" alt=\"\" width=\"300\" height=\"206\" \/><\/a><\/p>\n<p>Das Netzwerk \u201eTutorials in Bibliotheken\u201c richtet sich an alle Interessierten in Bibliotheken, die sich mit der Erstellung von Tutorials besch\u00e4ftigen (wollen). Hierbei ist jede Person willkommen, unabh\u00e4ngig von ihrem Erfahrungshintergrund.<\/p>\n<p>Wir bauen auf vier S\u00e4ulen auf:<\/p>\n<ol>\n<li><strong>Regelm\u00e4\u00dfige Treffen:<\/strong><br \/>\nEinmal im Monat (meistens der erste Mittwoch von 10-12 Uhr) treffen wir uns digital \u00fcber BBB (BigBlueButton) im <a href=\"https:\/\/bbb.uni-hildesheim.de\/b\/nin-bou-dqt-rps\">Meetingraum des Netzwerks<\/a>.\u00a0 Hierbei gibt es meist ein gemeinsames Thema (rund um Didaktik, Methodik, Medien und Tools) mit Input in Form von kurzen Vortr\u00e4gen und Pr\u00e4sentationen. Es besteht immer die M\u00f6glichkeit, eigene Themen vorzuschlagen. Vorschl\u00e4ge f\u00fcr neue Referent*innen sind jederzeit willkommen.<\/li>\n<li><strong>Diskussionsplattform:<\/strong><br \/>\nWir nutzen einen Discord-Kanal zur Diskussion zwischen den Treffen. Hier k\u00f6nnen alle Fragen gestellt und Tipps und Anregungen kommuniziert werden. Der Link dazu lautet: <a href=\"https:\/\/discord.gg\/TdaKfDwwzp\">https:\/\/discord.gg\/TdaKfDwwzp<\/a><\/li>\n<li><strong>Wissensspeicher:<\/strong><br \/>\nWir halten unsere Erkenntnisse in einem Wiki fest. Daran kann sich jede_r beteiligen. Aktuell zieht das &#8222;Netzwerk Tutorials&#8220;- Wiki um auf die neue Plattform Miraheze. Ihr findet uns unter <a href=\"https:\/\/bibtutorials.miraheze.org\/wiki\/Hauptseite\">https:\/\/bibtutorials.miraheze.org\/wiki\/Hauptseite<\/a><\/li>\n<li><strong>Wissenspeicher der Live-Treffen<\/strong>:<br \/>\nWir zeichnen die Vortr\u00e4ge der Treffen auf und stellen sie im TIB-AV-Portal ein, wo sie dauerhaft \u00f6ffentlich als OER zug\u00e4nglich sind. Der Link dazu ist der folgende: <a href=\"https:\/\/av.tib.eu\/series\/1073\/bibtutorials\">https:\/\/av.tib.eu\/series\/1073\/bibtutorials<\/a><\/li>\n<\/ol>\n<p>Ansprechpartnerin bei Fragen: Dr. Ninon Franziska Frank (frank@uni-hildesheim.de)<\/p>\n","protected":false},"excerpt":{"rendered":"<p>Das Netzwerk \u201eTutorials in Bibliotheken\u201c richtet sich an alle Interessierten in Bibliotheken, die sich mit der Erstellung von Tutorials besch\u00e4ftigen (wollen). Hierbei ist jede Person willkommen, unabh\u00e4ngig von ihrem Erfahrungshintergrund. [&hellip;]<\/p>\n","protected":false},"author":17,"featured_media":0,"parent":4377,"menu_order":1,"comment_status":"closed","ping_status":"closed","template":"","meta":{"footnotes":""},"class_list":["post-4790","page","type-page","status-publish","hentry"],"_links":{"self":[{"href":"https:\/\/www.informationskompetenz.de\/index.php\/wp-json\/wp\/v2\/pages\/4790","targetHints":{"allow":["GET"]}}],"collection":[{"href":"https:\/\/www.informationskompetenz.de\/index.php\/wp-json\/wp\/v2\/pages"}],"about":[{"href":"https:\/\/www.informationskompetenz.de\/index.php\/wp-json\/wp\/v2\/types\/page"}],"author":[{"embeddable":true,"href":"https:\/\/www.informationskompetenz.de\/index.php\/wp-json\/wp\/v2\/users\/17"}],"replies":[{"embeddable":true,"href":"https:\/\/www.informationskompetenz.de\/index.php\/wp-json\/wp\/v2\/comments?post=4790"}],"version-history":[{"count":5,"href":"https:\/\/www.informationskompetenz.de\/index.php\/wp-json\/wp\/v2\/pages\/4790\/revisions"}],"predecessor-version":[{"id":4915,"href":"https:\/\/www.informationskompetenz.de\/index.php\/wp-json\/wp\/v2\/pages\/4790\/revisions\/4915"}],"up":[{"embeddable":true,"href":"https:\/\/www.informationskompetenz.de\/index.php\/wp-json\/wp\/v2\/pages\/4377"}],"wp:attachment":[{"href":"https:\/\/www.informationskompetenz.de\/index.php\/wp-json\/wp\/v2\/media?parent=4790"}],"curies":[{"name":"wp","href":"https:\/\/api.w.org\/{rel}","templated":true}]}}