{"id":530,"date":"2015-07-02T10:57:38","date_gmt":"2015-07-02T08:57:38","guid":{"rendered":"http:\/\/wp.informationskompetenz.de\/?page_id=530"},"modified":"2026-04-08T16:33:56","modified_gmt":"2026-04-08T14:33:56","slug":"mitglieder-und-ansprechpartner-der-ag-ik-hessen","status":"publish","type":"page","link":"https:\/\/www.informationskompetenz.de\/index.php\/regionen\/hessen\/mitglieder-und-ansprechpartner-der-ag-ik-hessen\/","title":{"rendered":"Bibliotheken\/Ansprechpartner:innen"},"content":{"rendered":"<p><a class=\"external-link-new-window\" title=\"UB Gie\u00dfen \/ Schulungsaktivit\u00e4ten\" href=\"http:\/\/www.uni-giessen.de\/ub\/de\" target=\"_blank\" rel=\"noopener noreferrer\"><strong>Universit\u00e4tsbibliothek Gie\u00dfen<\/strong><\/a><br \/>\n<a href=\"mailto:Eva.C.Glaser@bibsys.uni-giessen.de\">Eva Glaser<\/a><br \/>\n<a href=\"mailto: Verena.Grunewald@bibsys.uni-giessen.de\">Verena Grunewald<\/a><br \/>\n<a href=\"mailto:Frank.Waldschmidt-Dietz@bibsys.uni-giessen.de\">Frank Waldschmidt-Dietz<\/a><\/p>\n<p><a class=\"external-link-new-window\" title=\"UB Marburg\" href=\"http:\/\/www.uni-marburg.de\/bis\" target=\"_blank\" rel=\"noopener noreferrer\"><strong>Universit\u00e4tsbibliothek Marburg<\/strong><\/a><br \/>\n<a href=\"mailto: katja.heitmann@ub.uni-marburg.de\">Katja Heitmann<\/a><br \/>\n<a href=\"mailto: sylvia.langwald@ub.uni-marburg.de\">Sylvia Langwald<\/a><\/p>\n<p><a class=\"external-link-new-window\" title=\"UB\/LMB Kassel\" href=\"http:\/\/www.uni-kassel.de\/bib\/\" target=\"_blank\" rel=\"noopener noreferrer\"><strong>Universit\u00e4tsbibliothek\/LMB Kassel<\/strong><\/a><br \/>\n<a href=\"mailto: sauer@bibliothek.uni-kassel.de\">Martina Sauer<\/a><br \/>\n<a href=\"mailto:p.treuber@bibliothek.uni-kassel.de\">Philipp Treuber<\/a><\/p>\n<p><a class=\"external-link-new-window\" title=\"HLB Fulda\" href=\"http:\/\/www.hs-fulda.de\/index.php?id=hlb\" target=\"_blank\" rel=\"noopener noreferrer\"><strong>Hochschul- und Landesbibliothek Fulda<\/strong><\/a><br \/>\n<a href=\"mailto:Kai.Deutschlaender@hlb.hs-fulda.de\">Kai Deutschl\u00e4nder<\/a><br \/>\n<a href=\"mailto: Anke.Lawerenz@hlb.hs-fulda.de\">Anke Lawerenz<\/a><\/p>\n<p><a class=\"external-link-new-window\" title=\"HB Darmstadt\" href=\"http:\/\/www.bib.h-da.de\/\" target=\"_blank\" rel=\"noopener noreferrer\"><strong>Hochschulbibliothek Darmstadt<\/strong><\/a><br \/>\n<a href=\"mailto: sonja.lachniak@h-da.de\">Sonja Lachniak<\/a><br \/>\n<a href=\"mailto: anette.seiler@h-da.de\">Anette Seiler<\/a><\/p>\n<p><a class=\"external-link-new-window\" title=\"ULB Darmstadt\" href=\"http:\/\/www.ulb.tu-darmstadt.de\" target=\"_blank\" rel=\"noopener noreferrer\"><strong>Universit\u00e4ts- und Landesbibliothek Darmstadt<\/strong><\/a><br \/>\n<a href=\"mailto: marvin.gusen@tu-darmstadt.de\">Marvin Gusen<\/a><\/p>\n<p><a class=\"external-link-new-window\" title=\"FHB Frankfurt\" href=\"http:\/\/www.hs-rm.de\/hochschule\/service-einrichtungen\/hochschul-und-landesbibliothek\/index.html\" target=\"_blank\" rel=\"noopener noreferrer\"><strong>Hochschul- und Landesbibliothek RheinMain<\/strong><\/a><br \/>\n<a href=\"mailto:jana.pahl@hs-rm.de\">Jana Pahl<\/a><br \/>\n<a href=\"mailto:barbara.bingenheimer@hs-rm.de\">Barbara Bingenheimer<\/a><br \/>\n<a href=\"mailto:jennifer.hale@hs-rm.de\">Jennifer Hale<\/a><\/p>\n<p><a class=\"external-link-new-window\" href=\"http:\/\/www.ub.uni-frankfurt.de\/\" target=\"_blank\" rel=\"noopener noreferrer\"><strong>Universit\u00e4tsbibliothek Frankfurt\/M.<\/strong><\/a><br \/>\n<a href=\"mailto: A.Brauer@ub.uni-frankfurt.de\">Agnes Brauer<\/a><br \/>\n<a href=\"mailto:j.haeckelmann@ub.uni-frankfurt.de\">Julian H\u00e4ckelmann<\/a><\/p>\n<p><a href=\"https:\/\/www.frankfurt-university.de\/index.php?id=138\"><strong>Bibliothek der Frankfurt University of Applied Sciences<\/strong><\/a><br \/>\n<a href=\"mailto: ajaeger@bibl.fra-uas.de\">Anneke J\u00e4ger<\/a><br \/>\n<a href=\"mailto: pukal@bibl.fra-uas.de\">Katrin Pukal<\/a><\/p>\n<p><a class=\"external-link-new-window\" title=\"Opens external link in new window\" href=\"http:\/\/www.thm.de\/bibliothek\" target=\"_blank\" rel=\"noopener noreferrer\"><strong>Hochschulbibliothek Technische Hochschule Mittelhessen<\/strong><\/a><br \/>\n<a href=\"mailto: ingrid.sand@bib.thm.de\">Ingrid Sand<\/a><br \/>\n<a href=\"mailto: andrea.thiel@bib.thm.de\">Andrea Thiel<\/a><br \/>\n<a href=\"mailto: maria.waigant@bib.thm.de\">Maria Waigant<\/a><\/p>\n<p><a href=\"http:\/\/www.ub.uni-mainz.de\"><strong>Universit\u00e4tsbibliothek Mainz<\/strong>\u00a0 (Gastmitglied im Rahmen des RMU-Verbunds)<\/a><br \/>\n<a href=\"mailto: A.Ahanda@ub.uni-mainz.de\">Albert Ahanda<\/a><\/p>\n<p>&nbsp;<\/p>\n<p><a href=\"mailto:ag-informationskompetenz@hebis.de\">Mailingliste <\/a><\/p>\n","protected":false},"excerpt":{"rendered":"<p>Universit\u00e4tsbibliothek Gie\u00dfen Eva Glaser Verena Grunewald Frank Waldschmidt-Dietz Universit\u00e4tsbibliothek Marburg Katja Heitmann Sylvia Langwald Universit\u00e4tsbibliothek\/LMB Kassel Martina Sauer Philipp Treuber Hochschul- und Landesbibliothek Fulda Kai Deutschl\u00e4nder Anke Lawerenz Hochschulbibliothek Darmstadt [&hellip;]<\/p>\n","protected":false},"author":17,"featured_media":0,"parent":249,"menu_order":0,"comment_status":"open","ping_status":"open","template":"","meta":{"footnotes":""},"class_list":["post-530","page","type-page","status-publish","hentry"],"_links":{"self":[{"href":"https:\/\/www.informationskompetenz.de\/index.php\/wp-json\/wp\/v2\/pages\/530","targetHints":{"allow":["GET"]}}],"collection":[{"href":"https:\/\/www.informationskompetenz.de\/index.php\/wp-json\/wp\/v2\/pages"}],"about":[{"href":"https:\/\/www.informationskompetenz.de\/index.php\/wp-json\/wp\/v2\/types\/page"}],"author":[{"embeddable":true,"href":"https:\/\/www.informationskompetenz.de\/index.php\/wp-json\/wp\/v2\/users\/17"}],"replies":[{"embeddable":true,"href":"https:\/\/www.informationskompetenz.de\/index.php\/wp-json\/wp\/v2\/comments?post=530"}],"version-history":[{"count":63,"href":"https:\/\/www.informationskompetenz.de\/index.php\/wp-json\/wp\/v2\/pages\/530\/revisions"}],"predecessor-version":[{"id":5576,"href":"https:\/\/www.informationskompetenz.de\/index.php\/wp-json\/wp\/v2\/pages\/530\/revisions\/5576"}],"up":[{"embeddable":true,"href":"https:\/\/www.informationskompetenz.de\/index.php\/wp-json\/wp\/v2\/pages\/249"}],"wp:attachment":[{"href":"https:\/\/www.informationskompetenz.de\/index.php\/wp-json\/wp\/v2\/media?parent=530"}],"curies":[{"name":"wp","href":"https:\/\/api.w.org\/{rel}","templated":true}]}}