{"id":5515,"date":"2026-02-09T00:12:19","date_gmt":"2026-02-08T23:12:19","guid":{"rendered":"https:\/\/www.informationskompetenz.de\/?page_id=5515"},"modified":"2026-02-09T00:12:50","modified_gmt":"2026-02-08T23:12:50","slug":"5515-2","status":"publish","type":"page","link":"https:\/\/www.informationskompetenz.de\/index.php\/kommission-informationskompetenz\/termine-veranstaltungen\/5515-2\/","title":{"rendered":"IK-DACH-Tagungen"},"content":{"rendered":"<p>Der Informationskompetenz-DACH-Tag bietet Expertinnen und Experten aus Bibliotheken eine Plattform, um neue, innovative und kontroverse Ideen, Aktivit\u00e4ten und Projekte zur F\u00f6rderung von Informationskompetenz zu pr\u00e4sentieren und zu diskutieren. Die Tagung wird von den Kommissionen f\u00fcr Informationskompetenz der bibliothekarischen Berufsverb\u00e4nde aus Deutschland, \u00d6sterreich und der Schweiz organisiert und l\u00e4dt dazu ein, aktuelle Entwicklungen kritisch zu reflektieren und neue Konzepte sowie experimentelle Ideen kennenzulernen.<\/p>\n<p>17.\/18.09.2026<br \/>\n<a href=\"https:\/\/www.uni-augsburg.de\/de\/organisation\/bibliothek\/veranstaltungen\/ik-dach-tagung-2026\/\" target=\"_blank\" rel=\"noopener\">5. IK-DACH-Tag<\/a> (Augsburg)<br \/>\n&#8222;Back to the Future? Informationskompetenz gestern, heute, morgen&#8220;<\/p>\n<p>29.\/30.08.2024<br \/>\n<a href=\"https:\/\/www.ub.uzh.ch\/de\/unterstuetzung-erhalten\/dach2024.html\" target=\"_blank\" rel=\"noopener\">4. IK-DACH-Tag<\/a> (Z\u00fcrich)<br \/>\n&#8222;Next Generation IK: IK f\u00fcr Forschende&#8220;<\/p>\n<p>14.\/15.02.2022 (Online)<br \/>\n<a href=\"https:\/\/www.informationskompetenz.or.at\/index.php\/veranstaltungen\/tagungen\" target=\"_blank\" rel=\"noopener\">3. IK-DACH-Tag<\/a><\/p>\n<ul>\n<li><a href=\"https:\/\/www.informationskompetenz.de\/index.php\/konferenzbericht-3-informationskompetenz-tag-dach-2022\/\" target=\"_blank\" rel=\"noopener\">Konferenzbericht<\/a><\/li>\n<li><a href=\"https:\/\/www.informationskompetenz.or.at\/index.php\/veranstaltungen\/tagungen\" target=\"_blank\" rel=\"noopener\">Programm<\/a><\/li>\n<\/ul>\n<p>25.\/26.06.2020<br \/>\n<a href=\"https:\/\/www.informationskompetenz.de\/index.php\/kommission-informationskompetenz\/termine-veranstaltungen\/3-informationskompetenz-tag-deutschland-oesterreich-schweiz-am-25-26-06-2020-in-luzern\/\" target=\"_blank\" rel=\"noopener\">3. IK-DACH-Tag<\/a> (Luzern) \/ abgesagt<\/p>\n<p>13.\/14.09.2018<br \/>\n<a href=\"https:\/\/www.informationskompetenz.de\/index.php\/kommission-informationskompetenz\/termine-veranstaltungen\/informationskompetenz-tag-deutschland-oesterreich-schweiz\/\" target=\"_blank\" rel=\"noopener\">2. IK-DACH-Tag<\/a> (Bamberg)<\/p>\n<p>16.\/17.02.2017<br \/>\n<a href=\"https:\/\/www.informationskompetenz.de\/index.php\/kommission-informationskompetenz\/termine-veranstaltungen\/1-informationskompetenz-tag-deutschlandoesterreich\/\" target=\"_blank\" rel=\"noopener\">1. IK-DACH-Tag<\/a> (Innsbruck)<\/p>\n","protected":false},"excerpt":{"rendered":"<p>Der Informationskompetenz-DACH-Tag bietet Expertinnen und Experten aus Bibliotheken eine Plattform, um neue, innovative und kontroverse Ideen, Aktivit\u00e4ten und Projekte zur F\u00f6rderung von Informationskompetenz zu pr\u00e4sentieren und zu diskutieren. Die Tagung [&hellip;]<\/p>\n","protected":false},"author":42,"featured_media":0,"parent":2045,"menu_order":0,"comment_status":"closed","ping_status":"closed","template":"","meta":{"footnotes":""},"class_list":["post-5515","page","type-page","status-publish","hentry"],"_links":{"self":[{"href":"https:\/\/www.informationskompetenz.de\/index.php\/wp-json\/wp\/v2\/pages\/5515","targetHints":{"allow":["GET"]}}],"collection":[{"href":"https:\/\/www.informationskompetenz.de\/index.php\/wp-json\/wp\/v2\/pages"}],"about":[{"href":"https:\/\/www.informationskompetenz.de\/index.php\/wp-json\/wp\/v2\/types\/page"}],"author":[{"embeddable":true,"href":"https:\/\/www.informationskompetenz.de\/index.php\/wp-json\/wp\/v2\/users\/42"}],"replies":[{"embeddable":true,"href":"https:\/\/www.informationskompetenz.de\/index.php\/wp-json\/wp\/v2\/comments?post=5515"}],"version-history":[{"count":2,"href":"https:\/\/www.informationskompetenz.de\/index.php\/wp-json\/wp\/v2\/pages\/5515\/revisions"}],"predecessor-version":[{"id":5517,"href":"https:\/\/www.informationskompetenz.de\/index.php\/wp-json\/wp\/v2\/pages\/5515\/revisions\/5517"}],"up":[{"embeddable":true,"href":"https:\/\/www.informationskompetenz.de\/index.php\/wp-json\/wp\/v2\/pages\/2045"}],"wp:attachment":[{"href":"https:\/\/www.informationskompetenz.de\/index.php\/wp-json\/wp\/v2\/media?parent=5515"}],"curies":[{"name":"wp","href":"https:\/\/api.w.org\/{rel}","templated":true}]}}