{"id":553,"date":"2015-07-02T14:51:41","date_gmt":"2015-07-02T12:51:41","guid":{"rendered":"http:\/\/wp.informationskompetenz.de\/?page_id=553"},"modified":"2016-02-17T14:27:46","modified_gmt":"2016-02-17T13:27:46","slug":"2014-2","status":"publish","type":"page","link":"https:\/\/www.informationskompetenz.de\/index.php\/regionen\/hessen\/ik-hessen-schulungsstatistik\/2014-2\/","title":{"rendered":"Schulungsstatistik 2014"},"content":{"rendered":"<p class=\"bodytext\"><b>Bericht zur IK-Statistik f\u00fcr Hessen im Jahr 2014<\/b><\/p>\n<p>Im Jahr 2014 beteiligten sich in Hessen acht Bibliotheken an der gemeinsamen Schulungsstatistik, die \u00fcber das Portal &#8222;Informationskompetenz.de&#8220; erfasst wurde:<\/p>\n<ul>\n<li>Die Universit\u00e4ts- und Landesbibliothek Darmstadt,<\/li>\n<li>die Bibliothek der Hochschule Darmstadt,<\/li>\n<li>die Universit\u00e4tsbibliothek Frankfurt am Main*,<\/li>\n<li><span lang=\"EN-US\">die Bibliothek der Frankfurt University of Applied Sciences,<\/span><\/li>\n<li>die Hochschul- und Landesbibliothek Fulda,<\/li>\n<li>die Universit\u00e4tsbibliothek Gie\u00dfen,<\/li>\n<li>die Universit\u00e4ts-, Landes- und Murhardsche Bibliothek Kassel* und<\/li>\n<li>\u00a0die Universit\u00e4tsbibliothek Marburg<\/li>\n<\/ul>\n<p class=\"bodytext\">*<i>Eingeschr\u00e4nkte Datenerfassung 2014: F\u00fcr die UB Kassel und die UB Frankfurt wurden Daten erst ab der zweiten Jahresh\u00e4lfte 2014 ausgewertet.<\/i><\/p>\n<p>&nbsp;<\/p>\n<p class=\"bodytext\">30.756 Teilnehmer wurden in\u00a01.788\u00a0 Veranstaltungen geschult. 66%** der Teilnehmer waren Studierende im Grundstudium oder in B.A.-Studieng\u00e4ngen. Aber auch Studierende im Hauptstudium und in M.A.-Studieng\u00e4ngen (18%) sowie Lehrende und Wissenschaftler\/-innen (14%) waren wichtige Zielgruppen.<\/p>\n<p class=\"bodytext\">Pro Veranstaltung waren in 56% der F\u00e4lle 10 bis 30 Teilnehmer anwesend. 36% der Schulungen fanden mit unter 10 Teilnehmern statt. Immerhin noch 8% der Veranstaltungen waren mit mehr als 30 Teilnehmern besucht.<\/p>\n<p class=\"bodytext\">44% der Veranstaltungen waren f\u00e4cher\u00fcbergreifend konzipiert. Auf die Sozial-. Wirtschaftswissenschaften und Jura entfielen 15%, die Naturwissenschaften, Medizin und Mathematik machten 9% der Schulungen aus, die Geisteswissenschaften kamen auf 29%.\u00a0 3% der Veranstaltungen entfielen auf die Ingenieurswissenschaften.<\/p>\n<p class=\"bodytext\">Die meisten Schulungen umfassten 1 Sitzung (99%) und dauerten zwischen 60 und 90 Minuten (43%). 90-min\u00fctige Schulungen machten etwa 43% der Veranstaltungen aus. Die Mehrzahl der Schulungen (78%) waren eigenst\u00e4ndige Bibliotheksveranstaltungen ohne Einbindung in Lehrpl\u00e4ne. Der Anteil der offenen Veranstaltungen, das bedeutet die freiwillige Teilnahme, betrug 73%, die Pflicht- und Wahlpflichtveranstaltungen mit ECTS-Punkten kamen auf knapp 5%. 22% der Schulungen waren Pflicht- oder Wahlpflichtveranstaltungen ohne die Vergabe ECTS-Punkten.<\/p>\n<p class=\"bodytext\">Bibliothekare und Bibliothekarinnen des gehobenen Dienstes waren mit knapp 57,2% an den Schulungen beteiligt. Bei 52% der Veranstaltungen waren Dozentinnen und Dozenten des h\u00f6heren Dienstes oder einem entsprechenden Qualifikationsniveau im Einsatz. Auch Bibliothekare des Mittleren Dienstes gestalteten mit einem Anteil von 5% die Veranstaltungen. Einige Schulungen (3%) wurden von studentischen Hilfskr\u00e4ften betreut. Externe Schulungsbeauftragte hielten 1% der Veranstaltungen ab.<\/p>\n<p class=\"bodytext\">85% der Veranstaltungen waren didaktisch ganz oder teilweise als Vortr\u00e4ge oder Pr\u00e4sentationen gestaltet. Dies wurde jedoch in 63,5% der Veranstaltungen durch praktische \u00dcbungen erg\u00e4nzt. Integrierte E-Learning-Phasen kamen nur auf 0,2% aller Veranstaltungen.<\/p>\n<p class=\"bodytext\">Bei den inhaltlichen Schwerpunkten dominierten die Bibliotheksbenutzung (60%), einzelne Kataloge und Datenbanken (38%), sowie Suchstrategien und Suchtechniken (30%). Die Recherche in Internetquellen wurde in 3% der Veranstaltungen thematisiert. Einen hohen Anteil machten auch Veranstaltungen zur Informationsverarbeitung und deren Verwaltung (bspw. mit Citavi, einem Programm zur Literaturverwaltung) aus (15%).<\/p>\n<p class=\"bodytext\">Rechtliche, \u00f6konomische und ethische Fragen sowie Vortr\u00e4ge zum elektronischen Publizieren kamen jeweils auf unter 1% aller Veranstaltungen. Als umfassende Kurse zur Informationskompetenz waren \u00fcber 6% der Veranstaltungen angelegt.<\/p>\n<p class=\"bodytext\"><i>**Alle Prozentangaben gerundet, keine Nachkommastelle angegeben.<\/i><\/p>\n<p class=\"bodytext\">Details\/Grafiken: <a href=\"http:\/\/www.informationskompetenz.de\/wp-content\/uploads\/2015\/07\/IKHessen_Statistik_2014.pdf\">IKHessen Statistik_2014<\/a><\/p>\n","protected":false},"excerpt":{"rendered":"<p>Bericht zur IK-Statistik f\u00fcr Hessen im Jahr 2014 Im Jahr 2014 beteiligten sich in Hessen acht Bibliotheken an der gemeinsamen Schulungsstatistik, die \u00fcber das Portal &#8222;Informationskompetenz.de&#8220; erfasst wurde: Die Universit\u00e4ts- [&hellip;]<\/p>\n","protected":false},"author":17,"featured_media":0,"parent":2459,"menu_order":0,"comment_status":"open","ping_status":"open","template":"","meta":{"footnotes":""},"class_list":["post-553","page","type-page","status-publish","hentry"],"_links":{"self":[{"href":"https:\/\/www.informationskompetenz.de\/index.php\/wp-json\/wp\/v2\/pages\/553","targetHints":{"allow":["GET"]}}],"collection":[{"href":"https:\/\/www.informationskompetenz.de\/index.php\/wp-json\/wp\/v2\/pages"}],"about":[{"href":"https:\/\/www.informationskompetenz.de\/index.php\/wp-json\/wp\/v2\/types\/page"}],"author":[{"embeddable":true,"href":"https:\/\/www.informationskompetenz.de\/index.php\/wp-json\/wp\/v2\/users\/17"}],"replies":[{"embeddable":true,"href":"https:\/\/www.informationskompetenz.de\/index.php\/wp-json\/wp\/v2\/comments?post=553"}],"version-history":[{"count":4,"href":"https:\/\/www.informationskompetenz.de\/index.php\/wp-json\/wp\/v2\/pages\/553\/revisions"}],"predecessor-version":[{"id":2462,"href":"https:\/\/www.informationskompetenz.de\/index.php\/wp-json\/wp\/v2\/pages\/553\/revisions\/2462"}],"up":[{"embeddable":true,"href":"https:\/\/www.informationskompetenz.de\/index.php\/wp-json\/wp\/v2\/pages\/2459"}],"wp:attachment":[{"href":"https:\/\/www.informationskompetenz.de\/index.php\/wp-json\/wp\/v2\/media?parent=553"}],"curies":[{"name":"wp","href":"https:\/\/api.w.org\/{rel}","templated":true}]}}