{"id":555,"date":"2015-07-02T15:09:04","date_gmt":"2015-07-02T13:09:04","guid":{"rendered":"http:\/\/wp.informationskompetenz.de\/?page_id=555"},"modified":"2015-07-02T15:31:40","modified_gmt":"2015-07-02T13:31:40","slug":"ik-hessen-angebote-fuer-schulen","status":"publish","type":"page","link":"https:\/\/www.informationskompetenz.de\/index.php\/regionen\/hessen\/ik-hessen-angebote-fuer-schulen\/","title":{"rendered":"IK Hessen: Angebote f\u00fcr Schulen"},"content":{"rendered":"<p><b>Die F\u00f6rderung von Informationskompetenz (IK) ist i.d.R. Kernaufgabe in wissenschaftlichen Bibliotheken auch f\u00fcr die Zielgruppe \u201eSch\u00fclerinnen und Sch\u00fcler\u201c: <\/b><\/p>\n<p>Inhalte:<\/p>\n<ul>\n<li>Standards Informationskompetenz f\u00fcr Sch\u00fclerinnen und Sch\u00fcler: http:\/\/www.informationskompetenz.de\/fileadmin\/user_upload\/Standards_IK_Schulen_2.pdf<\/li>\n<li>Referenzrahmen: <a href=\"http:\/\/www.schulmediothek.de\/index.php?id=1077\">http:\/\/<\/a><a href=\"http:\/\/www.schulmediothek.de\/index.php?id=1077\">www.schulmediothek.de\/index.php?id=1077<\/a><\/li>\n<\/ul>\n<p>M\u00f6gliche Kooperationsformen:<\/p>\n<ul>\n<li>Lehrerfortbildungen: werden teils von Bibliotheken angeboten\u00a0 im Sinne von Multiplikatorenschulungen<\/li>\n<li>Partnerschulen: Feste Kooperation mit regelm\u00e4\u00dfigem Besuchsrhythmus<\/li>\n<li>Einzelfallkooperation: Schulklassen nach Voranmeldung<\/li>\n<\/ul>\n<p>Welche M\u00f6glichkeiten f\u00fcr Schulen und Sch\u00fcler in der jeweiligen Bibliotheken bestehen, erfahren Sie \u00fcber die <a href=\"http:\/\/www.informationskompetenz.de\/?page_id=530\">Ansprechpartner<\/a>.<\/p>\n<p>Zur Vorbereitung eines Besuches wird diese <a href=\"http:\/\/www.informationskompetenz.de\/wp-content\/uploads\/2015\/07\/Checkliste_Sch\u00fcler.pdf\">Checkliste<\/a> empfohlen.<\/p>\n<p>&nbsp;<\/p>\n","protected":false},"excerpt":{"rendered":"<p>Die F\u00f6rderung von Informationskompetenz (IK) ist i.d.R. Kernaufgabe in wissenschaftlichen Bibliotheken auch f\u00fcr die Zielgruppe \u201eSch\u00fclerinnen und Sch\u00fcler\u201c: Inhalte: Standards Informationskompetenz f\u00fcr Sch\u00fclerinnen und Sch\u00fcler: http:\/\/www.informationskompetenz.de\/fileadmin\/user_upload\/Standards_IK_Schulen_2.pdf Referenzrahmen: http:\/\/www.schulmediothek.de\/index.php?id=1077 M\u00f6gliche Kooperationsformen: [&hellip;]<\/p>\n","protected":false},"author":17,"featured_media":0,"parent":249,"menu_order":0,"comment_status":"open","ping_status":"open","template":"","meta":{"footnotes":""},"class_list":["post-555","page","type-page","status-publish","hentry"],"_links":{"self":[{"href":"https:\/\/www.informationskompetenz.de\/index.php\/wp-json\/wp\/v2\/pages\/555","targetHints":{"allow":["GET"]}}],"collection":[{"href":"https:\/\/www.informationskompetenz.de\/index.php\/wp-json\/wp\/v2\/pages"}],"about":[{"href":"https:\/\/www.informationskompetenz.de\/index.php\/wp-json\/wp\/v2\/types\/page"}],"author":[{"embeddable":true,"href":"https:\/\/www.informationskompetenz.de\/index.php\/wp-json\/wp\/v2\/users\/17"}],"replies":[{"embeddable":true,"href":"https:\/\/www.informationskompetenz.de\/index.php\/wp-json\/wp\/v2\/comments?post=555"}],"version-history":[{"count":3,"href":"https:\/\/www.informationskompetenz.de\/index.php\/wp-json\/wp\/v2\/pages\/555\/revisions"}],"predecessor-version":[{"id":562,"href":"https:\/\/www.informationskompetenz.de\/index.php\/wp-json\/wp\/v2\/pages\/555\/revisions\/562"}],"up":[{"embeddable":true,"href":"https:\/\/www.informationskompetenz.de\/index.php\/wp-json\/wp\/v2\/pages\/249"}],"wp:attachment":[{"href":"https:\/\/www.informationskompetenz.de\/index.php\/wp-json\/wp\/v2\/media?parent=555"}],"curies":[{"name":"wp","href":"https:\/\/api.w.org\/{rel}","templated":true}]}}