{"id":570,"date":"2015-07-04T11:11:20","date_gmt":"2015-07-04T09:11:20","guid":{"rendered":"http:\/\/wp.informationskompetenz.de\/?page_id=570"},"modified":"2023-07-10T17:25:03","modified_gmt":"2023-07-10T15:25:03","slug":"schulungs-und-kursangebot","status":"publish","type":"page","link":"https:\/\/www.informationskompetenz.de\/index.php\/regionen\/rheinland-pfalz-und-saarland\/schulungs-und-kursangebot\/","title":{"rendered":"Schulungs- und Kursangebot"},"content":{"rendered":"<p>Hochschulbibliothek Umwelt-Campus Birkenfeld:\u00a0<a href=\"https:\/\/www.umwelt-campus.de\/campus\/organisation\/verwaltung-service\/bibliothek\/service\/schulungen\/\" target=\"_blank\" rel=\"noopener noreferrer\">Schulungen<\/a><\/p>\n<p style=\"text-align: left;\">Hochschulbibliothek Kaiserslautern: <a href=\"https:\/\/www.hs-kl.de\/hochschule\/servicestellen\/bibliothek\/\" target=\"_blank\" rel=\"noopener noreferrer\">Hochschulbibliothek<\/a><\/p>\n<p style=\"text-align: left;\">Universit\u00e4tsbibliothek Kaiserslautern-Landau (RPTU): <a href=\"https:\/\/ub.rptu.de\/kurse-lernorte\" target=\"_blank\" rel=\"noopener noreferrer\">Kurse und Lernorte<\/a><\/p>\n<p style=\"text-align: left;\">Universit\u00e4tsbibliothek Koblenz: <a href=\"https:\/\/www.uni-koblenz.de\/de\/bibliothek\/ub-vor-ort\/schulungen\" target=\"_blank\" rel=\"noopener noreferrer\">Schulungen<\/a><\/p>\n<p style=\"text-align: left;\">Landesbibliothekszentrum Rheinland-Pfalz (LBZ): <a href=\"https:\/\/lbz.rlp.de\/de\/unsere-angebote\/bibliotheksfuehrungen-und-schulungen\/\" target=\"_blank\" rel=\"noopener noreferrer\">Bibliotheksf\u00fchrungen und Schulungen<\/a><\/p>\n<p style=\"text-align: left;\">Hochschulbibliothek Ludwigshafen: <a href=\"https:\/\/bib.hwg-lu.de\/service\/vermittlung-von-informationskompetenz\" target=\"_blank\" rel=\"noopener noreferrer\">Vermittlung von Informationskompetenz<\/a><\/p>\n<p style=\"text-align: left;\">Hochschulbibliothek Mainz (JGU): <a href=\"https:\/\/www.hs-mainz.de\/studium\/services\/fachbereichsuebergreifend\/bibliothek\/\" target=\"_blank\" rel=\"noopener noreferrer\">Schulungen<\/a><\/p>\n<p style=\"text-align: left;\">Bibliotheken der Stadt\u00a0Mainz: <a href=\"http:\/\/www.mainz.de\/microsite\/bibliotheken\/rubrik4\/kurse-und-fuehrungen.php\" target=\"_blank\" rel=\"noopener noreferrer\">Kurse und F\u00fchrungen<\/a><\/p>\n<p style=\"text-align: left;\">Universit\u00e4tsbibliothek Mainz: <a href=\"http:\/\/www.ub.uni-mainz.de\/kurse-tutorials\/\" target=\"_blank\" rel=\"noopener noreferrer\">Kurse und Tutorials<\/a><\/p>\n<p style=\"text-align: left;\">Saarl\u00e4ndische Universit\u00e4ts- und Landesbibliothek Saarbr\u00fccken (SULB): <a href=\"https:\/\/www.sulb.uni-saarland.de\/lernorte\/fuehrungen-schulungen-kurse\" target=\"_blank\" rel=\"noopener noreferrer\">F\u00fchrungen, Schulungen, Kurse<\/a><\/p>\n<p style=\"text-align: left;\">Hochschule Trier &#8211; Bibliothek: <a href=\"https:\/\/www.hochschule-trier.de\/hauptcampus\/bibliothek\/service\/schulungen\/\" target=\"_blank\" rel=\"noopener noreferrer\">Schulungen <\/a><\/p>\n<p style=\"text-align: left;\">Stadtbibliothek Weberbach Trier: <a href=\"https:\/\/www.stadtbibliothek-weberbach.de\/wissenschaftliche-bibliothek\/dienstleistungen\/fuehrungen\/\" target=\"_blank\" rel=\"noopener noreferrer\">F\u00fchrung und Einf\u00fchrung ins Recherchieren<\/a><\/p>\n<p style=\"text-align: left;\">Universit\u00e4tsbibliothek Trier: <a href=\"https:\/\/www.uni-trier.de\/index.php?id=7431\" target=\"_blank\" rel=\"noopener noreferrer\">Schulungen<\/a><\/p>\n<p style=\"text-align: left;\">Fachhochschulbibliothek Worms: <a href=\"https:\/\/www.hs-worms.de\/hochschule\/organisationsbereiche\/zentrale-einrichtungen\/bibliothek\/schulung-beratung\/\" target=\"_blank\" rel=\"noopener noreferrer\">Schulungen &amp; Beratung<\/a><\/p>\n","protected":false},"excerpt":{"rendered":"<p>Hochschulbibliothek Umwelt-Campus Birkenfeld:\u00a0Schulungen Hochschulbibliothek Kaiserslautern: Hochschulbibliothek Universit\u00e4tsbibliothek Kaiserslautern-Landau (RPTU): Kurse und Lernorte Universit\u00e4tsbibliothek Koblenz: Schulungen Landesbibliothekszentrum Rheinland-Pfalz (LBZ): Bibliotheksf\u00fchrungen und Schulungen Hochschulbibliothek Ludwigshafen: Vermittlung von Informationskompetenz Hochschulbibliothek Mainz (JGU): Schulungen [&hellip;]<\/p>\n","protected":false},"author":20,"featured_media":0,"parent":257,"menu_order":2,"comment_status":"closed","ping_status":"closed","template":"","meta":{"footnotes":""},"class_list":["post-570","page","type-page","status-publish","hentry"],"_links":{"self":[{"href":"https:\/\/www.informationskompetenz.de\/index.php\/wp-json\/wp\/v2\/pages\/570","targetHints":{"allow":["GET"]}}],"collection":[{"href":"https:\/\/www.informationskompetenz.de\/index.php\/wp-json\/wp\/v2\/pages"}],"about":[{"href":"https:\/\/www.informationskompetenz.de\/index.php\/wp-json\/wp\/v2\/types\/page"}],"author":[{"embeddable":true,"href":"https:\/\/www.informationskompetenz.de\/index.php\/wp-json\/wp\/v2\/users\/20"}],"replies":[{"embeddable":true,"href":"https:\/\/www.informationskompetenz.de\/index.php\/wp-json\/wp\/v2\/comments?post=570"}],"version-history":[{"count":26,"href":"https:\/\/www.informationskompetenz.de\/index.php\/wp-json\/wp\/v2\/pages\/570\/revisions"}],"predecessor-version":[{"id":5086,"href":"https:\/\/www.informationskompetenz.de\/index.php\/wp-json\/wp\/v2\/pages\/570\/revisions\/5086"}],"up":[{"embeddable":true,"href":"https:\/\/www.informationskompetenz.de\/index.php\/wp-json\/wp\/v2\/pages\/257"}],"wp:attachment":[{"href":"https:\/\/www.informationskompetenz.de\/index.php\/wp-json\/wp\/v2\/media?parent=570"}],"curies":[{"name":"wp","href":"https:\/\/api.w.org\/{rel}","templated":true}]}}