{"id":764,"date":"2015-07-22T09:55:50","date_gmt":"2015-07-22T07:55:50","guid":{"rendered":"http:\/\/wp.informationskompetenz.de\/?page_id=764"},"modified":"2015-07-22T10:01:21","modified_gmt":"2015-07-22T08:01:21","slug":"ag-ik-in-nrw-archiv","status":"publish","type":"page","link":"https:\/\/www.informationskompetenz.de\/index.php\/regionen\/nordrhein-westfalen\/ag-ik-in-nrw-archiv\/","title":{"rendered":"AG IK in NRW: Archiv"},"content":{"rendered":"<p><strong>Sitzungsprotokolle<\/strong><\/p>\n<ul>\n<li><a href=\"http:\/\/www.informationskompetenz.de\/wp-content\/uploads\/2015\/07\/agik_nrw_prot_020228.pdf\">28. Februar 2002 in Bonn<\/a><\/li>\n<li><a href=\"http:\/\/www.informationskompetenz.de\/wp-content\/uploads\/2015\/07\/agik_nrw_prot_020417.pdf\">17. April 2002 in Bonn<\/a><\/li>\n<li><a href=\"http:\/\/www.informationskompetenz.de\/wp-content\/uploads\/2015\/07\/agik_nrw_prot_020507.pdf\">07. Mai 2002 in M\u00fcnster<\/a><\/li>\n<li><a href=\"http:\/\/www.informationskompetenz.de\/wp-content\/uploads\/2015\/07\/agik_nrw_prot_020702.pdf\">02. Juli 2002 in Bonn<\/a><\/li>\n<li><a href=\"http:\/\/www.informationskompetenz.de\/wp-content\/uploads\/2015\/07\/agik_nrw_zwischenbericht-0207.pdf\">Zwischenbericht Juli 2002<\/a><\/li>\n<li><a href=\"http:\/\/www.informationskompetenz.de\/wp-content\/uploads\/2015\/07\/agik_nrw_prot_020926.pdf\">26. September 2002 in Bonn<\/a><\/li>\n<li><a href=\"http:\/\/www.informationskompetenz.de\/wp-content\/uploads\/2015\/07\/agik_nrw_prot_030409.pdf\">09. April 2003 in Duisburg<\/a><\/li>\n<li><a href=\"http:\/\/www.informationskompetenz.de\/wp-content\/uploads\/2015\/07\/agik_nrw_prot_030725.pdf\">25. Juli 2003 in Bonn<\/a><\/li>\n<li><a href=\"http:\/\/www.informationskompetenz.de\/wp-content\/uploads\/2015\/07\/agik_nrw_prot_041005.pdf\">28. September 2004 in Bonn<\/a><\/li>\n<li><a href=\"http:\/\/www.informationskompetenz.de\/wp-content\/uploads\/2015\/07\/agik_nrw_prot_050510.pdf\">02. Mai 2005 in Bonn<\/a><\/li>\n<li><a href=\"http:\/\/www.informationskompetenz.de\/wp-content\/uploads\/2015\/07\/agik_nrw_prot_050915.pdf\">15. September 2005 in Bonn<\/a><\/li>\n<li><a href=\"http:\/\/www.informationskompetenz.de\/wp-content\/uploads\/2015\/07\/agik_nrw_prot_060619.pdf\">19. Juni 2006 in Bonn<\/a><a href=\"http:\/\/www.informationskompetenz.de\/wp-content\/uploads\/2015\/07\/agik_nrw_prot_070315.pdf\">15. M\u00e4rz 2007 in Bonn<\/a><\/li>\n<li><a href=\"http:\/\/www.informationskompetenz.de\/wp-content\/uploads\/2015\/07\/agik_nrw_prot_071206.pdf\">06. Dezember 2007 in Bonn<\/a><\/li>\n<li><a href=\"http:\/\/www.informationskompetenz.de\/wp-content\/uploads\/2015\/07\/agik_nrw_prot_080506.pdf\">06. Mai 2008 in Sankt Augustin<\/a><\/li>\n<li><a href=\"http:\/\/www.informationskompetenz.de\/wp-content\/uploads\/2015\/07\/agik_nrw_prot_090507.pdf\">16. M\u00e4rz 2009 in Bonn<\/a><\/li>\n<li><a href=\"http:\/\/www.informationskompetenz.de\/wp-content\/uploads\/2015\/07\/agik_nrw-prot_100309.pdf\">09. M\u00e4rz 2010 in Bonn<\/a><\/li>\n<\/ul>\n<p><strong>2004: Workshop Informationskompetenz als Schl\u00fcsselqualifikation in den Bachelorstudieng\u00e4ngen<\/strong><\/p>\n<ul>\n<li><a href=\"http:\/\/www.informationskompetenz.de\/wp-content\/uploads\/2015\/07\/workshop_ba_040311_protokoll.pdf\">Protokoll<\/a><\/li>\n<li><a href=\"http:\/\/www.informationskompetenz.de\/wp-content\/uploads\/2015\/07\/Uebersicht-Bachelor-NRW.pdf\">Aktueller Stand in NRW<\/a><\/li>\n<li><a href=\"http:\/\/www.informationskompetenz.de\/wp-content\/uploads\/2015\/07\/ba_ub-bochum.pdf\">Der Optionalbereich in den B.A.-Studieng\u00e4ngen der Universit\u00e4t Bochum und die Rolle der Universit\u00e4tsbibliothek<\/a><\/li>\n<li><a href=\"http:\/\/www.informationskompetenz.de\/wp-content\/uploads\/2015\/07\/ba_ub-freiburg.pdf\">Der Optionalbereich in den B.A.-Studieng\u00e4ngen der Universit\u00e4t Freiburg und die Rolle der Universit\u00e4tsbibliothek<\/a><\/li>\n<\/ul>\n<p>Kurzvortr\u00e4ge zur Situation an einzelnen Hochschulen:<\/p>\n<ul>\n<li><a href=\"http:\/\/www.informationskompetenz.de\/wp-content\/uploads\/2015\/07\/ba_ulb-bonn.pdf\">Universit\u00e4t Bonn<\/a><\/li>\n<li><a href=\"http:\/\/www.informationskompetenz.de\/wp-content\/uploads\/2015\/07\/ba_fh-bielefeld.pdf\">Fachhochschule Bielefeld<\/a><\/li>\n<li><a href=\"http:\/\/www.informationskompetenz.de\/wp-content\/uploads\/2015\/07\/ba_campus-duisburg.pdf\">Universit\u00e4t Duisburg-Essen<\/a><\/li>\n<li><a href=\"http:\/\/www.informationskompetenz.de\/wp-content\/uploads\/2015\/07\/ba_ulb-muenster.pdf\">Universit\u00e4t M\u00fcnster<\/a><\/li>\n<\/ul>\n<p><strong>2005: Plakate<br \/>\n<\/strong><\/p>\n<p>Anl\u00e4sslich einer Posterpr\u00e4sentation auf dem Bibiothekartag 2005 entwickelten die Mulitplikatoren NRW zusammen mit Annabelle Lyhs eine Reihe von Plakaten, mit denen die Anforderungen an die Vermittlung von Informationskompetenz an Hochschulen dargestellt werden.<\/p>\n<ul>\n<li><a href=\"http:\/\/www.informationskompetenz.de\/wp-content\/uploads\/2015\/07\/erstes_plakat.pdf\">Anfang der Reihe<\/a><\/li>\n<li><a href=\"http:\/\/www.informationskompetenz.de\/wp-content\/uploads\/2015\/07\/bekannt.pdf\">bekannt<\/a><\/li>\n<li><a href=\"http:\/\/www.informationskompetenz.de\/wp-content\/uploads\/2015\/07\/gemeinsam.pdf\">gemeinsam<\/a><\/li>\n<li><a href=\"http:\/\/www.informationskompetenz.de\/wp-content\/uploads\/2015\/07\/fuer_alle.pdf\">f\u00fcr Alle<\/a><\/li>\n<li><a href=\"http:\/\/www.informationskompetenz.de\/wp-content\/uploads\/2015\/07\/geruestet.pdf\">ger\u00fcstet<\/a><\/li>\n<li><a href=\"http:\/\/www.informationskompetenz.de\/wp-content\/uploads\/2015\/07\/professionell.pdf\">professionell<\/a><\/li>\n<li><a href=\"http:\/\/www.informationskompetenz.de\/wp-content\/uploads\/2015\/07\/punkten.pdf\">punkten<\/a><\/li>\n<li><a href=\"http:\/\/www.informationskompetenz.de\/wp-content\/uploads\/2015\/07\/verbunden.pdf\">verbunden<\/a><\/li>\n<li><a href=\"http:\/\/www.informationskompetenz.de\/wp-content\/uploads\/2015\/07\/virtuell.pdf\">virtuell<\/a><\/li>\n<li><a href=\"http:\/\/www.informationskompetenz.de\/wp-content\/uploads\/2015\/07\/letztes_plakat.pdf\">Ende der Reihe<\/a><\/li>\n<\/ul>\n<p>&nbsp;<\/p>\n<p>&nbsp;<\/p>\n<p>&nbsp;<\/p>\n<p>&nbsp;<\/p>\n","protected":false},"excerpt":{"rendered":"<p>Sitzungsprotokolle 28. Februar 2002 in Bonn 17. April 2002 in Bonn 07. Mai 2002 in M\u00fcnster 02. Juli 2002 in Bonn Zwischenbericht Juli 2002 26. September 2002 in Bonn 09. [&hellip;]<\/p>\n","protected":false},"author":18,"featured_media":0,"parent":255,"menu_order":90,"comment_status":"closed","ping_status":"open","template":"","meta":{"footnotes":""},"class_list":["post-764","page","type-page","status-publish","hentry"],"_links":{"self":[{"href":"https:\/\/www.informationskompetenz.de\/index.php\/wp-json\/wp\/v2\/pages\/764","targetHints":{"allow":["GET"]}}],"collection":[{"href":"https:\/\/www.informationskompetenz.de\/index.php\/wp-json\/wp\/v2\/pages"}],"about":[{"href":"https:\/\/www.informationskompetenz.de\/index.php\/wp-json\/wp\/v2\/types\/page"}],"author":[{"embeddable":true,"href":"https:\/\/www.informationskompetenz.de\/index.php\/wp-json\/wp\/v2\/users\/18"}],"replies":[{"embeddable":true,"href":"https:\/\/www.informationskompetenz.de\/index.php\/wp-json\/wp\/v2\/comments?post=764"}],"version-history":[{"count":15,"href":"https:\/\/www.informationskompetenz.de\/index.php\/wp-json\/wp\/v2\/pages\/764\/revisions"}],"predecessor-version":[{"id":822,"href":"https:\/\/www.informationskompetenz.de\/index.php\/wp-json\/wp\/v2\/pages\/764\/revisions\/822"}],"up":[{"embeddable":true,"href":"https:\/\/www.informationskompetenz.de\/index.php\/wp-json\/wp\/v2\/pages\/255"}],"wp:attachment":[{"href":"https:\/\/www.informationskompetenz.de\/index.php\/wp-json\/wp\/v2\/media?parent=764"}],"curies":[{"name":"wp","href":"https:\/\/api.w.org\/{rel}","templated":true}]}}