{"id":903,"date":"2015-09-23T13:55:28","date_gmt":"2015-09-23T11:55:28","guid":{"rendered":"http:\/\/wp.informationskompetenz.de\/?page_id=903"},"modified":"2021-04-22T14:25:38","modified_gmt":"2021-04-22T12:25:38","slug":"mitglieder-der-ag-informationskompetenz-des-bvb-agik-bay","status":"publish","type":"page","link":"https:\/\/www.informationskompetenz.de\/index.php\/regionen\/bayern\/mitglieder-der-ag-informationskompetenz-des-bvb-agik-bay\/","title":{"rendered":"Mitglieder der AG Informationskompetenz des BVB (AGIK BAY)"},"content":{"rendered":"<p class=\"bodytext\">Aktuelle Mitglieder der AGIK Bayern:<\/p>\n<ul>\n<li><a href=\"mailto:stefanie.aufschnaiter@ur.de\">Stefanie Aufschnaiter<\/a>, UB Regensburg<\/li>\n<li><a href=\"mailto:marco.becker@bsb-muenchen.de\">Marco Becker<\/a>, BSB M\u00fcnchen<\/li>\n<li><a href=\"mailto:gabriele.bluemig@bibliothek.uni-wuerzburg.de\">Dr. Gabriele Bl\u00fcmig<\/a>, UB W\u00fcrzburg<\/li>\n<li><a href=\"mailto:fabian.franke@uni-bamberg.de\">Dr. Fabian Franke<\/a>, UB Bamberg (Vorsitzender)<\/li>\n<li><a href=\"mailto:Sonja.Haerkoenen@bibliothek.uni-augsburg.de\">Sonja H\u00e4rk\u00f6nen<\/a>, UB Augsburg<\/li>\n<li><a href=\"mailto:jens.hofmann@fau.de\">Dr. Jens Hofmann<\/a>, UB Erlangen-N\u00fcrnberg<\/li>\n<li><a href=\"mailto:martin.knab@hm.edu\">Martin Knab<\/a>, HB M\u00fcnchen<\/li>\n<li><a href=\"mailto:caroline.leiss@ub.tum.de\">Dr. Caroline Lei\u00df<\/a>, UB TUM M\u00fcnchen<\/li>\n<li><a href=\"mailto:christiane.maibach@ku.de\">Christiane Maibach<\/a>, UB Eichst\u00e4tt-Ingolstadt<\/li>\n<li><a href=\"mailto:corinna.meinel@uni-passau.de\">Corinna Meinel<\/a>, UB Passau<\/li>\n<li><a href=\"mailto:cathrin.mueller@uni-bamberg.de\">Cathrin M\u00fcller<\/a>, UB Bamberg<\/li>\n<li><a href=\"mailto:raphaela.schneider@th-nuernberg.de\">Raphaela Schneider<\/a>, Bibliothek der Technischen Hochschule N\u00fcrnberg<\/li>\n<li><a href=\"mailto:m.pastuska@oth-aw.de\">Monika Pastuska<\/a>, Bibliothek der Ostbayerischen Technischen Hochschule Amberg-Weiden<\/li>\n<li><a href=\"mailto:Katja.Seyerlein@fhws.de\">Katja Seyerlein,<\/a> HB W\u00fcrzburg<\/li>\n<li><a href=\"mailto:Naoka.Werr@bsb-muenchen.de\">Dr. Naoka Werr<\/a>, Hochschule f\u00fcr den \u00f6ffentlichen Dienst in Bayern, Fachbereich Archiv- und Bibliothekswesen, M\u00fcnchen (Stellvertr. Vorsitzende)<\/li>\n<\/ul>\n<p>&nbsp;<\/p>\n","protected":false},"excerpt":{"rendered":"<p>Aktuelle Mitglieder der AGIK Bayern: Stefanie Aufschnaiter, UB Regensburg Marco Becker, BSB M\u00fcnchen Dr. Gabriele Bl\u00fcmig, UB W\u00fcrzburg Dr. Fabian Franke, UB Bamberg (Vorsitzender) Sonja H\u00e4rk\u00f6nen, UB Augsburg Dr. Jens [&hellip;]<\/p>\n","protected":false},"author":15,"featured_media":0,"parent":239,"menu_order":20,"comment_status":"closed","ping_status":"closed","template":"","meta":{"footnotes":""},"class_list":["post-903","page","type-page","status-publish","hentry"],"_links":{"self":[{"href":"https:\/\/www.informationskompetenz.de\/index.php\/wp-json\/wp\/v2\/pages\/903","targetHints":{"allow":["GET"]}}],"collection":[{"href":"https:\/\/www.informationskompetenz.de\/index.php\/wp-json\/wp\/v2\/pages"}],"about":[{"href":"https:\/\/www.informationskompetenz.de\/index.php\/wp-json\/wp\/v2\/types\/page"}],"author":[{"embeddable":true,"href":"https:\/\/www.informationskompetenz.de\/index.php\/wp-json\/wp\/v2\/users\/15"}],"replies":[{"embeddable":true,"href":"https:\/\/www.informationskompetenz.de\/index.php\/wp-json\/wp\/v2\/comments?post=903"}],"version-history":[{"count":21,"href":"https:\/\/www.informationskompetenz.de\/index.php\/wp-json\/wp\/v2\/pages\/903\/revisions"}],"predecessor-version":[{"id":4750,"href":"https:\/\/www.informationskompetenz.de\/index.php\/wp-json\/wp\/v2\/pages\/903\/revisions\/4750"}],"up":[{"embeddable":true,"href":"https:\/\/www.informationskompetenz.de\/index.php\/wp-json\/wp\/v2\/pages\/239"}],"wp:attachment":[{"href":"https:\/\/www.informationskompetenz.de\/index.php\/wp-json\/wp\/v2\/media?parent=903"}],"curies":[{"name":"wp","href":"https:\/\/api.w.org\/{rel}","templated":true}]}}