{"id":941,"date":"2015-09-23T16:50:25","date_gmt":"2015-09-23T14:50:25","guid":{"rendered":"http:\/\/wp.informationskompetenz.de\/?page_id=941"},"modified":"2015-10-01T14:28:08","modified_gmt":"2015-10-01T12:28:08","slug":"schulungsstatistik-2009","status":"publish","type":"page","link":"https:\/\/www.informationskompetenz.de\/index.php\/regionen\/bayern\/schulungsstatistik-2009\/","title":{"rendered":"IK-Veranstaltungsstatistik Bayern 2009"},"content":{"rendered":"<p class=\"bodytext\">Im Jahr 2009 beteiligten sich 20 bayerische Bibliotheken an der gemeinsamen Schulungststatistik: Bibliothek der Hochschule Aschaffenburg, UB Bamberg, UB der TU M\u00fcnchen, UB Eichst\u00e4tt, Bibliothek der Hochschule Augsburg, Bibliothek der Hochschule Amberg-Weiden, Bibliothek der Hochschule Ansbach, Bibliothek der Hochschule Kempten, Bibliothek der Hochschule Neu-Ulm, Bibliothek der Hochschule Regensburg, Bibliothek der Fachhochschule W\u00fcrzburg-Schweinfurt, UB M\u00fcnchen, UB Passau, UB W\u00fcrzburg, UB Augsburg, UB Regensburg, UB Erlangen-N\u00fcrnberg, Bibliothek der Fachhochschule Deggendorf, Universit\u00e4tsbibliothek der Bundeswehr M\u00fcnchen, Landesbibliothek Coburg.<\/p>\n<p class=\"bodytext\">53.300 Teilnehmer wurden im Jahr 2009 in 3.142 verschiedenen Veranstaltungen geschult. 44% der Teilnehmer waren Studierende im Grundstudium oder in BA-Studieng\u00e4ngen. Aber auch Studierende im Hauptstudium und in MA-Studieng\u00e4ngen (19%) sowie Sch\u00fcler (26%) waren wichtige Zielgruppen.<\/p>\n<p class=\"bodytext\">Fachungebunden waren 42% der Veranstaltungen. Die Geisteswissenschaften und die Sozial-, Wirtschaftswissenschfaten und Jura folgten mit 23%. Ingenieurswissenschaften und Naturwissenschaften\/Medizin waren mit jeweils 6% beteiligt.<\/p>\n<p class=\"bodytext\">Die meisten Schulungen umfassten eine Sitzung (98%) und dauerten unter 90 Minuten (49%). Die Mehrheit der Schulungen sind eigenst\u00e4ndige Bibliotheksveranstaltungen ohne Einbindung in Lehrpl\u00e4ne (83%), aber 16% der Schulungen sind integriert in universit\u00e4re Veranstaltungen.<\/p>\n<p class=\"bodytext\">Bibliothekare und Bibliothekarinnen des gehobenen Dienstes waren am st\u00e4rksten an den Schulungen beteiligt (78,42%). Bei 23,14% der Veranstaltungen waren Dozentinnen und Dozenten des h\u00f6heren Dienstes im Einsatz.<\/p>\n<p class=\"bodytext\">88,32% der Veranstaltungen waren didaktisch ganz oder teilweise als Vortr\u00e4ge oder Pr\u00e4sentationen gestaltet. Dies wurde jedoch in 54,07% der Veranstaltungen durch praktische \u00dcbungen und 2,77% durch Selbstlernphasen (E-Learning) erg\u00e4nzt.<\/p>\n<p class=\"bodytext\">Bei den inhaltlichen Schwerpunkten dominierten die Bibliotheksbenutzung (67,70%) und einzelne Kataloge und Datenbanken (59,23%) sowie Suchstrategien und Suchtechniken (45%). Gegen\u00fcber den Vorjahren hat die Bedeutung der Internetrecherche deutlich abgenommen: Sie wird jetzt nur noch in rund 13% der Veranstaltungen thematisiert.<\/p>\n<p class=\"bodytext\"><strong>Die detaillierte Auswertung (PDF):<\/strong><\/p>\n<p class=\"bodytext\"><a href=\"http:\/\/www.informationskompetenz.de\/wp-content\/uploads\/2015\/09\/Statistik_der_Schulungen_in_Bayern_2009_Tabellen.pdf\">Tabellarische Kurzdarstellung<\/a><\/p>\n<p class=\"bodytext\"><strong>Die grafische Auswertung (PDFs):<\/strong><\/p>\n<ul>\n<li><a href=\"http:\/\/www.informationskompetenz.de\/wp-content\/uploads\/2015\/09\/Bayern_2009_Veranstaltungsdauer.pdf\">Veranstaltungsdauer<\/a><\/li>\n<li><a href=\"http:\/\/www.informationskompetenz.de\/wp-content\/uploads\/2015\/09\/Bayern_2009_Sitzungen.pdf\">Anzahl der Sitzungen<\/a><\/li>\n<li><a href=\"http:\/\/www.informationskompetenz.de\/wp-content\/uploads\/2015\/09\/Bayern_2009_Teilnehmer_pro_Veranstaltungen.pdf\">TeilnehmerInnen pro Veranstaltung<\/a><\/li>\n<li><a href=\"http:\/\/www.informationskompetenz.de\/wp-content\/uploads\/2015\/09\/Bayern_2009_Organisatorische_Form.pdf\">Organisatorische Form<\/a><\/li>\n<li><a href=\"http:\/\/www.informationskompetenz.de\/wp-content\/uploads\/2015\/09\/Bayern_2009_Didaktische_Form.pdf\">Didaktische Form<\/a><\/li>\n<li><a href=\"http:\/\/www.informationskompetenz.de\/wp-content\/uploads\/2015\/09\/Bayern_2009_Niveau.pdf\">Niveau<\/a><\/li>\n<li><a href=\"http:\/\/www.informationskompetenz.de\/wp-content\/uploads\/2015\/09\/Bayern_2009_Integration.pdf\">Integration in das Lehrangebot der Hochschule<\/a><\/li>\n<li><a href=\"http:\/\/www.informationskompetenz.de\/wp-content\/uploads\/2015\/09\/Bayern_2009_Fachliche_Ausrichtung.pdf\">Fachliche Ausrichtung<\/a><a href=\"http:\/\/www.informationskompetenz.de\/wp-content\/uploads\/2015\/09\/Bayern_2009_Dozenten_innen.pdf\">DozentInnen<\/a><\/li>\n<li><a href=\"http:\/\/www.informationskompetenz.de\/wp-content\/uploads\/2015\/09\/Bayern_2009_Zielgruppe.pdf\">Zielgruppen<\/a><\/li>\n<li><a href=\"http:\/\/www.informationskompetenz.de\/wp-content\/uploads\/2015\/09\/Bayern_2009_Inhaltliche_Schwerpunkte.pdf\">Inhaltliche Schwerpunkte<\/a><\/li>\n<\/ul>\n<table class=\"contenttable\" border=\"0\" width=\"416\" cellspacing=\"0\" cellpadding=\"0\">\n<colgroup>\n<col width=\"290\" \/><\/colgroup>\n<tbody>\n<tr>\n<td width=\"290\" height=\"19\"><\/td>\n<\/tr>\n<\/tbody>\n<\/table>\n","protected":false},"excerpt":{"rendered":"<p>Im Jahr 2009 beteiligten sich 20 bayerische Bibliotheken an der gemeinsamen Schulungststatistik: Bibliothek der Hochschule Aschaffenburg, UB Bamberg, UB der TU M\u00fcnchen, UB Eichst\u00e4tt, Bibliothek der Hochschule Augsburg, Bibliothek der [&hellip;]<\/p>\n","protected":false},"author":15,"featured_media":0,"parent":239,"menu_order":11,"comment_status":"closed","ping_status":"closed","template":"","meta":{"footnotes":""},"class_list":["post-941","page","type-page","status-publish","hentry"],"_links":{"self":[{"href":"https:\/\/www.informationskompetenz.de\/index.php\/wp-json\/wp\/v2\/pages\/941","targetHints":{"allow":["GET"]}}],"collection":[{"href":"https:\/\/www.informationskompetenz.de\/index.php\/wp-json\/wp\/v2\/pages"}],"about":[{"href":"https:\/\/www.informationskompetenz.de\/index.php\/wp-json\/wp\/v2\/types\/page"}],"author":[{"embeddable":true,"href":"https:\/\/www.informationskompetenz.de\/index.php\/wp-json\/wp\/v2\/users\/15"}],"replies":[{"embeddable":true,"href":"https:\/\/www.informationskompetenz.de\/index.php\/wp-json\/wp\/v2\/comments?post=941"}],"version-history":[{"count":9,"href":"https:\/\/www.informationskompetenz.de\/index.php\/wp-json\/wp\/v2\/pages\/941\/revisions"}],"predecessor-version":[{"id":1331,"href":"https:\/\/www.informationskompetenz.de\/index.php\/wp-json\/wp\/v2\/pages\/941\/revisions\/1331"}],"up":[{"embeddable":true,"href":"https:\/\/www.informationskompetenz.de\/index.php\/wp-json\/wp\/v2\/pages\/239"}],"wp:attachment":[{"href":"https:\/\/www.informationskompetenz.de\/index.php\/wp-json\/wp\/v2\/media?parent=941"}],"curies":[{"name":"wp","href":"https:\/\/api.w.org\/{rel}","templated":true}]}}